{"id":49383,"date":"2020-07-21T10:47:24","date_gmt":"2020-07-21T10:47:24","guid":{"rendered":"http:\/\/www.mirsa.es.mialias.net\/mesa-fourmore-desalto\/"},"modified":"2021-01-20T09:13:20","modified_gmt":"2021-01-20T09:13:20","slug":"mesa-fourmore-desalto","status":"publish","type":"page","link":"https:\/\/www.mirsa.es\/ca\/mesa-fourmore-desalto\/","title":{"rendered":"Taula Fourmore Desalto"},"content":{"rendered":"<div class=\"wpb-content-wrapper\"><p>[vc_row][vc_column][vc_column_text]<\/p>\n<h5><img decoding=\"async\" class=\"wp-image-1077 size-large aligncenter\" title=\"Taula Fourmore Desalto\" src=\"\/wp-content\/uploads\/2020\/07\/mesa_fourmore_desalto.jpg\" alt=\"Taula Fourmore Desalto\" width=\"100%\" height=\"400\" \/><\/h5>\n<p style=\"font-size: 16px; text-align: left;\"><strong>Fourmore de la prestigiosa firma italiana Desalto \u00e9s una elegant i exclusiva taula d\u2019estil contemporani patentada pel reconegut dissenyador Gordon Guillaumier.<\/strong><\/p>\n<p style=\"font-size: 16px; text-align: left;\">Es tracta d\u2019una taula de menjador extensible, una pe\u00e7a minimalista que es el resultat de la combinaci\u00f3n perfecta entre lleugeresa i funcionalitat. La col\u00b7lecci\u00f3 est\u00e1 disponible en diversos colors i acabats, oferint aix\u00ed m\u00faltiples opcions de configuraci\u00f3n i personalitzaci\u00f3.<\/p>\n<p style=\"font-size: 16px; text-align: left;\">El taulell es presenta en fusta xapada en roure clar o fosc amb el marc d\u2019hacer lacat, enfatitzant la lleugeresa i l\u2019eleg\u00e0ncia del seu perfil.\n<\/p>\n<p style=\"font-size: 16px; text-align: left;\">A MIRSA interiorisme &#038; mobiliari som distribu\u00efdors oficials Desalto. Per a m\u00e9s informaci\u00f3, visiti el nostre Showroom o contacti amb nosaltres.\n<\/p>\n<p>[\/vc_column_text][vc_row_inner][vc_column_inner]<style type=\"text\/css\">#bklyn_btn_69d1684487ebf .bklyn-btn { color:#ffffff !important; background-color:black !important; }<\/style><div id=\"bklyn_btn_69d1684487ebf\" class=\"bklyn-btn-holder  bklyn-btn-center bklyn-btn-tablet-center bklyn-btn-mobile-center\"><a title=\"\"   href=\"#\" target=\"_self\" class=\"bklyn-btn  icon-only bklyn-btn-icon-left bklyn-btn-normal\" ><i class=\"fa fa-envelope\"><\/i><span class=\"ut-btn-text\"><\/span><\/a><\/div>[\/vc_column_inner][\/vc_row_inner][\/vc_column][\/vc_row]<\/p>\n<\/div>","protected":false},"excerpt":{"rendered":"<p>[vc_row][vc_column][vc_column_text] Fourmore de la prestigiosa firma italiana Desalto \u00e9s una elegant i exclusiva taula d\u2019estil contemporani patentada pel reconegut dissenyador Gordon Guillaumier. Es tracta d\u2019una taula de menjador extensible, una pe\u00e7a minimalista que es el resultat de la combinaci\u00f3n perfecta entre lleugeresa i funcionalitat. La col\u00b7lecci\u00f3 est\u00e1 disponible en diversos colors i acabats, oferint aix\u00ed [&hellip;]<\/p>\n","protected":false},"author":1,"featured_media":0,"parent":0,"menu_order":0,"comment_status":"closed","ping_status":"closed","template":"","meta":{"footnotes":""},"class_list":["post-49383","page","type-page","status-publish","hentry"],"aioseo_notices":[],"_links":{"self":[{"href":"https:\/\/www.mirsa.es\/ca\/wp-json\/wp\/v2\/pages\/49383","targetHints":{"allow":["GET"]}}],"collection":[{"href":"https:\/\/www.mirsa.es\/ca\/wp-json\/wp\/v2\/pages"}],"about":[{"href":"https:\/\/www.mirsa.es\/ca\/wp-json\/wp\/v2\/types\/page"}],"author":[{"embeddable":true,"href":"https:\/\/www.mirsa.es\/ca\/wp-json\/wp\/v2\/users\/1"}],"replies":[{"embeddable":true,"href":"https:\/\/www.mirsa.es\/ca\/wp-json\/wp\/v2\/comments?post=49383"}],"version-history":[{"count":0,"href":"https:\/\/www.mirsa.es\/ca\/wp-json\/wp\/v2\/pages\/49383\/revisions"}],"wp:attachment":[{"href":"https:\/\/www.mirsa.es\/ca\/wp-json\/wp\/v2\/media?parent=49383"}],"curies":[{"name":"wp","href":"https:\/\/api.w.org\/{rel}","templated":true}]}}