{"id":49374,"date":"2019-03-08T12:45:32","date_gmt":"2019-03-08T11:45:32","guid":{"rendered":"http:\/\/www.mirsa.es.mialias.net\/mesa-font-kristalia\/"},"modified":"2021-01-19T17:54:24","modified_gmt":"2021-01-19T17:54:24","slug":"mesa-font-kristalia","status":"publish","type":"page","link":"https:\/\/www.mirsa.es\/ca\/mesa-font-kristalia\/","title":{"rendered":"Taula Font Kristalia"},"content":{"rendered":"<div class=\"wpb-content-wrapper\"><p>[vc_row][vc_column][vc_column_text]<\/p>\n<h5><img decoding=\"async\" class=\"wp-image-1077 size-large aligncenter\" title=\"Taula Font Kristalia\" src=\"\/wp-content\/uploads\/2020\/07\/mesa_auxiliar_font_kristalia_01.jpg\" alt=\"Taula Font Kristalia\" width=\"100%\" height=\"400\" \/><\/h5>\n<p style=\"font-size: 16px; text-align: left;\"><strong>Font \u00e9s la nova col\u00b7lecci\u00f3 de taules auxiliars patentada pel prestigi\u00f3s despatx d\u2019arquitectura suec Claesson Koivisto Rune per a la firma italiana Kristalia.<\/strong><\/p>\n<p style=\"font-size: 16px; text-align: left;\">La col\u00b7lecci\u00f3, com el seu propi nom indica, s\u2019inspira en un car\u00e0cter tipogr\u00e0fic. Gr\u00e0cies a la seva versatilitat i polival\u00e8ncia, la taula s\u2019adapta amb facilitat a qualsevol espai, oferint fins i tot solucions per al dormitori com a tauleta de nit.<\/p>\n<p style=\"font-size: 16px; text-align: left;\">Font est\u00e0 disponible en dos acabats diferents: texturat i escultural en una espectacular versi\u00f3 minimalista en Cristalplant blanc \u00ae i en versi\u00f3 or fosc de ciment.<\/p>\n<p style=\"font-size: 16px; text-align: left;\">Kristalia s\u2019adapta a les noves tecnologies i incorpora una entrada USB per a poder carregar tota mena de dispositius el\u00e8ctrics.<\/p>\n<p style=\"font-size: 16px; text-align: left;\">A MIRSA interiorisme &#038; mobiliari som distribu\u00efdors oficials Kristalia. Per a m\u00e9s informaci\u00f3, visiti el nostre Showroom o contacti amb nosaltres.\n<\/p>\n<p>[\/vc_column_text][vc_row_inner][vc_column_inner]<style type=\"text\/css\">#bklyn_btn_69d256315fe00 .bklyn-btn { color:#ffffff !important; background-color:black !important; }<\/style><div id=\"bklyn_btn_69d256315fe00\" class=\"bklyn-btn-holder  bklyn-btn-center bklyn-btn-tablet-center bklyn-btn-mobile-center\"><a title=\"Contacto\"   href=\"\/contacto\" target=\"_self\" class=\"bklyn-btn  bklyn-btn-icon-left bklyn-btn-normal\" ><i class=\"fa fa-envelope\"><\/i><span class=\"ut-btn-text\">M\u00e9s informaci\u00f3<\/span><\/a><\/div>[\/vc_column_inner][\/vc_row_inner][\/vc_column][\/vc_row]<\/p>\n<\/div>","protected":false},"excerpt":{"rendered":"<p>[vc_row][vc_column][vc_column_text] Font \u00e9s la nova col\u00b7lecci\u00f3 de taules auxiliars patentada pel prestigi\u00f3s despatx d\u2019arquitectura suec Claesson Koivisto Rune per a la firma italiana Kristalia. La col\u00b7lecci\u00f3, com el seu propi nom indica, s\u2019inspira en un car\u00e0cter tipogr\u00e0fic. Gr\u00e0cies a la seva versatilitat i polival\u00e8ncia, la taula s\u2019adapta amb facilitat a qualsevol espai, oferint fins i [&hellip;]<\/p>\n","protected":false},"author":1,"featured_media":0,"parent":0,"menu_order":0,"comment_status":"closed","ping_status":"closed","template":"","meta":{"footnotes":""},"class_list":["post-49374","page","type-page","status-publish","hentry"],"aioseo_notices":[],"_links":{"self":[{"href":"https:\/\/www.mirsa.es\/ca\/wp-json\/wp\/v2\/pages\/49374","targetHints":{"allow":["GET"]}}],"collection":[{"href":"https:\/\/www.mirsa.es\/ca\/wp-json\/wp\/v2\/pages"}],"about":[{"href":"https:\/\/www.mirsa.es\/ca\/wp-json\/wp\/v2\/types\/page"}],"author":[{"embeddable":true,"href":"https:\/\/www.mirsa.es\/ca\/wp-json\/wp\/v2\/users\/1"}],"replies":[{"embeddable":true,"href":"https:\/\/www.mirsa.es\/ca\/wp-json\/wp\/v2\/comments?post=49374"}],"version-history":[{"count":0,"href":"https:\/\/www.mirsa.es\/ca\/wp-json\/wp\/v2\/pages\/49374\/revisions"}],"wp:attachment":[{"href":"https:\/\/www.mirsa.es\/ca\/wp-json\/wp\/v2\/media?parent=49374"}],"curies":[{"name":"wp","href":"https:\/\/api.w.org\/{rel}","templated":true}]}}