{"id":49336,"date":"2020-08-12T10:58:03","date_gmt":"2020-08-12T10:58:03","guid":{"rendered":"http:\/\/www.mirsa.es.mialias.net\/mesa-dozequinze-gandia-blasco\/"},"modified":"2021-01-19T11:33:46","modified_gmt":"2021-01-19T11:33:46","slug":"mesa-dozequinze-gandia-blasco","status":"publish","type":"page","link":"https:\/\/www.mirsa.es\/ca\/mesa-dozequinze-gandia-blasco\/","title":{"rendered":"Taula DozeQuinze Gandia Blasco"},"content":{"rendered":"<div class=\"wpb-content-wrapper\"><p>[vc_row][vc_column][vc_column_text]<\/p>\n<h5><img decoding=\"async\" class=\"wp-image-1077 size-large aligncenter\" title=\"Taula DozeQuinze Gandia Blasco\" src=\"\/wp-content\/uploads\/2020\/08\/mesa_dozequinze_gandia_blasco.jpg\" alt=\"Taula DozeQuinze Gandia Blasco\" width=\"100%\" height=\"400\" \/><\/h5>\n<p style=\"font-size: 16px; text-align: left;\"><strong>Dozequinze \u00e9s una elegant i sofisticada taula d\u2019exterior patentada pel reconegut dissenyador Francesco Sillitti per a la firma Gandia Blasco.<\/strong><\/p>\n<p style=\"font-size: 16px; text-align: left;\">La pe\u00e7a destaca per les seves l\u00e0mines el\u00e0stiques de polipropil\u00e8 que aporten dinamisme a la seva estructura. La base de Dozequinze es compon per un tub d\u2019acer inoxidable termo lacat sobre el que es col\u00b7loca un sobre de vidre laminat que facilita el pas de la llum.<\/p>\n<p style=\"font-size: 16px; text-align: left;\">A MIRSA interiorisme &#038; mobiliari som distribu\u00efdors oficials Gandia Blasco. Per a m\u00e9s informaci\u00f3, visiti el nostre Showroom o contacti amb nosaltres.<\/p>\n<p>[\/vc_column_text][vc_row_inner][vc_column_inner]<style type=\"text\/css\">#bklyn_btn_69d225e983055 .bklyn-btn { color:#ffffff !important; background-color:black !important; }<\/style><div id=\"bklyn_btn_69d225e983055\" class=\"bklyn-btn-holder  bklyn-btn-center bklyn-btn-tablet-center bklyn-btn-mobile-center\"><a title=\"Contacto\"   href=\"\/contacto\" target=\"_self\" class=\"bklyn-btn  bklyn-btn-icon-left bklyn-btn-normal\" ><i class=\"fa fa-envelope\"><\/i><span class=\"ut-btn-text\">M\u00e9s informaci\u00f3<\/span><\/a><\/div>[\/vc_column_inner][\/vc_row_inner][\/vc_column][\/vc_row]<\/p>\n<\/div>","protected":false},"excerpt":{"rendered":"<p>[vc_row][vc_column][vc_column_text] Dozequinze \u00e9s una elegant i sofisticada taula d\u2019exterior patentada pel reconegut dissenyador Francesco Sillitti per a la firma Gandia Blasco. La pe\u00e7a destaca per les seves l\u00e0mines el\u00e0stiques de polipropil\u00e8 que aporten dinamisme a la seva estructura. La base de Dozequinze es compon per un tub d\u2019acer inoxidable termo lacat sobre el que es [&hellip;]<\/p>\n","protected":false},"author":1,"featured_media":0,"parent":0,"menu_order":0,"comment_status":"closed","ping_status":"closed","template":"","meta":{"footnotes":""},"class_list":["post-49336","page","type-page","status-publish","hentry"],"aioseo_notices":[],"_links":{"self":[{"href":"https:\/\/www.mirsa.es\/ca\/wp-json\/wp\/v2\/pages\/49336","targetHints":{"allow":["GET"]}}],"collection":[{"href":"https:\/\/www.mirsa.es\/ca\/wp-json\/wp\/v2\/pages"}],"about":[{"href":"https:\/\/www.mirsa.es\/ca\/wp-json\/wp\/v2\/types\/page"}],"author":[{"embeddable":true,"href":"https:\/\/www.mirsa.es\/ca\/wp-json\/wp\/v2\/users\/1"}],"replies":[{"embeddable":true,"href":"https:\/\/www.mirsa.es\/ca\/wp-json\/wp\/v2\/comments?post=49336"}],"version-history":[{"count":0,"href":"https:\/\/www.mirsa.es\/ca\/wp-json\/wp\/v2\/pages\/49336\/revisions"}],"wp:attachment":[{"href":"https:\/\/www.mirsa.es\/ca\/wp-json\/wp\/v2\/media?parent=49336"}],"curies":[{"name":"wp","href":"https:\/\/api.w.org\/{rel}","templated":true}]}}