{"id":49282,"date":"2018-08-08T11:34:41","date_gmt":"2018-08-08T09:34:41","guid":{"rendered":"http:\/\/www.mirsa.es.mialias.net\/mesa-beam-desalto\/"},"modified":"2021-01-16T11:24:39","modified_gmt":"2021-01-16T11:24:39","slug":"mesa-beam-desalto","status":"publish","type":"page","link":"https:\/\/www.mirsa.es\/ca\/mesa-beam-desalto\/","title":{"rendered":"Taula Beam Desalto"},"content":{"rendered":"<div class=\"wpb-content-wrapper\"><p>[vc_row][vc_column][vc_column_text]<\/p>\n<h5><img decoding=\"async\" class=\"wp-image-1077 size-large aligncenter\" title=\"Taula Beam Desalto\" src=\"\/wp-content\/uploads\/2020\/07\/mesa_beam_desalto.jpg\" alt=\"Taula Beam Desalto\" width=\"100%\" height=\"400\"\/><\/h5>\n<p style=\"font-size: 16px; text-align: left;\"><strong>Beam de Desalto \u00e9s una espectacular taula de disseny contemporani firmada pel prestigi\u00f3s dissenyador itali\u00e0 Mario Ferrarini.<\/p>\n<p style=\"font-size: 16px; text-align: left;\">El seu disseny emfatitza formes, materials i tecnologia. Beam, est\u00e0 disponible en dues versions, una fixa i una altra extensible, ajustant-se aix\u00ed a tot tipus de necessitats.<\/p>\n<p style=\"font-size: 16px; text-align: left;\">La taula destaca pels volums rectes i precisos, recoberts per una est\u00e8tica minimalista que transmet serenitat i efici\u00e8ncia.<\/p>\n<p style=\"font-size: 16px; text-align: left;\">A MIRSA interiorisme &#038; mobiliari som distribu\u00efdors oficials Desalto. Per a m\u00e9s informaci\u00f3, visiti el nostre Showroom o contacti amb nosaltres.<\/p>\n<p>[\/vc_column_text][vc_row_inner][vc_column_inner]<style type=\"text\/css\">#bklyn_btn_69d1b0ffd605b .bklyn-btn { color:#ffffff !important; background-color:black !important; }<\/style><div id=\"bklyn_btn_69d1b0ffd605b\" class=\"bklyn-btn-holder  bklyn-btn-center bklyn-btn-tablet-center bklyn-btn-mobile-center\"><a title=\"Contacto\"   href=\"\/contacto\" target=\"_self\" class=\"bklyn-btn  bklyn-btn-icon-left bklyn-btn-normal\" ><i class=\"fa fa-envelope\"><\/i><span class=\"ut-btn-text\">M\u00e9s informaci\u00f3<\/span><\/a><\/div>[\/vc_column_inner][\/vc_row_inner][\/vc_column][\/vc_row]<\/p>\n<\/div>","protected":false},"excerpt":{"rendered":"<p>[vc_row][vc_column][vc_column_text] Beam de Desalto \u00e9s una espectacular taula de disseny contemporani firmada pel prestigi\u00f3s dissenyador itali\u00e0 Mario Ferrarini. El seu disseny emfatitza formes, materials i tecnologia. Beam, est\u00e0 disponible en dues versions, una fixa i una altra extensible, ajustant-se aix\u00ed a tot tipus de necessitats. La taula destaca pels volums rectes i precisos, recoberts per [&hellip;]<\/p>\n","protected":false},"author":1,"featured_media":0,"parent":0,"menu_order":0,"comment_status":"closed","ping_status":"closed","template":"","meta":{"footnotes":""},"class_list":["post-49282","page","type-page","status-publish","hentry"],"aioseo_notices":[],"_links":{"self":[{"href":"https:\/\/www.mirsa.es\/ca\/wp-json\/wp\/v2\/pages\/49282","targetHints":{"allow":["GET"]}}],"collection":[{"href":"https:\/\/www.mirsa.es\/ca\/wp-json\/wp\/v2\/pages"}],"about":[{"href":"https:\/\/www.mirsa.es\/ca\/wp-json\/wp\/v2\/types\/page"}],"author":[{"embeddable":true,"href":"https:\/\/www.mirsa.es\/ca\/wp-json\/wp\/v2\/users\/1"}],"replies":[{"embeddable":true,"href":"https:\/\/www.mirsa.es\/ca\/wp-json\/wp\/v2\/comments?post=49282"}],"version-history":[{"count":0,"href":"https:\/\/www.mirsa.es\/ca\/wp-json\/wp\/v2\/pages\/49282\/revisions"}],"wp:attachment":[{"href":"https:\/\/www.mirsa.es\/ca\/wp-json\/wp\/v2\/media?parent=49282"}],"curies":[{"name":"wp","href":"https:\/\/api.w.org\/{rel}","templated":true}]}}