{"id":49237,"date":"2017-11-15T19:49:50","date_gmt":"2017-11-15T18:49:50","guid":{"rendered":"http:\/\/www.mirsa.es.mialias.net\/mesa-alfred-porada\/"},"modified":"2021-01-15T17:30:23","modified_gmt":"2021-01-15T17:30:23","slug":"mesa-alfred-porada","status":"publish","type":"page","link":"https:\/\/www.mirsa.es\/ca\/mesa-alfred-porada\/","title":{"rendered":"Taula Alfred Porada"},"content":{"rendered":"<div class=\"wpb-content-wrapper\"><p>[vc_row][vc_column][vc_column_text]<\/p>\n<h5><img decoding=\"async\" class=\"wp-image-1077 size-large aligncenter\" title=\"Taula Alfred Porada\" src=\"\/wp-content\/uploads\/2020\/07\/mesa_alfred_porada.jpg\" alt=\"Taula Alfred Porada\" width=\"100%\" height=\"400\" \/><\/h5>\n<p style=\"font-size: 16px; text-align: left;\"><strong>La taula Alfred de Porada \u00e9s una elegant i refinada pe\u00e7a dissenyada per ambientar els salons i menjadors m\u00e9s exclusius.<\/strong><\/p>\n<p style=\"font-size: 16px; text-align: left;\">La marca fue fundada en 1960 por un experto ebanista portugu\u00e9s, que se encarg\u00f3 de transmitir toda su pasi\u00f3n por la madera en cada una de sus colecciones.<\/p>\n<p style=\"font-size: 16px; text-align: left;\">Concebuda pel prestigi\u00f3s dissenyador itali\u00e0 David Dolcini, la taula es caracteritza per la seva estructura rectangular amb dos originals bases de fusta de noguera.<\/p>\n<p style=\"font-size: 16px; text-align: left;\">Una de les caracter\u00edstiques m\u00e9s significatives d\u2019Alfred s\u00f3n sens dubte els seus peus regulables, que permeten adaptar-se a qualsevol tipus de context.<\/p>\n<p style=\"font-size: 16px; text-align: left;\">A MIRSA interiorisme &#038; mobiliari som distribu\u00efdors oficials Porada. Per a m\u00e9s informaci\u00f3, visiti la nostra exposici\u00f3 o contacti amb nosaltres.<\/p>\n<p>[\/vc_column_text][vc_row_inner][vc_column_inner]<style type=\"text\/css\">#bklyn_btn_69d24e7ac2bf8 .bklyn-btn { color:#ffffff !important; background-color:black !important; }<\/style><div id=\"bklyn_btn_69d24e7ac2bf8\" class=\"bklyn-btn-holder  bklyn-btn-center bklyn-btn-tablet-center bklyn-btn-mobile-center\"><a title=\"Contacto\"   href=\"\/contacto\" target=\"_self\" class=\"bklyn-btn  bklyn-btn-icon-left bklyn-btn-normal\" ><i class=\"fa fa-envelope\"><\/i><span class=\"ut-btn-text\">M\u00e9s informaci\u00f3<\/span><\/a><\/div>[\/vc_column_inner][\/vc_row_inner][\/vc_column][\/vc_row]<\/p>\n<\/div>","protected":false},"excerpt":{"rendered":"<p>[vc_row][vc_column][vc_column_text] La taula Alfred de Porada \u00e9s una elegant i refinada pe\u00e7a dissenyada per ambientar els salons i menjadors m\u00e9s exclusius. La marca fue fundada en 1960 por un experto ebanista portugu\u00e9s, que se encarg\u00f3 de transmitir toda su pasi\u00f3n por la madera en cada una de sus colecciones. Concebuda pel prestigi\u00f3s dissenyador itali\u00e0 David [&hellip;]<\/p>\n","protected":false},"author":1,"featured_media":0,"parent":0,"menu_order":0,"comment_status":"closed","ping_status":"closed","template":"","meta":{"footnotes":""},"class_list":["post-49237","page","type-page","status-publish","hentry"],"aioseo_notices":[],"_links":{"self":[{"href":"https:\/\/www.mirsa.es\/ca\/wp-json\/wp\/v2\/pages\/49237","targetHints":{"allow":["GET"]}}],"collection":[{"href":"https:\/\/www.mirsa.es\/ca\/wp-json\/wp\/v2\/pages"}],"about":[{"href":"https:\/\/www.mirsa.es\/ca\/wp-json\/wp\/v2\/types\/page"}],"author":[{"embeddable":true,"href":"https:\/\/www.mirsa.es\/ca\/wp-json\/wp\/v2\/users\/1"}],"replies":[{"embeddable":true,"href":"https:\/\/www.mirsa.es\/ca\/wp-json\/wp\/v2\/comments?post=49237"}],"version-history":[{"count":0,"href":"https:\/\/www.mirsa.es\/ca\/wp-json\/wp\/v2\/pages\/49237\/revisions"}],"wp:attachment":[{"href":"https:\/\/www.mirsa.es\/ca\/wp-json\/wp\/v2\/media?parent=49237"}],"curies":[{"name":"wp","href":"https:\/\/api.w.org\/{rel}","templated":true}]}}