{"id":49201,"date":"2019-04-13T10:24:00","date_gmt":"2019-04-13T08:24:00","guid":{"rendered":"http:\/\/www.mirsa.es.mialias.net\/mbarq-dedon\/"},"modified":"2021-01-15T15:43:57","modified_gmt":"2021-01-15T15:43:57","slug":"mbarq-dedon","status":"publish","type":"page","link":"https:\/\/www.mirsa.es\/ca\/mbarq-dedon\/","title":{"rendered":"MBARQ DEDON"},"content":{"rendered":"<div class=\"wpb-content-wrapper\"><p>[vc_row][vc_column][vc_column_text]<\/p>\n<h5><img decoding=\"async\" class=\"wp-image-1077 size-large aligncenter\" title=\"MBARQ DEDON\" src=\"\/wp-content\/uploads\/2020\/08\/mbarq_dedon.jpg\" alt=\"MBARQ DEDON\" width=\"100%\" height=\"400\"\/><\/h5>\n<p style=\"font-size: 16px; text-align: left;\"><strong>MBARQ \u00e9s la nova col\u00b7lecci\u00f3 de seients lounge patentada pel prestigi\u00f3s dissenyador Sebastian Herkner per a la firma alemanya DEDON.<\/strong><\/p>\n<p style=\"font-size: 16px; text-align: left;\">Es tracta d\u2019un sistema vers\u00e0til i polivalent, dissenyat especialment per a oferir privacitat i confort en espais exteriors. Gr\u00e0cies als seus respatllers alts I als seus profunds seients, la col\u00b7lecci\u00f3 garanteix la m\u00e0xima comoditat. Les espectaculars formes de la seva estructura, aix\u00ed com la combinaci\u00f3 entre els seus colors vius i els seus teixits semitransparents, fan de MBARQ una col\u00b7lecci\u00f3 garanteix la m\u00e0xima comoditat.<\/p>\n<p style=\"font-size: 16px; text-align: left;\">Las espectaculares formas de su estructura, as\u00ed como la combinaci\u00f3n entre los colores vivos y los tejidos semitrasparentes, hacen de MBARQ una colecci\u00f3n \u00fanica, que se integra a la perfecci\u00f3n en cualquier espacio outdoor.<\/p>\n<p style=\"font-size: 16px; text-align: left;\">A MIRSA interiorisme &#038; mobiliari som distribu\u00efdors oficials Dedon. Per a m\u00e9s informaci\u00f3, visiti el nostre Showroom o contacti amb nosaltres.\n<\/p>\n<p>[\/vc_column_text][vc_row_inner][vc_column_inner]<style type=\"text\/css\">#bklyn_btn_69d17612d83d8 .bklyn-btn { color:#ffffff !important; background-color:black !important; }<\/style><div id=\"bklyn_btn_69d17612d83d8\" class=\"bklyn-btn-holder  bklyn-btn-center bklyn-btn-tablet-center bklyn-btn-mobile-center\"><a title=\"Contacto\"   href=\"\/contacto\" target=\"_self\" class=\"bklyn-btn  bklyn-btn-icon-left bklyn-btn-normal\" ><i class=\"fa fa-envelope\"><\/i><span class=\"ut-btn-text\">M\u00e9s informaci\u00f3<\/span><\/a><\/div>[\/vc_column_inner][\/vc_row_inner][\/vc_column][\/vc_row]<\/p>\n<\/div>","protected":false},"excerpt":{"rendered":"<p>[vc_row][vc_column][vc_column_text] MBARQ \u00e9s la nova col\u00b7lecci\u00f3 de seients lounge patentada pel prestigi\u00f3s dissenyador Sebastian Herkner per a la firma alemanya DEDON. Es tracta d\u2019un sistema vers\u00e0til i polivalent, dissenyat especialment per a oferir privacitat i confort en espais exteriors. Gr\u00e0cies als seus respatllers alts I als seus profunds seients, la col\u00b7lecci\u00f3 garanteix la m\u00e0xima comoditat. [&hellip;]<\/p>\n","protected":false},"author":1,"featured_media":0,"parent":0,"menu_order":0,"comment_status":"closed","ping_status":"closed","template":"","meta":{"footnotes":""},"class_list":["post-49201","page","type-page","status-publish","hentry"],"aioseo_notices":[],"_links":{"self":[{"href":"https:\/\/www.mirsa.es\/ca\/wp-json\/wp\/v2\/pages\/49201","targetHints":{"allow":["GET"]}}],"collection":[{"href":"https:\/\/www.mirsa.es\/ca\/wp-json\/wp\/v2\/pages"}],"about":[{"href":"https:\/\/www.mirsa.es\/ca\/wp-json\/wp\/v2\/types\/page"}],"author":[{"embeddable":true,"href":"https:\/\/www.mirsa.es\/ca\/wp-json\/wp\/v2\/users\/1"}],"replies":[{"embeddable":true,"href":"https:\/\/www.mirsa.es\/ca\/wp-json\/wp\/v2\/comments?post=49201"}],"version-history":[{"count":0,"href":"https:\/\/www.mirsa.es\/ca\/wp-json\/wp\/v2\/pages\/49201\/revisions"}],"wp:attachment":[{"href":"https:\/\/www.mirsa.es\/ca\/wp-json\/wp\/v2\/media?parent=49201"}],"curies":[{"name":"wp","href":"https:\/\/api.w.org\/{rel}","templated":true}]}}