{"id":49186,"date":"2016-06-14T18:24:07","date_gmt":"2016-06-14T16:24:07","guid":{"rendered":"http:\/\/www.mirsa.es.mialias.net\/maxalto-muebles\/"},"modified":"2024-06-14T16:39:59","modified_gmt":"2024-06-14T16:39:59","slug":"maxalto-muebles","status":"publish","type":"page","link":"https:\/\/www.mirsa.es\/ca\/maxalto-muebles\/","title":{"rendered":"Maxalto Mobles"},"content":{"rendered":"<div class=\"wpb-content-wrapper\"><p>[vc_row css=&#8221;.vc_custom_1583596731269{margin-left: -50px !important;}&#8221;][vc_column][vc_column_text]<a style=\"color:black;\" href=\"javascript:history.go(-1)\" onmouseover=\"self.status=document.referrer;return true\">Enrere<\/a>[\/vc_column_text][\/vc_column][\/vc_row][vc_row][vc_column][vc_column_text]<\/p>\n<h5><img decoding=\"async\" class=\"wp-image-1077 size-large aligncenter\" title=\"Maxalto Mobles\" src=\"\/wp-content\/uploads\/2020\/06\/maxalto_portada.jpg\" alt=\"Maxalto Mobles\" width=\"100%\" height=\"400\" \/><\/h5>\n<p style=\"font-size: 16px; text-align: left;\"><strong>Les col\u00b7leccions de mobles i sof\u00e0s Maxalto estan \u00edntegrament coordinades pel prestigi\u00f3s dissenyador Antonio Citterio.<\/strong><\/p>\n<p style=\"font-size: 16px; text-align: left;\">La paraula Maxalto prov\u00e9 del Veneto, un dialecte parlat per milers de persones al nord d\u2019It\u00e0lia, i t\u00e9 el seu origen en la frase: \u201cMassa Alto\u201d (El m\u00e9s alt).<\/p>\n<p style=\"font-size: 16px; text-align: left;\">Els seus productes transmeten la combinaci\u00f3 dels processos industrials amb l\u2019artesania en el tractament de la fusta i es caracteritzen per l\u2019 eleg\u00e0ncia i la qualitat dels materials utilitzats per a la seva construcci\u00f3.<\/p>\n<p style=\"font-size: 16px; text-align: left;\">A MIRSA interiorisme &amp; mobiliari som distribu\u00efdors oficials Maxalto. Per a m\u00e9s informaci\u00f3 visiti la nostra exposici\u00f3 o contacti amb nosaltres.<\/p>\n<p>[\/vc_column_text][\/vc_column][\/vc_row][vc_section][vc_row full_width=&#8221;stretch_row_content&#8221;][vc_column][vc_column_text]<iframe id=\"embedded-ads-iframe-website\" width=\"100%\" height=\"600\" data-originsrc=\"https:\/\/mirsa.daloom.com\/productos\/brand_maxalto\"><\/iframe><br \/>\n<script defer src=\"https:\/\/mirsa.daloom.com\/js\/parent-embedded-script.min.js\"><\/script>[\/vc_column_text][\/vc_column][\/vc_row][\/vc_section]<\/p>\n<\/div>","protected":false},"excerpt":{"rendered":"<p>[vc_row css=&#8221;.vc_custom_1583596731269{margin-left: -50px !important;}&#8221;][vc_column][vc_column_text]Enrere[\/vc_column_text][\/vc_column][\/vc_row][vc_row][vc_column][vc_column_text] Les col\u00b7leccions de mobles i sof\u00e0s Maxalto estan \u00edntegrament coordinades pel prestigi\u00f3s dissenyador Antonio Citterio. La paraula Maxalto prov\u00e9 del Veneto, un dialecte parlat per milers de persones al nord d\u2019It\u00e0lia, i t\u00e9 el seu origen en la frase: \u201cMassa Alto\u201d (El m\u00e9s alt). Els seus productes transmeten la combinaci\u00f3 dels [&hellip;]<\/p>\n","protected":false},"author":1,"featured_media":0,"parent":0,"menu_order":0,"comment_status":"closed","ping_status":"closed","template":"","meta":{"footnotes":""},"class_list":["post-49186","page","type-page","status-publish","hentry"],"aioseo_notices":[],"_links":{"self":[{"href":"https:\/\/www.mirsa.es\/ca\/wp-json\/wp\/v2\/pages\/49186","targetHints":{"allow":["GET"]}}],"collection":[{"href":"https:\/\/www.mirsa.es\/ca\/wp-json\/wp\/v2\/pages"}],"about":[{"href":"https:\/\/www.mirsa.es\/ca\/wp-json\/wp\/v2\/types\/page"}],"author":[{"embeddable":true,"href":"https:\/\/www.mirsa.es\/ca\/wp-json\/wp\/v2\/users\/1"}],"replies":[{"embeddable":true,"href":"https:\/\/www.mirsa.es\/ca\/wp-json\/wp\/v2\/comments?post=49186"}],"version-history":[{"count":0,"href":"https:\/\/www.mirsa.es\/ca\/wp-json\/wp\/v2\/pages\/49186\/revisions"}],"wp:attachment":[{"href":"https:\/\/www.mirsa.es\/ca\/wp-json\/wp\/v2\/media?parent=49186"}],"curies":[{"name":"wp","href":"https:\/\/api.w.org\/{rel}","templated":true}]}}