{"id":49172,"date":"2019-03-07T10:56:46","date_gmt":"2019-03-07T09:56:46","guid":{"rendered":"http:\/\/www.mirsa.es.mialias.net\/mirsa-kitchens-master\/"},"modified":"2022-03-30T10:53:25","modified_gmt":"2022-03-30T10:53:25","slug":"mirsa-kitchens-master","status":"publish","type":"page","link":"https:\/\/www.mirsa.es\/ca\/mirsa-kitchens-master\/","title":{"rendered":"Master"},"content":{"rendered":"<div class=\"wpb-content-wrapper\"><p>[vc_row full_width=&#8221;stretch_row_content&#8221; css=&#8221;.vc_custom_1599727132362{margin-left: -50px !important;}&#8221;][vc_column][vc_column_text]<a href=\"javascript:history.go(-1)\" onmouseover=\"self.status=document.referrer;return true\" style=\"color: black;\">Enrere<\/a>[\/vc_column_text][\/vc_column][\/vc_row][vc_section full_width=&#8221;stretch_row_content&#8221;][vc_row full_width=&#8221;stretch_row_content&#8221;][vc_column width=&#8221;1\/3&#8243;]<div  class=\"wpb_content_element   clearfix\"><style type=\"text\/css\">#ut_am_6a0941ff498a3 { opacity: 1; }#ut_am_wrap_6a0941ff498a4 { text-align: left; }@media (min-width: 768px) and (max-width: 1024px) { #ut_am_wrap_6a0941ff498a4 { text-align: left !important; } }@media (max-width: 767px) { #ut_am_wrap_6a0941ff498a4 { text-align: center !important; } }<\/style><div id=\"ut_am_wrap_6a0941ff498a4\" class=\"ut-image-gallery-image \"><div id=\"ut_reveal_6a0941ff498a5\"  data-appear-top-offset=\"auto\" class=\"ut-animated-image-item ut-image-gallery-item ut-animation-done \"><a class=\"ut-deactivated-link\" href=\"#\"><div class=\"ut-animated-image-zoom\">\r\n        <div class=\"ut-element-glitch-wrap\">\r\n\r\n            \r\n        <style type=\"text\/css\">\r\n\r\n                        \r\n        @media (min-width: 1025px) {\r\n\r\n        #ut-element-glitch-6a0941ff498f2631276798-36413 .ut-glitch-single-element {\r\n                                            \r\n                }\r\n        }\r\n\r\n        @media (min-width: 768px) and (max-width: 1024px) {\r\n\r\n        #ut-element-glitch-6a0941ff498f2631276798-36413 .ut-glitch-single-element {\r\n                                                \r\n                    }\r\n        }\r\n\r\n        @media (max-width: 767px) {\r\n\r\n        #ut-element-glitch-6a0941ff498f2631276798-36413 .ut-glitch-single-element {\r\n                                                \r\n                    }\r\n        }\r\n\r\n        \r\n        <\/style>\r\n\r\n        \r\n            <div id=\"ut-element-glitch-6a0941ff498f2631276798-36413\" class=\" ut-element-glitch ut-glitch-none ut-element-glitch-permanent\">\r\n                <div class=\"ut-glitch-single-element ut-lozad skip-lazy\" data-background-image=\"https:\/\/www.mirsa.es\/wp-content\/uploads\/2020\/09\/mirsa_kitchens_master_01-1.jpg\"><\/div>\r\n                <div class=\"ut-glitch-single-element ut-lozad skip-lazy\" data-background-image=\"https:\/\/www.mirsa.es\/wp-content\/uploads\/2020\/09\/mirsa_kitchens_master_01-1.jpg\"><\/div>\r\n                <div class=\"ut-glitch-single-element ut-lozad skip-lazy\" data-background-image=\"https:\/\/www.mirsa.es\/wp-content\/uploads\/2020\/09\/mirsa_kitchens_master_01-1.jpg\"><\/div>\r\n                <div class=\"ut-glitch-single-element ut-lozad skip-lazy\" data-background-image=\"https:\/\/www.mirsa.es\/wp-content\/uploads\/2020\/09\/mirsa_kitchens_master_01-1.jpg\"><\/div>\r\n                <div class=\"ut-glitch-single-element ut-lozad skip-lazy\" data-background-image=\"https:\/\/www.mirsa.es\/wp-content\/uploads\/2020\/09\/mirsa_kitchens_master_01-1.jpg\"><\/div>\r\n            <\/div>\r\n\r\n        <\/div>\r\n\r\n        <img loading=\"lazy\" decoding=\"async\" class=\"ut-lazy skip-lazy ut-animated-image \"  id=\"ut_am_6a0941ff498a3\" src=\"data:image\/svg+xml;charset=utf-8,%3Csvg xmlns%3D'http%3A%2F%2Fwww.w3.org%2F2000%2Fsvg' viewBox%3D'0 0 800 533'%2F%3E\" data-src=\"https:\/\/www.mirsa.es\/wp-content\/uploads\/2020\/09\/mirsa_kitchens_master_01-1.jpg\" width=\"800\" height=\"533\" alt=\"\"\/><\/div><\/a><\/div><\/div><\/div>[\/vc_column][vc_column width=&#8221;1\/3&#8243;]<div  class=\"wpb_content_element   clearfix\"><style type=\"text\/css\">#ut_am_6a0941ff4ac4b { opacity: 1; }#ut_am_wrap_6a0941ff4ac4c { text-align: left; }@media (min-width: 768px) and (max-width: 1024px) { #ut_am_wrap_6a0941ff4ac4c { text-align: left !important; } }@media (max-width: 767px) { #ut_am_wrap_6a0941ff4ac4c { text-align: center !important; } }<\/style><div id=\"ut_am_wrap_6a0941ff4ac4c\" class=\"ut-image-gallery-image \"><div id=\"ut_reveal_6a0941ff4ac4d\"  data-appear-top-offset=\"auto\" class=\"ut-animated-image-item ut-image-gallery-item ut-animation-done \"><a class=\"ut-deactivated-link\" href=\"#\"><div class=\"ut-animated-image-zoom\">\r\n        <div class=\"ut-element-glitch-wrap\">\r\n\r\n            \r\n        <style type=\"text\/css\">\r\n\r\n                        \r\n        @media (min-width: 1025px) {\r\n\r\n        #ut-element-glitch-6a0941ff4ac74296989040-36414 .ut-glitch-single-element {\r\n                                            \r\n                }\r\n        }\r\n\r\n        @media (min-width: 768px) and (max-width: 1024px) {\r\n\r\n        #ut-element-glitch-6a0941ff4ac74296989040-36414 .ut-glitch-single-element {\r\n                                                \r\n                    }\r\n        }\r\n\r\n        @media (max-width: 767px) {\r\n\r\n        #ut-element-glitch-6a0941ff4ac74296989040-36414 .ut-glitch-single-element {\r\n                                                \r\n                    }\r\n        }\r\n\r\n        \r\n        <\/style>\r\n\r\n        \r\n            <div id=\"ut-element-glitch-6a0941ff4ac74296989040-36414\" class=\" ut-element-glitch ut-glitch-none ut-element-glitch-permanent\">\r\n                <div class=\"ut-glitch-single-element ut-lozad skip-lazy\" data-background-image=\"https:\/\/www.mirsa.es\/wp-content\/uploads\/2020\/09\/mirsa_kitchens_master_02-1.jpg\"><\/div>\r\n                <div class=\"ut-glitch-single-element ut-lozad skip-lazy\" data-background-image=\"https:\/\/www.mirsa.es\/wp-content\/uploads\/2020\/09\/mirsa_kitchens_master_02-1.jpg\"><\/div>\r\n                <div class=\"ut-glitch-single-element ut-lozad skip-lazy\" data-background-image=\"https:\/\/www.mirsa.es\/wp-content\/uploads\/2020\/09\/mirsa_kitchens_master_02-1.jpg\"><\/div>\r\n                <div class=\"ut-glitch-single-element ut-lozad skip-lazy\" data-background-image=\"https:\/\/www.mirsa.es\/wp-content\/uploads\/2020\/09\/mirsa_kitchens_master_02-1.jpg\"><\/div>\r\n                <div class=\"ut-glitch-single-element ut-lozad skip-lazy\" data-background-image=\"https:\/\/www.mirsa.es\/wp-content\/uploads\/2020\/09\/mirsa_kitchens_master_02-1.jpg\"><\/div>\r\n            <\/div>\r\n\r\n        <\/div>\r\n\r\n        <img loading=\"lazy\" decoding=\"async\" class=\"ut-lazy skip-lazy ut-animated-image \"  id=\"ut_am_6a0941ff4ac4b\" src=\"data:image\/svg+xml;charset=utf-8,%3Csvg xmlns%3D'http%3A%2F%2Fwww.w3.org%2F2000%2Fsvg' viewBox%3D'0 0 800 533'%2F%3E\" data-src=\"https:\/\/www.mirsa.es\/wp-content\/uploads\/2020\/09\/mirsa_kitchens_master_02-1.jpg\" width=\"800\" height=\"533\" alt=\"\"\/><\/div><\/a><\/div><\/div><\/div>[\/vc_column][vc_column width=&#8221;1\/3&#8243;]<div  class=\"wpb_content_element   clearfix\"><style type=\"text\/css\">#ut_am_6a0941ff4b08c { opacity: 1; }#ut_am_wrap_6a0941ff4b08d { text-align: left; }@media (min-width: 768px) and (max-width: 1024px) { #ut_am_wrap_6a0941ff4b08d { text-align: left !important; } }@media (max-width: 767px) { #ut_am_wrap_6a0941ff4b08d { text-align: center !important; } }<\/style><div id=\"ut_am_wrap_6a0941ff4b08d\" class=\"ut-image-gallery-image \"><div id=\"ut_reveal_6a0941ff4b08e\"  data-appear-top-offset=\"auto\" class=\"ut-animated-image-item ut-image-gallery-item ut-animation-done \"><a class=\"ut-deactivated-link\" href=\"#\"><div class=\"ut-animated-image-zoom\">\r\n        <div class=\"ut-element-glitch-wrap\">\r\n\r\n            \r\n        <style type=\"text\/css\">\r\n\r\n                        \r\n        @media (min-width: 1025px) {\r\n\r\n        #ut-element-glitch-6a0941ff4b0a3476101790-36415 .ut-glitch-single-element {\r\n                                            \r\n                }\r\n        }\r\n\r\n        @media (min-width: 768px) and (max-width: 1024px) {\r\n\r\n        #ut-element-glitch-6a0941ff4b0a3476101790-36415 .ut-glitch-single-element {\r\n                                                \r\n                    }\r\n        }\r\n\r\n        @media (max-width: 767px) {\r\n\r\n        #ut-element-glitch-6a0941ff4b0a3476101790-36415 .ut-glitch-single-element {\r\n                                                \r\n                    }\r\n        }\r\n\r\n        \r\n        <\/style>\r\n\r\n        \r\n            <div id=\"ut-element-glitch-6a0941ff4b0a3476101790-36415\" class=\" ut-element-glitch ut-glitch-none ut-element-glitch-permanent\">\r\n                <div class=\"ut-glitch-single-element ut-lozad skip-lazy\" data-background-image=\"https:\/\/www.mirsa.es\/wp-content\/uploads\/2020\/09\/mirsa_kitchens_master_03-1.jpg\"><\/div>\r\n                <div class=\"ut-glitch-single-element ut-lozad skip-lazy\" data-background-image=\"https:\/\/www.mirsa.es\/wp-content\/uploads\/2020\/09\/mirsa_kitchens_master_03-1.jpg\"><\/div>\r\n                <div class=\"ut-glitch-single-element ut-lozad skip-lazy\" data-background-image=\"https:\/\/www.mirsa.es\/wp-content\/uploads\/2020\/09\/mirsa_kitchens_master_03-1.jpg\"><\/div>\r\n                <div class=\"ut-glitch-single-element ut-lozad skip-lazy\" data-background-image=\"https:\/\/www.mirsa.es\/wp-content\/uploads\/2020\/09\/mirsa_kitchens_master_03-1.jpg\"><\/div>\r\n                <div class=\"ut-glitch-single-element ut-lozad skip-lazy\" data-background-image=\"https:\/\/www.mirsa.es\/wp-content\/uploads\/2020\/09\/mirsa_kitchens_master_03-1.jpg\"><\/div>\r\n            <\/div>\r\n\r\n        <\/div>\r\n\r\n        <img loading=\"lazy\" decoding=\"async\" class=\"ut-lazy skip-lazy ut-animated-image \"  id=\"ut_am_6a0941ff4b08c\" src=\"data:image\/svg+xml;charset=utf-8,%3Csvg xmlns%3D'http%3A%2F%2Fwww.w3.org%2F2000%2Fsvg' viewBox%3D'0 0 800 533'%2F%3E\" data-src=\"https:\/\/www.mirsa.es\/wp-content\/uploads\/2020\/09\/mirsa_kitchens_master_03-1.jpg\" width=\"800\" height=\"533\" alt=\"\"\/><\/div><\/a><\/div><\/div><\/div>[\/vc_column][\/vc_row][\/vc_section][vc_row full_width=&#8221;stretch_row_content&#8221;][vc_column width=&#8221;1\/3&#8243;][vc_column_text]<img decoding=\"async\" class=\"aligncenter\" src=\"https:\/\/www.mirsa.es\/wp-content\/uploads\/2020\/09\/mirsa_kitchens_catalogo.png\" \/>[\/vc_column_text][\/vc_column][vc_column width=&#8221;1\/3&#8243;][vc_column_text]<\/p>\n<h3><strong>Caracter\u00edstiques t\u00e8cniques<\/strong><\/h3>\n<ul>\n<li>Porta amb tirador encastat<\/li>\n<li>Calaix Blum Legrabox<\/li>\n<li>Mecanismes i bisagres Blum Motion<\/li>\n<li>Tecnolog\u00eda Austr\u00edaca d&#8217;alta qualitat<\/li>\n<li>S\u00f2col redu\u00eft de 10cm augmentant un 14% m\u00e9s la capacitat d&#8217;emmagatzematge<\/li>\n<\/ul>\n<p>[\/vc_column_text][\/vc_column][vc_column width=&#8221;1\/3&#8243;][vc_column_text]<\/p>\n<h3><strong>Acabats<\/strong><\/h3>\n<ul>\n<li>Fustes r\u00fastiques naturals<\/li>\n<li>Lacats mates<\/li>\n<li>Fusta lacada amb porus obert<\/li>\n<\/ul>\n<p>[\/vc_column_text][\/vc_column][vc_column][ut_title_divider_2 divider=&#8221;bklyn-divider-style-14&#8243; align=&#8221;center&#8221; color=&#8221;#0a0a0a&#8221;]La combinaci\u00f3 perfecta entre funcionalitat i disseny[\/ut_title_divider_2]<style type=\"text\/css\">#bklyn_btn_6a0941ff4b122 .bklyn-btn { color:#ffffff !important; border-color:#ffffff !important; border-width:1px !important; background-color:rgba(0, 0, 0, 0.93) !important; }#bklyn_btn_6a0941ff4b122 .bklyn-btn:hover{ color:#0a0a0a !important; background-color:#ffffff !important; }#bklyn_btn_6a0941ff4b122 .bklyn-btn:focus{ color:#0a0a0a !important; background-color:#ffffff !important; }#bklyn_btn_6a0941ff4b122 .bklyn-btn:active { color:#0a0a0a !important; background-color:#ffffff !important; }#bklyn_btn_6a0941ff4b122 a.bklyn-btn { font-weight:600 !important; }#bklyn_btn_6a0941ff4b122.bklyn-btn-header a.bklyn-btn { font-weight:600 !important; }#bklyn_btn_6a0941ff4b122.bklyn-btn-header a.bklyn-btn span { font-weight:600 !important; }#bklyn_btn_6a0941ff4b122 a.bklyn-btn { font-family:inherit !important; }#bklyn_btn_6a0941ff4b122 a i:before { font-size:12px; }#bklyn_btn_6a0941ff4b122.bklyn-btn-holder a { margin-top:-px;margin-bottom:80px }<\/style><div id=\"bklyn_btn_6a0941ff4b122\" class=\"bklyn-btn-holder  bklyn-btn-center bklyn-btn-tablet-center bklyn-btn-mobile-center\"><a title=\"Contacto\"   href=\"\/contacte-con-nosotros\/\" target=\"_self\" class=\"bklyn-btn  bklyn-btn-outline bklyn-btn-icon-left bklyn-btn-small\" ><i class=\"fa fa-envelope-o\"><\/i><span class=\"ut-btn-text\">M\u00e1s informaci\u00f3n<\/span><\/a><\/div>[\/vc_column][\/vc_row]<\/p>\n<\/div>","protected":false},"excerpt":{"rendered":"<p>[vc_row full_width=&#8221;stretch_row_content&#8221; css=&#8221;.vc_custom_1599727132362{margin-left: -50px !important;}&#8221;][vc_column][vc_column_text]Enrere[\/vc_column_text][\/vc_column][\/vc_row][vc_section full_width=&#8221;stretch_row_content&#8221;][vc_row full_width=&#8221;stretch_row_content&#8221;][vc_column width=&#8221;1\/3&#8243;][\/vc_column][vc_column width=&#8221;1\/3&#8243;][\/vc_column][vc_column width=&#8221;1\/3&#8243;][\/vc_column][\/vc_row][\/vc_section][vc_row full_width=&#8221;stretch_row_content&#8221;][vc_column width=&#8221;1\/3&#8243;][vc_column_text][\/vc_column_text][\/vc_column][vc_column width=&#8221;1\/3&#8243;][vc_column_text] Caracter\u00edstiques t\u00e8cniques Porta amb tirador encastat Calaix Blum Legrabox Mecanismes i bisagres Blum Motion Tecnolog\u00eda Austr\u00edaca d&#8217;alta qualitat S\u00f2col redu\u00eft de 10cm augmentant un 14% m\u00e9s la capacitat d&#8217;emmagatzematge [\/vc_column_text][\/vc_column][vc_column width=&#8221;1\/3&#8243;][vc_column_text] Acabats Fustes r\u00fastiques naturals Lacats mates Fusta lacada amb porus obert [&hellip;]<\/p>\n","protected":false},"author":1,"featured_media":0,"parent":0,"menu_order":0,"comment_status":"closed","ping_status":"closed","template":"","meta":{"footnotes":""},"class_list":["post-49172","page","type-page","status-publish","hentry"],"aioseo_notices":[],"_links":{"self":[{"href":"https:\/\/www.mirsa.es\/ca\/wp-json\/wp\/v2\/pages\/49172","targetHints":{"allow":["GET"]}}],"collection":[{"href":"https:\/\/www.mirsa.es\/ca\/wp-json\/wp\/v2\/pages"}],"about":[{"href":"https:\/\/www.mirsa.es\/ca\/wp-json\/wp\/v2\/types\/page"}],"author":[{"embeddable":true,"href":"https:\/\/www.mirsa.es\/ca\/wp-json\/wp\/v2\/users\/1"}],"replies":[{"embeddable":true,"href":"https:\/\/www.mirsa.es\/ca\/wp-json\/wp\/v2\/comments?post=49172"}],"version-history":[{"count":0,"href":"https:\/\/www.mirsa.es\/ca\/wp-json\/wp\/v2\/pages\/49172\/revisions"}],"wp:attachment":[{"href":"https:\/\/www.mirsa.es\/ca\/wp-json\/wp\/v2\/media?parent=49172"}],"curies":[{"name":"wp","href":"https:\/\/api.w.org\/{rel}","templated":true}]}}