{"id":49168,"date":"2018-09-29T12:45:05","date_gmt":"2018-09-29T10:45:05","guid":{"rendered":"http:\/\/www.mirsa.es.mialias.net\/massproductions-muebles\/"},"modified":"2024-05-18T09:53:31","modified_gmt":"2024-05-18T09:53:31","slug":"massproductions-muebles","status":"publish","type":"page","link":"https:\/\/www.mirsa.es\/ca\/massproductions-muebles\/","title":{"rendered":"Massproductions Mobles"},"content":{"rendered":"<div class=\"wpb-content-wrapper\"><p>[vc_row css=&#8221;.vc_custom_1583596731269{margin-left: -50px !important;}&#8221;][vc_column][vc_column_text]<a href=\"javascript:history.go(-1)\" onmouseover=\"self.status=document.referrer;return true\" style=\"color: black;\">Enrere<\/a>[\/vc_column_text][\/vc_column][\/vc_row][vc_row][vc_column][vc_column_text]<\/p>\n<h5><img decoding=\"async\" class=\"wp-image-1077 size-large aligncenter\" title=\"Massproductions Mobles\" src=\"\/wp-content\/uploads\/2020\/06\/massproductionsmuebles.jpg\" alt=\"Massproductions Mobles\" width=\"100%\" height=\"400\" \/><\/h5>\n<p style=\"font-size: 16px; text-align: left;\"><strong>Massproductions \u00e9s una prestigiosa firma de mobiliari fundada pels dissenyadors Magnus Eleb\u00e4ck i Chris Martin.<\/strong><\/p>\n<p style=\"font-size: 16px; text-align: left;\">La firma es caracteritza per la seva estrat\u00e8gia centrada en la interacci\u00f3 entre el producte i el context. Aquesta visi\u00f3 innovadora ha donat excel\u00b7lents resultats, i la firma s\u2019ha acabat convertint en un referent dins el m\u00f3n de l\u2019interiorisme.<\/p>\n<p style=\"font-size: 16px; text-align: left;\">El nom de Massproductions eludeix a la bellesa d\u2019una producci\u00f3 industrial eficient i sostenible d\u2019alta qualitat. Un proc\u00e9s de producci\u00f3 directe i transparent que d\u00f3na com a resultat productes \u00fanics i exclusius.<\/p>\n<p style=\"font-size: 16px; text-align: left;\">A MIRSA interiorisme &#038; mobiliari disposem d\u2019un extens cat\u00e0leg de col\u00b7leccions Massproductions. Per a m\u00e9s informaci\u00f3, visiti el nostre Showroom o contacti amb nosaltres.<\/p>\n<p>[\/vc_column_text][\/vc_column][\/vc_row]<\/p>\n<\/div>","protected":false},"excerpt":{"rendered":"<p>[vc_row css=&#8221;.vc_custom_1583596731269{margin-left: -50px !important;}&#8221;][vc_column][vc_column_text]Enrere[\/vc_column_text][\/vc_column][\/vc_row][vc_row][vc_column][vc_column_text] Massproductions \u00e9s una prestigiosa firma de mobiliari fundada pels dissenyadors Magnus Eleb\u00e4ck i Chris Martin. La firma es caracteritza per la seva estrat\u00e8gia centrada en la interacci\u00f3 entre el producte i el context. Aquesta visi\u00f3 innovadora ha donat excel\u00b7lents resultats, i la firma s\u2019ha acabat convertint en un referent dins el [&hellip;]<\/p>\n","protected":false},"author":1,"featured_media":0,"parent":0,"menu_order":0,"comment_status":"closed","ping_status":"closed","template":"","meta":{"footnotes":""},"class_list":["post-49168","page","type-page","status-publish","hentry"],"aioseo_notices":[],"_links":{"self":[{"href":"https:\/\/www.mirsa.es\/ca\/wp-json\/wp\/v2\/pages\/49168","targetHints":{"allow":["GET"]}}],"collection":[{"href":"https:\/\/www.mirsa.es\/ca\/wp-json\/wp\/v2\/pages"}],"about":[{"href":"https:\/\/www.mirsa.es\/ca\/wp-json\/wp\/v2\/types\/page"}],"author":[{"embeddable":true,"href":"https:\/\/www.mirsa.es\/ca\/wp-json\/wp\/v2\/users\/1"}],"replies":[{"embeddable":true,"href":"https:\/\/www.mirsa.es\/ca\/wp-json\/wp\/v2\/comments?post=49168"}],"version-history":[{"count":0,"href":"https:\/\/www.mirsa.es\/ca\/wp-json\/wp\/v2\/pages\/49168\/revisions"}],"wp:attachment":[{"href":"https:\/\/www.mirsa.es\/ca\/wp-json\/wp\/v2\/media?parent=49168"}],"curies":[{"name":"wp","href":"https:\/\/api.w.org\/{rel}","templated":true}]}}