{"id":49164,"date":"2019-06-05T18:06:19","date_gmt":"2019-06-05T16:06:19","guid":{"rendered":"http:\/\/www.mirsa.es.mialias.net\/mary-porada\/"},"modified":"2021-01-14T18:13:15","modified_gmt":"2021-01-14T18:13:15","slug":"mary-porada","status":"publish","type":"page","link":"https:\/\/www.mirsa.es\/ca\/mary-porada\/","title":{"rendered":"Mary Porada"},"content":{"rendered":"<div class=\"wpb-content-wrapper\"><p>[vc_row][vc_column][vc_column_text]<\/p>\n<h5><img decoding=\"async\" class=\"wp-image-1077 size-large aligncenter\" title=\"Mary Porada\" src=\"\/wp-content\/uploads\/2020\/08\/mary_porada.jpg\" alt=\"Mary Porada\" width=\"100%\" height=\"400\"\/><\/h5>\n<p style=\"font-size: 16px; text-align: left;\"><strong>Mary de la firma italiana Porada \u00e9s un elegant moble bar patentat pel prestigi\u00f3s dissenyador franc\u00e8s Patrick Jouin.<\/strong><\/p>\n<p style=\"font-size: 16px; text-align: left;\">Es tracta d\u2019un funcional sistema constru\u00eft amb fusta de noguera, que permet emmagatzemar c\u00f2modament tota mena de copes i ampolles.<\/p>\n<p style=\"font-size: 16px; text-align: left;\">El sistema es caracteritza per les seves portes lleugerament corbades, que presenten una elegant vidriera Ice. El compartiment superior es presenta recobert en llaut\u00f3 polit il\u00b7luminat amb llum led.<\/p>\n<p style=\"font-size: 16px; text-align: left;\">A MIRSA interiorisme &#038; mobiliari som distribu\u00efdors oficials Porada. Per a m\u00e9s informaci\u00f3, visiti el nostre Showroom o contacti amb nosaltres.<\/p>\n<p>[\/vc_column_text][vc_row_inner][vc_column_inner]<style type=\"text\/css\">#bklyn_btn_69d0d6a85a406 .bklyn-btn { color:#ffffff !important; background-color:black !important; }<\/style><div id=\"bklyn_btn_69d0d6a85a406\" class=\"bklyn-btn-holder  bklyn-btn-center bklyn-btn-tablet-center bklyn-btn-mobile-center\"><a title=\"Contacto\"   href=\"\/contacto\" target=\"_self\" class=\"bklyn-btn  bklyn-btn-icon-left bklyn-btn-normal\" ><i class=\"fa fa-envelope\"><\/i><span class=\"ut-btn-text\">M\u00e9s informaci\u00f3<\/span><\/a><\/div>[\/vc_column_inner][\/vc_row_inner][\/vc_column][\/vc_row]<\/p>\n<\/div>","protected":false},"excerpt":{"rendered":"<p>[vc_row][vc_column][vc_column_text] Mary de la firma italiana Porada \u00e9s un elegant moble bar patentat pel prestigi\u00f3s dissenyador franc\u00e8s Patrick Jouin. Es tracta d\u2019un funcional sistema constru\u00eft amb fusta de noguera, que permet emmagatzemar c\u00f2modament tota mena de copes i ampolles. El sistema es caracteritza per les seves portes lleugerament corbades, que presenten una elegant vidriera Ice. [&hellip;]<\/p>\n","protected":false},"author":1,"featured_media":0,"parent":0,"menu_order":0,"comment_status":"closed","ping_status":"closed","template":"","meta":{"footnotes":""},"class_list":["post-49164","page","type-page","status-publish","hentry"],"aioseo_notices":[],"_links":{"self":[{"href":"https:\/\/www.mirsa.es\/ca\/wp-json\/wp\/v2\/pages\/49164","targetHints":{"allow":["GET"]}}],"collection":[{"href":"https:\/\/www.mirsa.es\/ca\/wp-json\/wp\/v2\/pages"}],"about":[{"href":"https:\/\/www.mirsa.es\/ca\/wp-json\/wp\/v2\/types\/page"}],"author":[{"embeddable":true,"href":"https:\/\/www.mirsa.es\/ca\/wp-json\/wp\/v2\/users\/1"}],"replies":[{"embeddable":true,"href":"https:\/\/www.mirsa.es\/ca\/wp-json\/wp\/v2\/comments?post=49164"}],"version-history":[{"count":0,"href":"https:\/\/www.mirsa.es\/ca\/wp-json\/wp\/v2\/pages\/49164\/revisions"}],"wp:attachment":[{"href":"https:\/\/www.mirsa.es\/ca\/wp-json\/wp\/v2\/media?parent=49164"}],"curies":[{"name":"wp","href":"https:\/\/api.w.org\/{rel}","templated":true}]}}