{"id":49159,"date":"2017-11-04T13:25:27","date_gmt":"2017-11-04T12:25:27","guid":{"rendered":"http:\/\/www.mirsa.es.mialias.net\/maru-bb-italia\/"},"modified":"2021-01-14T18:00:15","modified_gmt":"2021-01-14T18:00:15","slug":"maru-bb-italia","status":"publish","type":"page","link":"https:\/\/www.mirsa.es\/ca\/maru-bb-italia\/","title":{"rendered":"Maru B&#038;B Italia"},"content":{"rendered":"<div class=\"wpb-content-wrapper\"><p>[vc_row][vc_column][vc_column_text]<\/p>\n<h5><img decoding=\"async\" class=\"wp-image-1077 size-large aligncenter\" title=\"Maru B&#038;B Italia\" src=\"\/wp-content\/uploads\/2020\/07\/mesa_maru_bb_italia.jpg\" alt=\"Maru B&#038;B Italia\" width=\"100%\" height=\"400\" \/><\/h5>\n<p style=\"font-size: 16px; text-align: left;\"><strong>La taula de centre Maru de B&#038;B Italia destaca pel seu resistent taulell, que pot ser en marbre o vidre.<\/strong><\/p>\n<p style=\"font-size: 16px; text-align: left;\">Maru es presenta en dos di\u00e0metres diferents, de 51 i 141 cm respectivament. Les peces s\u2019han convertit en un recurs ideal per ambientar salons i menjadors, sigui com tauletes auxiliars de caf\u00e8 o com taules laterals per recolzar objectius decoratius.<\/p>\n<p style=\"font-size: 16px; text-align: left;\">Ambdues taules disposen d\u2019una gran quantitat d\u2019opcions i acabats, adaptant-se amb facilitat a l\u2019ambient de la llar.<\/p>\n<p style=\"font-size: 16px; text-align: left;\">A MIRSA interiorisme &#038; mobiliari som distribu\u00efdors oficials B&#038;B Italia. Per a m\u00e9s informaci\u00f3, visiti la nostra exposici\u00f3 o contacti amb nosaltres.\n<\/p>\n<p>[\/vc_column_text][vc_row_inner][vc_column_inner]<style type=\"text\/css\">#bklyn_btn_69d1aebe6b372 .bklyn-btn { color:#ffffff !important; background-color:black !important; }<\/style><div id=\"bklyn_btn_69d1aebe6b372\" class=\"bklyn-btn-holder  bklyn-btn-center bklyn-btn-tablet-center bklyn-btn-mobile-center\"><a title=\"Contacto\"   href=\"\/contacto\" target=\"_self\" class=\"bklyn-btn  bklyn-btn-icon-left bklyn-btn-normal\" ><i class=\"fa fa-envelope\"><\/i><span class=\"ut-btn-text\">M\u00e9s informaci\u00f3<\/span><\/a><\/div>[\/vc_column_inner][\/vc_row_inner][\/vc_column][\/vc_row]<\/p>\n<\/div>","protected":false},"excerpt":{"rendered":"<p>[vc_row][vc_column][vc_column_text] La taula de centre Maru de B&#038;B Italia destaca pel seu resistent taulell, que pot ser en marbre o vidre. Maru es presenta en dos di\u00e0metres diferents, de 51 i 141 cm respectivament. Les peces s\u2019han convertit en un recurs ideal per ambientar salons i menjadors, sigui com tauletes auxiliars de caf\u00e8 o com [&hellip;]<\/p>\n","protected":false},"author":1,"featured_media":0,"parent":0,"menu_order":0,"comment_status":"closed","ping_status":"closed","template":"","meta":{"footnotes":""},"class_list":["post-49159","page","type-page","status-publish","hentry"],"aioseo_notices":[],"_links":{"self":[{"href":"https:\/\/www.mirsa.es\/ca\/wp-json\/wp\/v2\/pages\/49159","targetHints":{"allow":["GET"]}}],"collection":[{"href":"https:\/\/www.mirsa.es\/ca\/wp-json\/wp\/v2\/pages"}],"about":[{"href":"https:\/\/www.mirsa.es\/ca\/wp-json\/wp\/v2\/types\/page"}],"author":[{"embeddable":true,"href":"https:\/\/www.mirsa.es\/ca\/wp-json\/wp\/v2\/users\/1"}],"replies":[{"embeddable":true,"href":"https:\/\/www.mirsa.es\/ca\/wp-json\/wp\/v2\/comments?post=49159"}],"version-history":[{"count":0,"href":"https:\/\/www.mirsa.es\/ca\/wp-json\/wp\/v2\/pages\/49159\/revisions"}],"wp:attachment":[{"href":"https:\/\/www.mirsa.es\/ca\/wp-json\/wp\/v2\/media?parent=49159"}],"curies":[{"name":"wp","href":"https:\/\/api.w.org\/{rel}","templated":true}]}}