{"id":49152,"date":"2018-11-14T10:54:48","date_gmt":"2018-11-14T09:54:48","guid":{"rendered":"http:\/\/www.mirsa.es.mialias.net\/mario-bellini-colecciones\/"},"modified":"2024-06-01T11:53:35","modified_gmt":"2024-06-01T11:53:35","slug":"mario-bellini-colecciones","status":"publish","type":"page","link":"https:\/\/www.mirsa.es\/ca\/mario-bellini-colecciones\/","title":{"rendered":"Mario Bellini Col\u00b7leccions"},"content":{"rendered":"<div class=\"wpb-content-wrapper\"><p>[vc_section][vc_row full_width=&#8221;stretch_row_content&#8221;][vc_column][vc_column_text]<a style=\"color:black;\" href=\"javascript:history.go(-1)\" onmouseover=\"self.status=document.referrer;return true\">Enrere<\/a>[\/vc_column_text][\/vc_column][\/vc_row][vc_row full_width=&#8221;stretch_row_content&#8221; css=&#8221;.vc_custom_1589961005492{margin-top: -15px !important;}&#8221;][vc_column width=&#8221;1\/3&#8243;]<div  class=\"wpb_content_element   clearfix\"><style type=\"text\/css\">#ut_am_6a09235d91f8e { opacity: 1; }#ut_am_wrap_6a09235d91f8f { text-align: left; }@media (min-width: 768px) and (max-width: 1024px) { #ut_am_wrap_6a09235d91f8f { text-align: left !important; } }@media (max-width: 767px) { #ut_am_wrap_6a09235d91f8f { text-align: center !important; } }<\/style><div id=\"ut_am_wrap_6a09235d91f8f\" class=\"ut-image-gallery-image \"><div id=\"ut_reveal_6a09235d91f90\"  data-appear-top-offset=\"auto\" class=\"ut-animated-image-item ut-image-gallery-item ut-animation-done \"><a class=\"ut-deactivated-link\" href=\"#\"><div class=\"ut-animated-image-zoom\">\r\n        <div class=\"ut-element-glitch-wrap\">\r\n\r\n            \r\n        <style type=\"text\/css\">\r\n\r\n                        \r\n        @media (min-width: 1025px) {\r\n\r\n        #ut-element-glitch-6a09235d91fb3473486578-30265 .ut-glitch-single-element {\r\n                                            \r\n                }\r\n        }\r\n\r\n        @media (min-width: 768px) and (max-width: 1024px) {\r\n\r\n        #ut-element-glitch-6a09235d91fb3473486578-30265 .ut-glitch-single-element {\r\n                                                \r\n                    }\r\n        }\r\n\r\n        @media (max-width: 767px) {\r\n\r\n        #ut-element-glitch-6a09235d91fb3473486578-30265 .ut-glitch-single-element {\r\n                                                \r\n                    }\r\n        }\r\n\r\n        \r\n        <\/style>\r\n\r\n        \r\n            <div id=\"ut-element-glitch-6a09235d91fb3473486578-30265\" class=\" ut-element-glitch ut-glitch-none ut-element-glitch-permanent\">\r\n                <div class=\"ut-glitch-single-element ut-lozad skip-lazy\" data-background-image=\"https:\/\/www.mirsa.es\/wp-content\/uploads\/2020\/05\/mario_bellini.jpg\"><\/div>\r\n                <div class=\"ut-glitch-single-element ut-lozad skip-lazy\" data-background-image=\"https:\/\/www.mirsa.es\/wp-content\/uploads\/2020\/05\/mario_bellini.jpg\"><\/div>\r\n                <div class=\"ut-glitch-single-element ut-lozad skip-lazy\" data-background-image=\"https:\/\/www.mirsa.es\/wp-content\/uploads\/2020\/05\/mario_bellini.jpg\"><\/div>\r\n                <div class=\"ut-glitch-single-element ut-lozad skip-lazy\" data-background-image=\"https:\/\/www.mirsa.es\/wp-content\/uploads\/2020\/05\/mario_bellini.jpg\"><\/div>\r\n                <div class=\"ut-glitch-single-element ut-lozad skip-lazy\" data-background-image=\"https:\/\/www.mirsa.es\/wp-content\/uploads\/2020\/05\/mario_bellini.jpg\"><\/div>\r\n            <\/div>\r\n\r\n        <\/div>\r\n\r\n        <img loading=\"lazy\" decoding=\"async\" class=\"ut-lazy skip-lazy ut-animated-image \"  id=\"ut_am_6a09235d91f8e\" src=\"data:image\/svg+xml;charset=utf-8,%3Csvg xmlns%3D'http%3A%2F%2Fwww.w3.org%2F2000%2Fsvg' viewBox%3D'0 0 600 600'%2F%3E\" data-src=\"https:\/\/www.mirsa.es\/wp-content\/uploads\/2020\/05\/mario_bellini.jpg\" width=\"600\" height=\"600\" alt=\"\"\/><\/div><\/a><\/div><\/div><\/div>[\/vc_column][vc_column width=&#8221;2\/3&#8243;][vc_column_text]Mario Bellini \u00e9s un prestigi\u00f3s arquitecte i dissenyador itali\u00e0 reconegut internacionalment gr\u00e0cies al seu talent i a la seva creativitat.<\/p>\n<p>Nascut al 1936, ha estat guardonat vuit vegades amb el premi Compasso D&#8217;Oro, un dels premis m\u00e9s importants al m\u00f3n del disseny. Al 2004 va rebre la Medaglia d&#8217;Oro, atorgada pel President de la rep\u00fablica Italiana com a reconeixement a la seva traject\u00f2ria.<\/p>\n<p>Entre 1985 i 1991 va ser editor de la reconeguda revista Domus, tot un referent per a dissenyadors i arquitectes d&#8217;arreu del m\u00f3n. Actualment disposa d&#8217;una exposici\u00f3 permanent al Museu d&#8217;Art Modern de Nova York, on s&#8217;exposen 25 de les seves millors col\u00b7leccions.<\/p>\n<p>Es tracta d&#8217;una llegenda viva del disseny, que ha realitzat multitud d&#8217;exposicions en alguns del museu m\u00e9s prestigiosos del m\u00f3n. Des de la d\u00e8cada dels 80, s&#8217;ha dedicat en exclusiva a realitzar projectes d&#8217;arquitectura.<\/p>\n<p>El Portello al Districte Firal de Mil\u00e0, la seu central de Natuzzi als Estats Units o la seu central del Deustche Bank de Frankfurt s\u00f3n alguns dels projectes m\u00e9s famosos de Bellini. El dissenyador tamb\u00e9 ha col\u00b7laborat amb algunes de les firmes m\u00e9s prestigioses de mobiliari com B&amp;B Italia, Vitra o Riva 1920.<\/p>\n<p>A MIRSA interiorisme &amp; mobiliari disposem d&#8217;una selecci\u00f3 de les millors col\u00b7leccions de Mario Bellini. Per a m\u00e9s informaci\u00f3, visiti el nostre Showroom o contacti amb nosaltres.<\/p>\n<p>[\/vc_column_text][\/vc_column][\/vc_row][vc_row full_width=&#8221;stretch_row_content_no_spaces&#8221; css=&#8221;.vc_custom_1589960397272{margin-top: -20px !important;}&#8221;][vc_column][vc_separator color=&#8221;custom&#8221; accent_color=&#8221;#c7c2ba&#8221;][\/vc_column][\/vc_row][vc_row full_width=&#8221;stretch_row_content&#8221; css=&#8221;.vc_custom_1589964968246{margin-top: -20px !important;}&#8221;][vc_column][vc_column_text]<iframe id=\"embedded-ads-iframe-website\" width=\"100%\" height=\"600\" data-originsrc=\"https:\/\/mirsa.daloom.com\/es\/productos\/disenadore_mario-bellini\"><\/iframe><br \/>\n<script defer src=\"https:\/\/mirsa.daloom.com\/js\/parent-embedded-script.min.js\"><\/script>[\/vc_column_text][\/vc_column][\/vc_row][\/vc_section]<\/p>\n<\/div>","protected":false},"excerpt":{"rendered":"<p>[vc_section][vc_row full_width=&#8221;stretch_row_content&#8221;][vc_column][vc_column_text]Enrere[\/vc_column_text][\/vc_column][\/vc_row][vc_row full_width=&#8221;stretch_row_content&#8221; css=&#8221;.vc_custom_1589961005492{margin-top: -15px !important;}&#8221;][vc_column width=&#8221;1\/3&#8243;][\/vc_column][vc_column width=&#8221;2\/3&#8243;][vc_column_text]Mario Bellini \u00e9s un prestigi\u00f3s arquitecte i dissenyador itali\u00e0 reconegut internacionalment gr\u00e0cies al seu talent i a la seva creativitat. Nascut al 1936, ha estat guardonat vuit vegades amb el premi Compasso D&#8217;Oro, un dels premis m\u00e9s importants al m\u00f3n del disseny. Al 2004 va rebre la Medaglia [&hellip;]<\/p>\n","protected":false},"author":1,"featured_media":0,"parent":0,"menu_order":0,"comment_status":"closed","ping_status":"closed","template":"","meta":{"footnotes":""},"class_list":["post-49152","page","type-page","status-publish","hentry"],"aioseo_notices":[],"_links":{"self":[{"href":"https:\/\/www.mirsa.es\/ca\/wp-json\/wp\/v2\/pages\/49152","targetHints":{"allow":["GET"]}}],"collection":[{"href":"https:\/\/www.mirsa.es\/ca\/wp-json\/wp\/v2\/pages"}],"about":[{"href":"https:\/\/www.mirsa.es\/ca\/wp-json\/wp\/v2\/types\/page"}],"author":[{"embeddable":true,"href":"https:\/\/www.mirsa.es\/ca\/wp-json\/wp\/v2\/users\/1"}],"replies":[{"embeddable":true,"href":"https:\/\/www.mirsa.es\/ca\/wp-json\/wp\/v2\/comments?post=49152"}],"version-history":[{"count":0,"href":"https:\/\/www.mirsa.es\/ca\/wp-json\/wp\/v2\/pages\/49152\/revisions"}],"wp:attachment":[{"href":"https:\/\/www.mirsa.es\/ca\/wp-json\/wp\/v2\/media?parent=49152"}],"curies":[{"name":"wp","href":"https:\/\/api.w.org\/{rel}","templated":true}]}}