{"id":49147,"date":"2018-06-28T10:27:24","date_gmt":"2018-06-28T08:27:24","guid":{"rendered":"http:\/\/www.mirsa.es.mialias.net\/marimekko-diseno-nordico\/"},"modified":"2024-05-18T09:41:55","modified_gmt":"2024-05-18T09:41:55","slug":"marimekko-diseno-nordico","status":"publish","type":"page","link":"https:\/\/www.mirsa.es\/ca\/marimekko-diseno-nordico\/","title":{"rendered":"Marimekko Disseny N\u00f2rdic"},"content":{"rendered":"<div class=\"wpb-content-wrapper\"><p>[vc_row css=&#8221;.vc_custom_1583596731269{margin-left: -50px !important;}&#8221;][vc_column][vc_column_text]<a href=\"javascript:history.go(-1)\" onmouseover=\"self.status=document.referrer;return true\" style=\"color: black;\">Enrere<\/a>[\/vc_column_text][\/vc_column][\/vc_row][vc_row][vc_column][vc_column_text]<\/p>\n<h5><img decoding=\"async\" class=\"wp-image-1077 size-large aligncenter\" title=\"Marimekko Dise\u00f1o N\u00f3rdico\" src=\"\/wp-content\/uploads\/2020\/06\/marimekko_diseno_nordico.jpg\" alt=\"Marimekko Dise\u00f1o N\u00f3rdico\" width=\"100%\" height=\"400\" \/><\/h5>\n<p style=\"font-size: 16px; text-align: left;\"><strong>Marimekko \u00e9s una reconeguda firma de disseny finlandesa reconeguda mundialment pels seus estampats i colors cridaners. <\/strong><\/p>\n<p style=\"font-size: 16px; text-align: left;\">Fundada per Armi Ratia al 1951, la marca combina moda, bosses de m\u00e0 i elements de decoraci\u00f3 per a la llar. A trav\u00e9s de dissenys intemporals i funcionals, la marca irradia optimisme i entusiasme transmetent alegria i felicitat a trav\u00e9s dels seus estampats i colors vius. A MIRSA interiorisme &#038; mobiliari som distribu\u00efdors oficials Marimekko. Per a m\u00e9s informaci\u00f3, visiti la nostra exposici\u00f3 o contacti amb nosaltres.<\/p>\n<p>[\/vc_column_text][\/vc_column][\/vc_row]<\/p>\n<\/div>","protected":false},"excerpt":{"rendered":"<p>[vc_row css=&#8221;.vc_custom_1583596731269{margin-left: -50px !important;}&#8221;][vc_column][vc_column_text]Enrere[\/vc_column_text][\/vc_column][\/vc_row][vc_row][vc_column][vc_column_text] Marimekko \u00e9s una reconeguda firma de disseny finlandesa reconeguda mundialment pels seus estampats i colors cridaners. Fundada per Armi Ratia al 1951, la marca combina moda, bosses de m\u00e0 i elements de decoraci\u00f3 per a la llar. A trav\u00e9s de dissenys intemporals i funcionals, la marca irradia optimisme i entusiasme transmetent [&hellip;]<\/p>\n","protected":false},"author":1,"featured_media":0,"parent":0,"menu_order":0,"comment_status":"closed","ping_status":"closed","template":"","meta":{"footnotes":""},"class_list":["post-49147","page","type-page","status-publish","hentry"],"aioseo_notices":[],"_links":{"self":[{"href":"https:\/\/www.mirsa.es\/ca\/wp-json\/wp\/v2\/pages\/49147","targetHints":{"allow":["GET"]}}],"collection":[{"href":"https:\/\/www.mirsa.es\/ca\/wp-json\/wp\/v2\/pages"}],"about":[{"href":"https:\/\/www.mirsa.es\/ca\/wp-json\/wp\/v2\/types\/page"}],"author":[{"embeddable":true,"href":"https:\/\/www.mirsa.es\/ca\/wp-json\/wp\/v2\/users\/1"}],"replies":[{"embeddable":true,"href":"https:\/\/www.mirsa.es\/ca\/wp-json\/wp\/v2\/comments?post=49147"}],"version-history":[{"count":0,"href":"https:\/\/www.mirsa.es\/ca\/wp-json\/wp\/v2\/pages\/49147\/revisions"}],"wp:attachment":[{"href":"https:\/\/www.mirsa.es\/ca\/wp-json\/wp\/v2\/media?parent=49147"}],"curies":[{"name":"wp","href":"https:\/\/api.w.org\/{rel}","templated":true}]}}