{"id":49144,"date":"2018-11-10T18:59:07","date_gmt":"2018-11-10T17:59:07","guid":{"rendered":"http:\/\/www.mirsa.es.mialias.net\/marcel-wanders-colecciones\/"},"modified":"2022-11-22T10:52:55","modified_gmt":"2022-11-22T10:52:55","slug":"marcel-wanders-colecciones","status":"publish","type":"page","link":"https:\/\/www.mirsa.es\/ca\/marcel-wanders-colecciones\/","title":{"rendered":"Marcel Wanders Col\u00b7leccions"},"content":{"rendered":"<div class=\"wpb-content-wrapper\"><p>[vc_section][vc_row full_width=&#8221;stretch_row_content&#8221;][vc_column][vc_column_text]<a href=\"javascript:history.go(-1)\" onmouseover=\"self.status=document.referrer;return true\" style=\"color: black;\">Enrere<\/a>[\/vc_column_text][\/vc_column][\/vc_row][vc_row full_width=&#8221;stretch_row_content&#8221; css=&#8221;.vc_custom_1589961005492{margin-top: -15px !important;}&#8221;][vc_column width=&#8221;1\/3&#8243;]<div  class=\"wpb_content_element   clearfix\"><style type=\"text\/css\">#ut_am_6a09212745f7d { opacity: 1; }#ut_am_wrap_6a09212745f7e { text-align: left; }@media (min-width: 768px) and (max-width: 1024px) { #ut_am_wrap_6a09212745f7e { text-align: left !important; } }@media (max-width: 767px) { #ut_am_wrap_6a09212745f7e { text-align: center !important; } }<\/style><div id=\"ut_am_wrap_6a09212745f7e\" class=\"ut-image-gallery-image \"><div id=\"ut_reveal_6a09212745f7f\"  data-appear-top-offset=\"auto\" class=\"ut-animated-image-item ut-image-gallery-item ut-animation-done \"><a class=\"ut-deactivated-link\" href=\"#\"><div class=\"ut-animated-image-zoom\">\r\n        <div class=\"ut-element-glitch-wrap\">\r\n\r\n            \r\n        <style type=\"text\/css\">\r\n\r\n                        \r\n        @media (min-width: 1025px) {\r\n\r\n        #ut-element-glitch-6a09212745fa0551397517-30264 .ut-glitch-single-element {\r\n                                            \r\n                }\r\n        }\r\n\r\n        @media (min-width: 768px) and (max-width: 1024px) {\r\n\r\n        #ut-element-glitch-6a09212745fa0551397517-30264 .ut-glitch-single-element {\r\n                                                \r\n                    }\r\n        }\r\n\r\n        @media (max-width: 767px) {\r\n\r\n        #ut-element-glitch-6a09212745fa0551397517-30264 .ut-glitch-single-element {\r\n                                                \r\n                    }\r\n        }\r\n\r\n        \r\n        <\/style>\r\n\r\n        \r\n            <div id=\"ut-element-glitch-6a09212745fa0551397517-30264\" class=\" ut-element-glitch ut-glitch-none ut-element-glitch-permanent\">\r\n                <div class=\"ut-glitch-single-element ut-lozad skip-lazy\" data-background-image=\"https:\/\/www.mirsa.es\/wp-content\/uploads\/2020\/05\/marcel_wanders.jpg\"><\/div>\r\n                <div class=\"ut-glitch-single-element ut-lozad skip-lazy\" data-background-image=\"https:\/\/www.mirsa.es\/wp-content\/uploads\/2020\/05\/marcel_wanders.jpg\"><\/div>\r\n                <div class=\"ut-glitch-single-element ut-lozad skip-lazy\" data-background-image=\"https:\/\/www.mirsa.es\/wp-content\/uploads\/2020\/05\/marcel_wanders.jpg\"><\/div>\r\n                <div class=\"ut-glitch-single-element ut-lozad skip-lazy\" data-background-image=\"https:\/\/www.mirsa.es\/wp-content\/uploads\/2020\/05\/marcel_wanders.jpg\"><\/div>\r\n                <div class=\"ut-glitch-single-element ut-lozad skip-lazy\" data-background-image=\"https:\/\/www.mirsa.es\/wp-content\/uploads\/2020\/05\/marcel_wanders.jpg\"><\/div>\r\n            <\/div>\r\n\r\n        <\/div>\r\n\r\n        <img loading=\"lazy\" decoding=\"async\" class=\"ut-lazy skip-lazy ut-animated-image \"  id=\"ut_am_6a09212745f7d\" src=\"data:image\/svg+xml;charset=utf-8,%3Csvg xmlns%3D'http%3A%2F%2Fwww.w3.org%2F2000%2Fsvg' viewBox%3D'0 0 600 600'%2F%3E\" data-src=\"https:\/\/www.mirsa.es\/wp-content\/uploads\/2020\/05\/marcel_wanders.jpg\" width=\"600\" height=\"600\" alt=\"\"\/><\/div><\/a><\/div><\/div><\/div>[\/vc_column][vc_column width=&#8221;2\/3&#8243;][vc_column_text]Marcel Wander \u00e9s un prestigi\u00f3s dissenyador holand\u00e8s reconegut mundialment gr\u00e0cies a l&#8217;eleg\u00e0ncia i l&#8217;exclusivitat de les seves col\u00b7leccions.<\/p>\n<p>En 1988 es llic\u00e8ncia amb matr\u00edcula d&#8217;honor en el prestigi\u00f3s institut d&#8217;art d&#8217;Arnhem. Poc despr\u00e9s comen\u00e7a a presentar els seus primers projectes, reben molt bones cr\u00edtiques en les revistes m\u00e9s prestigioses del m\u00f3n del disseny.<\/p>\n<p>Pocs anys despr\u00e9s, salta a la fama amb la ic\u00f2nica cadira Knotted, que es va convertir en un aut\u00e8ntic Best-Seller i actualment \u00e9s tota una refer\u00e8ncia del disseny contemporani.<\/p>\n<p>L&#8217;any 2000 funda la firma Moooi, que amb els anys s&#8217;ha convertit en una marca de refer\u00e8ncia al m\u00f3n de l&#8217;interiorisme. Paral\u00b7lelament Marcel Wanders treballa com a assessor en projectes d&#8217;arquitectura I disseny d&#8217;interiors.<\/p>\n<p>Les obres de Wanders han estat exposades en museus, hotels, aeroports i espais p\u00fablics de les principals capitals mundials. Podem trobar alguns dels seus projectes en el V&#038;A Museum de Londres, el Stedelijk Museum de Amsterdam o en el Museum di Arti Decorative de Copenhague.<\/p>\n<p>Marcel Wanders ha estat guardonat amb alguns dels premis m\u00e9s prestigiosos del m\u00f3n del disseny com el &#8220;Best interior professionals&#8221; o el Dutch Woonawards.<\/p>\n<p>A MIRSA interiorisme &#038; mobiliari disposem d&#8217;una selecci\u00f3 de les millors col\u00b7leccions de Marcel Wanders. Per a m\u00e9s informaci\u00f3, visiti el nostre Showroom o contacti amb nosaltres.[\/vc_column_text][\/vc_column][\/vc_row][vc_row full_width=&#8221;stretch_row_content_no_spaces&#8221; css=&#8221;.vc_custom_1589960397272{margin-top: -20px !important;}&#8221;][vc_column][vc_separator color=&#8221;custom&#8221; accent_color=&#8221;#c7c2ba&#8221;][\/vc_column][\/vc_row][vc_row full_width=&#8221;stretch_row_content&#8221; css=&#8221;.vc_custom_1589964968246{margin-top: -20px !important;}&#8221;][vc_column][vc_column_text]<\/p>\n<div id=\"shrAnchor\" style=\"position: relative; top: -125px;\"><\/div>\n<p><iframe id=\"shrFrm\" style=\"width: 100%; margin: 0; border: none; overflow: hidden;\" src=\"https:\/\/vsr.architonic.com\/es\/8201494\/products\/2\/3210002\/1?PHPSESSID=gsomq3ajdhmfe067rogjjr5jf3&#038;usage=&#038;productgroup=&#038;manufacturer=&#038;designer=5201125\"><\/iframe><br \/>\n<script src=\"https:\/\/vsr.architonic.com\/assets\/js\/shared\/jquery.responsiveiframe_inhp.js\"><\/script><script type='text\/javascript'>var regex=new RegExp('[\\?]shrPrm=([^#]*)');var res=regex.exec(window.location.href);var shrPrm=(res!=null?decodeURIComponent(res[1]):'');if(''!=shrPrm)document.getElementById('shrFrm').src='https:\/\/vsr.architonic.com\/'+shrPrm;(function(e){e(function(){e('#shrFrm').responsiveIframe()})})(jQuery)<\/script>[\/vc_column_text][\/vc_column][\/vc_row][\/vc_section]<\/p>\n<\/div>","protected":false},"excerpt":{"rendered":"<p>[vc_section][vc_row full_width=&#8221;stretch_row_content&#8221;][vc_column][vc_column_text]Enrere[\/vc_column_text][\/vc_column][\/vc_row][vc_row full_width=&#8221;stretch_row_content&#8221; css=&#8221;.vc_custom_1589961005492{margin-top: -15px !important;}&#8221;][vc_column width=&#8221;1\/3&#8243;][\/vc_column][vc_column width=&#8221;2\/3&#8243;][vc_column_text]Marcel Wander \u00e9s un prestigi\u00f3s dissenyador holand\u00e8s reconegut mundialment gr\u00e0cies a l&#8217;eleg\u00e0ncia i l&#8217;exclusivitat de les seves col\u00b7leccions. En 1988 es llic\u00e8ncia amb matr\u00edcula d&#8217;honor en el prestigi\u00f3s institut d&#8217;art d&#8217;Arnhem. Poc despr\u00e9s comen\u00e7a a presentar els seus primers projectes, reben molt bones cr\u00edtiques en les revistes m\u00e9s [&hellip;]<\/p>\n","protected":false},"author":1,"featured_media":0,"parent":0,"menu_order":0,"comment_status":"closed","ping_status":"closed","template":"","meta":{"footnotes":""},"class_list":["post-49144","page","type-page","status-publish","hentry"],"aioseo_notices":[],"_links":{"self":[{"href":"https:\/\/www.mirsa.es\/ca\/wp-json\/wp\/v2\/pages\/49144","targetHints":{"allow":["GET"]}}],"collection":[{"href":"https:\/\/www.mirsa.es\/ca\/wp-json\/wp\/v2\/pages"}],"about":[{"href":"https:\/\/www.mirsa.es\/ca\/wp-json\/wp\/v2\/types\/page"}],"author":[{"embeddable":true,"href":"https:\/\/www.mirsa.es\/ca\/wp-json\/wp\/v2\/users\/1"}],"replies":[{"embeddable":true,"href":"https:\/\/www.mirsa.es\/ca\/wp-json\/wp\/v2\/comments?post=49144"}],"version-history":[{"count":0,"href":"https:\/\/www.mirsa.es\/ca\/wp-json\/wp\/v2\/pages\/49144\/revisions"}],"wp:attachment":[{"href":"https:\/\/www.mirsa.es\/ca\/wp-json\/wp\/v2\/media?parent=49144"}],"curies":[{"name":"wp","href":"https:\/\/api.w.org\/{rel}","templated":true}]}}