{"id":49133,"date":"2018-06-15T12:35:15","date_gmt":"2018-06-15T10:35:15","guid":{"rendered":"http:\/\/www.mirsa.es.mialias.net\/maoli-muebles-italianos\/"},"modified":"2024-05-18T09:38:04","modified_gmt":"2024-05-18T09:38:04","slug":"maoli-muebles-italianos","status":"publish","type":"page","link":"https:\/\/www.mirsa.es\/ca\/maoli-muebles-italianos\/","title":{"rendered":"Ma\u00f2li mobles italians"},"content":{"rendered":"<div class=\"wpb-content-wrapper\"><p>[vc_row css=&#8221;.vc_custom_1583596731269{margin-left: -50px !important;}&#8221;][vc_column][vc_column_text]<a href=\"javascript:history.go(-1)\" onmouseover=\"self.status=document.referrer;return true\" style=\"color: black;\">Enrere<\/a>[\/vc_column_text][\/vc_column][\/vc_row][vc_row][vc_column][vc_column_text]<br \/>\n<img decoding=\"async\" class=\"wp-image-1077 size-large aligncenter\" title=\"Ma\u00f2li mobles italians\" src=\"\/wp-content\/uploads\/2020\/06\/maoil_muebles_italianos.jpg\" alt=\"Ma\u00f2li mobles italians\" width=\"100%\" height=\"400\" \/><\/p>\n<h2 style=\"font-size: 16px; text-align: left;\"><strong>Ma\u00f3li \u00e9s una reconeguda firma italiana de mobiliari que destaca per l\u2019eleg\u00e0ncia i l\u2019exclusivitat de totes les seves col\u00b7leccions.<\/strong><\/h2>\n<p style=\"font-size: 16px; text-align: left;\">Les llums i les formes de la natura serveixen com a inspiraci\u00f3 a la marca, que presenta un espectacular cat\u00e0leg de productes d\u2019una gran bellesa est\u00e8tica, fabricats amb fusta de primera qualitat provinent de Madagascar i Laos.<\/p>\n<p style=\"font-size: 16px; text-align: left;\">Alguns dels dissenyadors m\u00e9s importants del panorama internacional han treballat per a la firma, i han contribu\u00eft a la seva consolidaci\u00f3 com a referent internacional. Al 2007 Ma\u00f3li va rebre el prestigi\u00f3s premi Good Design Award, un dels reconeixements m\u00e9s importants dins del m\u00f3n del disseny.<\/p>\n<p style=\"font-size: 16px; text-align: left;\">A MIRSA interiorisme &#038; mobiliari som distribu\u00efdors oficials Ma\u00f3li. Per a m\u00e9s informaci\u00f3, visiti el nostre Showroom o contacti amb nosaltres.<\/p>\n<p>[\/vc_column_text][\/vc_column][\/vc_row]<\/p>\n<\/div>","protected":false},"excerpt":{"rendered":"<p>[vc_row css=&#8221;.vc_custom_1583596731269{margin-left: -50px !important;}&#8221;][vc_column][vc_column_text]Enrere[\/vc_column_text][\/vc_column][\/vc_row][vc_row][vc_column][vc_column_text] Ma\u00f3li \u00e9s una reconeguda firma italiana de mobiliari que destaca per l\u2019eleg\u00e0ncia i l\u2019exclusivitat de totes les seves col\u00b7leccions. Les llums i les formes de la natura serveixen com a inspiraci\u00f3 a la marca, que presenta un espectacular cat\u00e0leg de productes d\u2019una gran bellesa est\u00e8tica, fabricats amb fusta de primera qualitat [&hellip;]<\/p>\n","protected":false},"author":1,"featured_media":0,"parent":0,"menu_order":0,"comment_status":"closed","ping_status":"closed","template":"","meta":{"footnotes":""},"class_list":["post-49133","page","type-page","status-publish","hentry"],"aioseo_notices":[],"_links":{"self":[{"href":"https:\/\/www.mirsa.es\/ca\/wp-json\/wp\/v2\/pages\/49133","targetHints":{"allow":["GET"]}}],"collection":[{"href":"https:\/\/www.mirsa.es\/ca\/wp-json\/wp\/v2\/pages"}],"about":[{"href":"https:\/\/www.mirsa.es\/ca\/wp-json\/wp\/v2\/types\/page"}],"author":[{"embeddable":true,"href":"https:\/\/www.mirsa.es\/ca\/wp-json\/wp\/v2\/users\/1"}],"replies":[{"embeddable":true,"href":"https:\/\/www.mirsa.es\/ca\/wp-json\/wp\/v2\/comments?post=49133"}],"version-history":[{"count":0,"href":"https:\/\/www.mirsa.es\/ca\/wp-json\/wp\/v2\/pages\/49133\/revisions"}],"wp:attachment":[{"href":"https:\/\/www.mirsa.es\/ca\/wp-json\/wp\/v2\/media?parent=49133"}],"curies":[{"name":"wp","href":"https:\/\/api.w.org\/{rel}","templated":true}]}}