{"id":49116,"date":"2018-03-03T18:15:51","date_gmt":"2018-03-03T17:15:51","guid":{"rendered":"http:\/\/www.mirsa.es.mialias.net\/magis-design-muebles\/"},"modified":"2024-05-18T09:29:29","modified_gmt":"2024-05-18T09:29:29","slug":"magis-design-muebles","status":"publish","type":"page","link":"https:\/\/www.mirsa.es\/ca\/magis-design-muebles\/","title":{"rendered":"Magis Design Mobles"},"content":{"rendered":"<div class=\"wpb-content-wrapper\"><p>[vc_row css=&#8221;.vc_custom_1583596731269{margin-left: -50px !important;}&#8221;][vc_column][vc_column_text]<a style=\"color:black;\" href=\"javascript:history.go(-1)\" onmouseover=\"self.status=document.referrer;return true\">Atr\u00e1s<\/a>[\/vc_column_text][\/vc_column][\/vc_row][vc_row][vc_column][vc_column_text]<br \/>\n<img decoding=\"async\" class=\"wp-image-1077 size-large aligncenter\" title=\"Magis Design Muebles\" src=\"\/wp-content\/uploads\/2020\/06\/magis_design_muebles_portada.jpg\" alt=\"Magis Design Muebles\" width=\"100%\" height=\"400\" \/><\/p>\n<h2 style=\"font-size: 16px; text-align: left;\"><strong>Magis \u00e9s una prestigiosa firma de mobiliari fundada al 1976 per Eugeni Perazza que s\u2019ha consolidat com una refer\u00e8ncia al m\u00f3n de l\u2019interiorisme.<\/strong><\/h2>\n<p style=\"font-size: 16px; text-align: left;\">L\u2019\u00e8xit de la marca radica en la gran qualitat de les seves col\u00b7leccions, que es caracteritzen pel seu disseny contemporani i funcional.<\/p>\n<p style=\"font-size: 16px; text-align: left;\">Alguns dels millors dissenyadors del panorama internacional com Stefano Giovannoni, Jasper Morrison, Konstantin Grcic, Ronan &amp; Erwan Bouroullec, Marc Newson, Ron Arad o Naoto Fukasawa han treballat per a la firma.<\/p>\n<p style=\"font-size: 16px; text-align: left;\">Els productes s\u00f3n elaborats mitjan\u00e7ant t\u00e8cniques artesanals I processos tecnol\u00f2gics d\u2019\u00faltima generaci\u00f3, combinant aix\u00ed innovaci\u00f3 amb l\u2019experi\u00e8ncia tradicional.<\/p>\n<p style=\"font-size: 16px; text-align: left;\">A MIRSA interiorisme &amp; mobiliari som distribu\u00efdors oficials Magis. Per a m\u00e9s informaci\u00f3, visiti el nostre Showroom o contacti amb nosaltres.<\/p>\n<p>[\/vc_column_text][\/vc_column][\/vc_row][vc_section][vc_row full_width=&#8221;stretch_row_content_no_spaces&#8221;][vc_column][vc_column_text]<iframe id=\"embedded-ads-iframe-website\" width=\"100%\" height=\"600\" data-originsrc=\"https:\/\/mirsa.daloom.com\/es\/productos\/mobiliario\/brand_magis\"><\/iframe><br \/>\n<script defer src=\"https:\/\/mirsa.daloom.com\/js\/parent-embedded-script.min.js\"><\/script>[\/vc_column_text][\/vc_column][\/vc_row][\/vc_section]<\/p>\n<\/div>","protected":false},"excerpt":{"rendered":"<p>[vc_row css=&#8221;.vc_custom_1583596731269{margin-left: -50px !important;}&#8221;][vc_column][vc_column_text]Atr\u00e1s[\/vc_column_text][\/vc_column][\/vc_row][vc_row][vc_column][vc_column_text] Magis \u00e9s una prestigiosa firma de mobiliari fundada al 1976 per Eugeni Perazza que s\u2019ha consolidat com una refer\u00e8ncia al m\u00f3n de l\u2019interiorisme. L\u2019\u00e8xit de la marca radica en la gran qualitat de les seves col\u00b7leccions, que es caracteritzen pel seu disseny contemporani i funcional. Alguns dels millors dissenyadors del panorama [&hellip;]<\/p>\n","protected":false},"author":1,"featured_media":0,"parent":0,"menu_order":0,"comment_status":"closed","ping_status":"closed","template":"","meta":{"footnotes":""},"class_list":["post-49116","page","type-page","status-publish","hentry"],"aioseo_notices":[],"_links":{"self":[{"href":"https:\/\/www.mirsa.es\/ca\/wp-json\/wp\/v2\/pages\/49116","targetHints":{"allow":["GET"]}}],"collection":[{"href":"https:\/\/www.mirsa.es\/ca\/wp-json\/wp\/v2\/pages"}],"about":[{"href":"https:\/\/www.mirsa.es\/ca\/wp-json\/wp\/v2\/types\/page"}],"author":[{"embeddable":true,"href":"https:\/\/www.mirsa.es\/ca\/wp-json\/wp\/v2\/users\/1"}],"replies":[{"embeddable":true,"href":"https:\/\/www.mirsa.es\/ca\/wp-json\/wp\/v2\/comments?post=49116"}],"version-history":[{"count":0,"href":"https:\/\/www.mirsa.es\/ca\/wp-json\/wp\/v2\/pages\/49116\/revisions"}],"wp:attachment":[{"href":"https:\/\/www.mirsa.es\/ca\/wp-json\/wp\/v2\/media?parent=49116"}],"curies":[{"name":"wp","href":"https:\/\/api.w.org\/{rel}","templated":true}]}}