{"id":49105,"date":"2018-06-15T10:28:16","date_gmt":"2018-06-15T08:28:16","guid":{"rendered":"http:\/\/www.mirsa.es.mialias.net\/luceplan-iluminacion\/"},"modified":"2024-05-22T08:16:08","modified_gmt":"2024-05-22T08:16:08","slug":"luceplan-iluminacion","status":"publish","type":"page","link":"https:\/\/www.mirsa.es\/ca\/luceplan-iluminacion\/","title":{"rendered":"Luceplan Il\u00b7luminaci\u00f3"},"content":{"rendered":"<div class=\"wpb-content-wrapper\"><p>[vc_row css=&#8221;.vc_custom_1583596731269{margin-left: -50px !important;}&#8221;][vc_column][vc_column_text]<a style=\"color:black;\" href=\"javascript:history.go(-1)\" onmouseover=\"self.status=document.referrer;return true\">Enrere<\/a>[\/vc_column_text][\/vc_column][\/vc_row][vc_row][vc_column][vc_column_text]<\/p>\n<h5><img decoding=\"async\" class=\"wp-image-1077 size-large aligncenter\" title=\"Luceplan Il\u00b7luminaci\u00f3\" src=\"\/wp-content\/uploads\/2020\/06\/luceplan_iluminacion.jpg\" alt=\"Luceplan Il\u00b7luminaci\u00f3\" width=\"100%\" height=\"400\" \/><\/h5>\n<p style=\"font-size: 16px; text-align: left;\"><strong>Luceplan \u00e9s una reconeguda firma internacional dedicada a la fabricaci\u00f3 i distribuci\u00f3 de productes d\u2019il\u00b7luminaci\u00f3 d\u2019alta gamma.<\/strong><\/p>\n<p style=\"font-size: 16px; text-align: left;\">Fundada al 1978, la firma \u00e9s actualment una refer\u00e8ncia mundial en el sector de la il\u00b7luminaci\u00f3 i el disseny. Experimentaci\u00f3, investigaci\u00f3 i qualitat s\u00f3n els pilars fonamentals de la filosofia de l\u2019empresa.<\/p>\n<p style=\"font-size: 16px; text-align: left;\">La passi\u00f3 pel disseny i la innovaci\u00f3 empresarial s\u00f3n caracter\u00edstiques inequ\u00edvoques de Luceplan, que l\u2019han convertit en una refer\u00e8ncia mundial, disposant actualment de m\u00e9s de 2000 punts de venda arreu del m\u00f3n.<\/p>\n<p style=\"font-size: 16px; text-align: left;\">A MIRSA interiorisme &#038; mobiliari disposem d\u2019una extensa gamma de productes Luceplan. Per a m\u00e9s informaci\u00f3, visiti el nostre Showroom o contacti amb nosaltres.<\/p>\n<p>[\/vc_column_text][\/vc_column][\/vc_row]<\/p>\n<\/div>","protected":false},"excerpt":{"rendered":"<p>[vc_row css=&#8221;.vc_custom_1583596731269{margin-left: -50px !important;}&#8221;][vc_column][vc_column_text]Enrere[\/vc_column_text][\/vc_column][\/vc_row][vc_row][vc_column][vc_column_text] Luceplan \u00e9s una reconeguda firma internacional dedicada a la fabricaci\u00f3 i distribuci\u00f3 de productes d\u2019il\u00b7luminaci\u00f3 d\u2019alta gamma. Fundada al 1978, la firma \u00e9s actualment una refer\u00e8ncia mundial en el sector de la il\u00b7luminaci\u00f3 i el disseny. Experimentaci\u00f3, investigaci\u00f3 i qualitat s\u00f3n els pilars fonamentals de la filosofia de l\u2019empresa. La passi\u00f3 [&hellip;]<\/p>\n","protected":false},"author":1,"featured_media":0,"parent":0,"menu_order":0,"comment_status":"closed","ping_status":"closed","template":"","meta":{"footnotes":""},"class_list":["post-49105","page","type-page","status-publish","hentry"],"aioseo_notices":[],"_links":{"self":[{"href":"https:\/\/www.mirsa.es\/ca\/wp-json\/wp\/v2\/pages\/49105","targetHints":{"allow":["GET"]}}],"collection":[{"href":"https:\/\/www.mirsa.es\/ca\/wp-json\/wp\/v2\/pages"}],"about":[{"href":"https:\/\/www.mirsa.es\/ca\/wp-json\/wp\/v2\/types\/page"}],"author":[{"embeddable":true,"href":"https:\/\/www.mirsa.es\/ca\/wp-json\/wp\/v2\/users\/1"}],"replies":[{"embeddable":true,"href":"https:\/\/www.mirsa.es\/ca\/wp-json\/wp\/v2\/comments?post=49105"}],"version-history":[{"count":0,"href":"https:\/\/www.mirsa.es\/ca\/wp-json\/wp\/v2\/pages\/49105\/revisions"}],"wp:attachment":[{"href":"https:\/\/www.mirsa.es\/ca\/wp-json\/wp\/v2\/media?parent=49105"}],"curies":[{"name":"wp","href":"https:\/\/api.w.org\/{rel}","templated":true}]}}