{"id":49102,"date":"2018-11-08T20:04:23","date_gmt":"2018-11-08T19:04:23","guid":{"rendered":"http:\/\/www.mirsa.es.mialias.net\/luca-nichetto-colecciones\/"},"modified":"2024-06-01T11:13:11","modified_gmt":"2024-06-01T11:13:11","slug":"luca-nichetto-colecciones","status":"publish","type":"page","link":"https:\/\/www.mirsa.es\/ca\/luca-nichetto-colecciones\/","title":{"rendered":"Luca Nichetto Col\u00b7leccions"},"content":{"rendered":"<div class=\"wpb-content-wrapper\"><p>[vc_section][vc_row full_width=&#8221;stretch_row_content&#8221;][vc_column][vc_column_text]<a style=\"color:black;\" href=\"javascript:history.go(-1)\" onmouseover=\"self.status=document.referrer;return true\">Enrere<\/a>[\/vc_column_text][\/vc_column][\/vc_row][vc_row full_width=&#8221;stretch_row_content&#8221; css=&#8221;.vc_custom_1589961005492{margin-top: -15px !important;}&#8221;][vc_column width=&#8221;1\/3&#8243;]<div  class=\"wpb_content_element   clearfix\"><style type=\"text\/css\">#ut_am_6a092367422ce { opacity: 1; }#ut_am_wrap_6a092367422cf { text-align: left; }@media (min-width: 768px) and (max-width: 1024px) { #ut_am_wrap_6a092367422cf { text-align: left !important; } }@media (max-width: 767px) { #ut_am_wrap_6a092367422cf { text-align: center !important; } }<\/style><div id=\"ut_am_wrap_6a092367422cf\" class=\"ut-image-gallery-image \"><div id=\"ut_reveal_6a092367422d0\"  data-appear-top-offset=\"auto\" class=\"ut-animated-image-item ut-image-gallery-item ut-animation-done \"><a class=\"ut-deactivated-link\" href=\"#\"><div class=\"ut-animated-image-zoom\">\r\n        <div class=\"ut-element-glitch-wrap\">\r\n\r\n            \r\n        <style type=\"text\/css\">\r\n\r\n                        \r\n        @media (min-width: 1025px) {\r\n\r\n        #ut-element-glitch-6a092367422f5932518874-30260 .ut-glitch-single-element {\r\n                                            \r\n                }\r\n        }\r\n\r\n        @media (min-width: 768px) and (max-width: 1024px) {\r\n\r\n        #ut-element-glitch-6a092367422f5932518874-30260 .ut-glitch-single-element {\r\n                                                \r\n                    }\r\n        }\r\n\r\n        @media (max-width: 767px) {\r\n\r\n        #ut-element-glitch-6a092367422f5932518874-30260 .ut-glitch-single-element {\r\n                                                \r\n                    }\r\n        }\r\n\r\n        \r\n        <\/style>\r\n\r\n        \r\n            <div id=\"ut-element-glitch-6a092367422f5932518874-30260\" class=\" ut-element-glitch ut-glitch-none ut-element-glitch-permanent\">\r\n                <div class=\"ut-glitch-single-element ut-lozad skip-lazy\" data-background-image=\"https:\/\/www.mirsa.es\/wp-content\/uploads\/2020\/05\/luca_nichetto.jpg\"><\/div>\r\n                <div class=\"ut-glitch-single-element ut-lozad skip-lazy\" data-background-image=\"https:\/\/www.mirsa.es\/wp-content\/uploads\/2020\/05\/luca_nichetto.jpg\"><\/div>\r\n                <div class=\"ut-glitch-single-element ut-lozad skip-lazy\" data-background-image=\"https:\/\/www.mirsa.es\/wp-content\/uploads\/2020\/05\/luca_nichetto.jpg\"><\/div>\r\n                <div class=\"ut-glitch-single-element ut-lozad skip-lazy\" data-background-image=\"https:\/\/www.mirsa.es\/wp-content\/uploads\/2020\/05\/luca_nichetto.jpg\"><\/div>\r\n                <div class=\"ut-glitch-single-element ut-lozad skip-lazy\" data-background-image=\"https:\/\/www.mirsa.es\/wp-content\/uploads\/2020\/05\/luca_nichetto.jpg\"><\/div>\r\n            <\/div>\r\n\r\n        <\/div>\r\n\r\n        <img loading=\"lazy\" decoding=\"async\" class=\"ut-lazy skip-lazy ut-animated-image \"  id=\"ut_am_6a092367422ce\" src=\"data:image\/svg+xml;charset=utf-8,%3Csvg xmlns%3D'http%3A%2F%2Fwww.w3.org%2F2000%2Fsvg' viewBox%3D'0 0 600 600'%2F%3E\" data-src=\"https:\/\/www.mirsa.es\/wp-content\/uploads\/2020\/05\/luca_nichetto.jpg\" width=\"600\" height=\"600\" alt=\"\"\/><\/div><\/a><\/div><\/div><\/div>[\/vc_column][vc_column width=&#8221;2\/3&#8243;][vc_column_text]Luca Nichetto \u00e9s un reconegut dissenyador i arquitecte itali\u00e0 nascut a Val\u00e8ncia l&#8217;any 1976, que es caracteritza pel seu estil contemporani i innovador.<\/p>\n<p>Nichetto es gradua al prestigi\u00f3s Institut d&#8217;Art de Ven\u00e8cia. Posteriorment es va matricular a l&#8217;Institut Universitari d&#8217;Arquitectura de Venecia (IUAV), on es va llicenciar com a Dissenyador Industrial.<\/p>\n<p>Al 1999 inicia la seva carrera professional, presentant els seus primers projectes per a la firma Salviati Murano, rebent molt bones cr\u00edtiques per part dels experts. Aquell mateix any comen\u00e7a a treballar per a Foscarinni on a m\u00e9s de col\u00b7laborar amb els seus dissenys, va exercir com a assessor de materials I desenvolupament de productes.<\/p>\n<p>Al 2006 decideix fundar la seva propia firma de disseny anomenada Nichetto&amp;Partners, on es dedica al projecte industrial i a l&#8217;assessorament en el m\u00f3n del disseny. Al 2011 la seva marca s&#8217;expandeix, obrint una nova oficina a Estocolm, Su\u00e8cia.<\/p>\n<p>Les col\u00b7leccions de Nichetto han estat guardonades amb alguns dels premis m\u00e9s prestigiosos del m\u00f3n del disseny com el Premi de Disseny de Producte IF (2008), el Premi al millor Disseny del Chicago Atheneum Museum of Architecture (2008) o el Premi al millor Dissenyador Joves Talents (2009).<\/p>\n<p>A MIRSA interiorisme &amp; mobiliari disposem en exclusiva d&#8217;una selecci\u00f3 de les millors col\u00b7leccions de Luca Nichetto. Per a m\u00e9s informaci\u00f3, visiti el nostre Showroom o contacti amb nosaltres.<\/p>\n<p>[\/vc_column_text][\/vc_column][\/vc_row][vc_row full_width=&#8221;stretch_row_content_no_spaces&#8221; css=&#8221;.vc_custom_1589960397272{margin-top: -20px !important;}&#8221;][vc_column][vc_separator color=&#8221;custom&#8221; accent_color=&#8221;#c7c2ba&#8221;][\/vc_column][\/vc_row][vc_row full_width=&#8221;stretch_row_content&#8221; css=&#8221;.vc_custom_1589964968246{margin-top: -20px !important;}&#8221;][vc_column][vc_column_text]<iframe id=\"embedded-ads-iframe-website\" width=\"100%\" height=\"600\" data-originsrc=\"https:\/\/mirsa.daloom.com\/es\/productos\/disenadore_luca-nichetto\"><\/iframe><br \/>\n<script defer src=\"https:\/\/mirsa.daloom.com\/js\/parent-embedded-script.min.js\"><\/script>[\/vc_column_text][\/vc_column][\/vc_row][\/vc_section]<\/p>\n<\/div>","protected":false},"excerpt":{"rendered":"<p>[vc_section][vc_row full_width=&#8221;stretch_row_content&#8221;][vc_column][vc_column_text]Enrere[\/vc_column_text][\/vc_column][\/vc_row][vc_row full_width=&#8221;stretch_row_content&#8221; css=&#8221;.vc_custom_1589961005492{margin-top: -15px !important;}&#8221;][vc_column width=&#8221;1\/3&#8243;][\/vc_column][vc_column width=&#8221;2\/3&#8243;][vc_column_text]Luca Nichetto \u00e9s un reconegut dissenyador i arquitecte itali\u00e0 nascut a Val\u00e8ncia l&#8217;any 1976, que es caracteritza pel seu estil contemporani i innovador. Nichetto es gradua al prestigi\u00f3s Institut d&#8217;Art de Ven\u00e8cia. Posteriorment es va matricular a l&#8217;Institut Universitari d&#8217;Arquitectura de Venecia (IUAV), on es va llicenciar com [&hellip;]<\/p>\n","protected":false},"author":1,"featured_media":0,"parent":0,"menu_order":0,"comment_status":"closed","ping_status":"closed","template":"","meta":{"footnotes":""},"class_list":["post-49102","page","type-page","status-publish","hentry"],"aioseo_notices":[],"_links":{"self":[{"href":"https:\/\/www.mirsa.es\/ca\/wp-json\/wp\/v2\/pages\/49102","targetHints":{"allow":["GET"]}}],"collection":[{"href":"https:\/\/www.mirsa.es\/ca\/wp-json\/wp\/v2\/pages"}],"about":[{"href":"https:\/\/www.mirsa.es\/ca\/wp-json\/wp\/v2\/types\/page"}],"author":[{"embeddable":true,"href":"https:\/\/www.mirsa.es\/ca\/wp-json\/wp\/v2\/users\/1"}],"replies":[{"embeddable":true,"href":"https:\/\/www.mirsa.es\/ca\/wp-json\/wp\/v2\/comments?post=49102"}],"version-history":[{"count":0,"href":"https:\/\/www.mirsa.es\/ca\/wp-json\/wp\/v2\/pages\/49102\/revisions"}],"wp:attachment":[{"href":"https:\/\/www.mirsa.es\/ca\/wp-json\/wp\/v2\/media?parent=49102"}],"curies":[{"name":"wp","href":"https:\/\/api.w.org\/{rel}","templated":true}]}}