{"id":49094,"date":"2019-01-29T18:57:38","date_gmt":"2019-01-29T17:57:38","guid":{"rendered":"http:\/\/www.mirsa.es.mialias.net\/lowlands-ligne-roset\/"},"modified":"2021-01-14T08:39:54","modified_gmt":"2021-01-14T08:39:54","slug":"lowlands-ligne-roset","status":"publish","type":"page","link":"https:\/\/www.mirsa.es\/ca\/lowlands-ligne-roset\/","title":{"rendered":"Lowlands Ligne Roset"},"content":{"rendered":"<div class=\"wpb-content-wrapper\"><p>[vc_row][vc_column][vc_column_text]<\/p>\n<h5><img decoding=\"async\" class=\"wp-image-1077 size-large aligncenter\" title=\"Lowlands Ligne Roset\" src=\"\/wp-content\/uploads\/2020\/07\/lowlands_ligne_roset.jpg\" alt=\"Lowlands Ligne Roset\" width=\"100%\" height=\"400\"\/><\/h5>\n<p style=\"font-size: 16px; text-align: left;\"><strong>Lowlands \u00e9s la nova col\u00b7lecci\u00f3 de taules patentada pel prestigi\u00f3s estudi B\u00f6ttcher &#038; Kayser per a la firma francesa Ligne Roset.<\/strong><\/p>\n<p style=\"font-size: 16px; text-align: left;\">B\u00f6ttcher &#038; Kayser est\u00e0 formada pels dissenyadors B\u00f6ttcher i Nikolaus Kayser, reconeguts mundialment gr\u00e0cies als seus projectes realitzats per a marques com Norman Copenhagen, Sch\u00f6nbuch o Zero entre d\u2019altres.<\/p>\n<p style=\"font-size: 16px; text-align: left;\">Lowlands \u00e9s una taula decorativa i funcional, que destaca per les seves quatre superf\u00edcies posicionades a diverses al\u00e7ades, que transmet dinamisme i vitalitat.<\/p>\n<p style=\"font-size: 16px; text-align: left;\">La taula destaca per la seva eleg\u00e0ncia i versatilitat, oferint solucions per a qualsevol tipus d\u2019espai i convertint-se en un recurs ideal gr\u00e0cies al seu sistema d\u2019emmagatzematge.<\/p>\n<p style=\"font-size: 16px; text-align: left;\">L\u2019acer blav\u00f3s de la seva estructura li ofereix una protecci\u00f3 natural antioxidant, allargant aix\u00ed considerablement la vida \u00fatil del producte.<\/p>\n<p style=\"font-size: 16px; text-align: left;\">A MIRSA interiorisme &#038; mobiliari som distribu\u00efdors oficials Ligne Roset. Per a m\u00e9s informaci\u00f3, visiti el nostre Showroom o contacti amb nosaltres.<\/p>\n<p>[\/vc_column_text][vc_row_inner][vc_column_inner]<style type=\"text\/css\">#bklyn_btn_69d18a71bf393 .bklyn-btn { color:#ffffff !important; background-color:black !important; }<\/style><div id=\"bklyn_btn_69d18a71bf393\" class=\"bklyn-btn-holder  bklyn-btn-center bklyn-btn-tablet-center bklyn-btn-mobile-center\"><a title=\"Contacto\"   href=\"\/contacto\" target=\"_self\" class=\"bklyn-btn  bklyn-btn-icon-left bklyn-btn-normal\" ><i class=\"fa fa-envelope\"><\/i><span class=\"ut-btn-text\">M\u00e9s informaci\u00f3<\/span><\/a><\/div>[\/vc_column_inner][\/vc_row_inner][\/vc_column][\/vc_row]<\/p>\n<\/div>","protected":false},"excerpt":{"rendered":"<p>[vc_row][vc_column][vc_column_text] Lowlands \u00e9s la nova col\u00b7lecci\u00f3 de taules patentada pel prestigi\u00f3s estudi B\u00f6ttcher &#038; Kayser per a la firma francesa Ligne Roset. B\u00f6ttcher &#038; Kayser est\u00e0 formada pels dissenyadors B\u00f6ttcher i Nikolaus Kayser, reconeguts mundialment gr\u00e0cies als seus projectes realitzats per a marques com Norman Copenhagen, Sch\u00f6nbuch o Zero entre d\u2019altres. Lowlands \u00e9s una taula [&hellip;]<\/p>\n","protected":false},"author":1,"featured_media":0,"parent":0,"menu_order":0,"comment_status":"closed","ping_status":"closed","template":"","meta":{"footnotes":""},"class_list":["post-49094","page","type-page","status-publish","hentry"],"aioseo_notices":[],"_links":{"self":[{"href":"https:\/\/www.mirsa.es\/ca\/wp-json\/wp\/v2\/pages\/49094","targetHints":{"allow":["GET"]}}],"collection":[{"href":"https:\/\/www.mirsa.es\/ca\/wp-json\/wp\/v2\/pages"}],"about":[{"href":"https:\/\/www.mirsa.es\/ca\/wp-json\/wp\/v2\/types\/page"}],"author":[{"embeddable":true,"href":"https:\/\/www.mirsa.es\/ca\/wp-json\/wp\/v2\/users\/1"}],"replies":[{"embeddable":true,"href":"https:\/\/www.mirsa.es\/ca\/wp-json\/wp\/v2\/comments?post=49094"}],"version-history":[{"count":0,"href":"https:\/\/www.mirsa.es\/ca\/wp-json\/wp\/v2\/pages\/49094\/revisions"}],"wp:attachment":[{"href":"https:\/\/www.mirsa.es\/ca\/wp-json\/wp\/v2\/media?parent=49094"}],"curies":[{"name":"wp","href":"https:\/\/api.w.org\/{rel}","templated":true}]}}