{"id":49086,"date":"2018-10-03T19:45:20","date_gmt":"2018-10-03T17:45:20","guid":{"rendered":"http:\/\/www.mirsa.es.mialias.net\/lounge-chair-vitra\/"},"modified":"2021-01-13T18:17:37","modified_gmt":"2021-01-13T18:17:37","slug":"lounge-chair-vitra","status":"publish","type":"page","link":"https:\/\/www.mirsa.es\/ca\/lounge-chair-vitra\/","title":{"rendered":"Lounge Chair Vitra"},"content":{"rendered":"<div class=\"wpb-content-wrapper\"><p>[vc_row][vc_column][vc_column_text]<\/p>\n<h5><img decoding=\"async\" class=\"wp-image-1077 size-large aligncenter\" title=\"Lounge Chair Vitra - Molteni &amp; C\" src=\"\/wp-content\/uploads\/2020\/07\/lounge_chair_vitra_portada.jpg\" alt=\"Lounge Chair Vitra - Molteni &amp; C\" width=\"100%\" height=\"400\" \/><\/h5>\n<p style=\"font-size: 16px; text-align: left;\"><strong>Lounge Chair \u00e9s una versi\u00f3 actualitzada d\u2019una de les butaques m\u00e9s ic\u00f2niques de Vitra, inspirada en les antigues butaques dels pubs anglesos.<\/strong><\/p>\n<p style=\"font-size: 16px; text-align: left;\">Es tracta d\u2019una butaca \u00e0mplia i equilibrada constru\u00efda amb els millors materials, que garanteix la m\u00e0xima comoditat gr\u00e0cies a la seva estructura ergon\u00f2mica.<\/p>\n<p style=\"font-size: 16px; text-align: left;\">Sens dubte la pe\u00e7a original, patentada per Charles i Ray Earnes al 1956, va marcar un abans i un despr\u00e9s al m\u00f3n del disseny: no nom\u00e9s van millorar i perfeccionar la antiga butaca anglesa, sin\u00f3 que a m\u00e9s van aconseguir fer-la m\u00e9s lleugera, c\u00f2moda i elegant.<\/p>\n<p style=\"font-size: 16px; text-align: left;\">La butaca est\u00e0 disponible en dues mides: la versi\u00f3 cl\u00e0ssica i una nova de grans dimensions. La pe\u00e7a pot ser personalitzada amb infinitat d\u2019entapissats, carcasses i bases.<\/p>\n<p style=\"font-size: 16px; text-align: left;\">A MIRSA interiorisme &#038; mobiliari som distribu\u00efdors oficials Vitra. Per a m\u00e9s informaci\u00f3, visiti el nostre Showroom o contacti amb nosaltres.<\/p>\n<p>[\/vc_column_text][vc_row_inner][vc_column_inner]<style type=\"text\/css\">#bklyn_btn_69d1df7c785f3 .bklyn-btn { color:#ffffff !important; background-color:black !important; }<\/style><div id=\"bklyn_btn_69d1df7c785f3\" class=\"bklyn-btn-holder  bklyn-btn-center bklyn-btn-tablet-center bklyn-btn-mobile-center\"><a title=\"Contacto\"   href=\"\/contacto\" target=\"_self\" class=\"bklyn-btn  bklyn-btn-icon-left bklyn-btn-normal\" ><i class=\"fa fa-envelope\"><\/i><span class=\"ut-btn-text\">M\u00e9s informaci\u00f3<\/span><\/a><\/div>[\/vc_column_inner][\/vc_row_inner][\/vc_column][\/vc_row]<\/p>\n<\/div>","protected":false},"excerpt":{"rendered":"<p>[vc_row][vc_column][vc_column_text] Lounge Chair \u00e9s una versi\u00f3 actualitzada d\u2019una de les butaques m\u00e9s ic\u00f2niques de Vitra, inspirada en les antigues butaques dels pubs anglesos. Es tracta d\u2019una butaca \u00e0mplia i equilibrada constru\u00efda amb els millors materials, que garanteix la m\u00e0xima comoditat gr\u00e0cies a la seva estructura ergon\u00f2mica. Sens dubte la pe\u00e7a original, patentada per Charles i [&hellip;]<\/p>\n","protected":false},"author":1,"featured_media":0,"parent":0,"menu_order":0,"comment_status":"closed","ping_status":"closed","template":"","meta":{"footnotes":""},"class_list":["post-49086","page","type-page","status-publish","hentry"],"aioseo_notices":[],"_links":{"self":[{"href":"https:\/\/www.mirsa.es\/ca\/wp-json\/wp\/v2\/pages\/49086","targetHints":{"allow":["GET"]}}],"collection":[{"href":"https:\/\/www.mirsa.es\/ca\/wp-json\/wp\/v2\/pages"}],"about":[{"href":"https:\/\/www.mirsa.es\/ca\/wp-json\/wp\/v2\/types\/page"}],"author":[{"embeddable":true,"href":"https:\/\/www.mirsa.es\/ca\/wp-json\/wp\/v2\/users\/1"}],"replies":[{"embeddable":true,"href":"https:\/\/www.mirsa.es\/ca\/wp-json\/wp\/v2\/comments?post=49086"}],"version-history":[{"count":0,"href":"https:\/\/www.mirsa.es\/ca\/wp-json\/wp\/v2\/pages\/49086\/revisions"}],"wp:attachment":[{"href":"https:\/\/www.mirsa.es\/ca\/wp-json\/wp\/v2\/media?parent=49086"}],"curies":[{"name":"wp","href":"https:\/\/api.w.org\/{rel}","templated":true}]}}