{"id":49082,"date":"2020-07-23T10:07:30","date_gmt":"2020-07-23T10:07:30","guid":{"rendered":"http:\/\/www.mirsa.es.mialias.net\/louisa-molteni-c\/"},"modified":"2021-01-13T18:03:32","modified_gmt":"2021-01-13T18:03:32","slug":"louisa-molteni-c","status":"publish","type":"page","link":"https:\/\/www.mirsa.es\/ca\/louisa-molteni-c\/","title":{"rendered":"Louisa Molteni &#038; C"},"content":{"rendered":"<div class=\"wpb-content-wrapper\"><p>[vc_row][vc_column][vc_column_text]<\/p>\n<h5><img decoding=\"async\" class=\"wp-image-1077 size-large aligncenter\" title=\"Louisa Molteni &#038; C\" src=\"\/wp-content\/uploads\/2020\/07\/louisa_molteni_c.jpg\" alt=\"Louisa Molteni &#038; C\" width=\"100%\" height=\"400\" \/><\/h5>\n<p style=\"font-size: 16px; text-align: left;\"><strong>Louisa de la prestigiosa firma italiana Molteni &#038; C \u00e9s un conjunt de taules de centre d\u2019estil contemporani patentades pel reconegut dissenyador belga Vincent Van Duysen.<\/strong><\/p>\n<p style=\"font-size: 16px; text-align: left;\">La col\u00b7lecci\u00f3 est\u00e0 formada per un conjunt de peces rodones i ovalades, en les que la pres\u00e8ncia de fusta i el ciment transmet una sensaci\u00f3 \u00fanica al tacte i a la vista.<\/p>\n<p style=\"font-size: 16px; text-align: left;\">El taulell de la taula est\u00e0 disponible en Vermell antracita o en fusta d\u2019eucaliptus i es presenta amb un motiu especial dissenyat especialment per a unir les lloses.<\/p>\n<p style=\"font-size: 16px; text-align: left;\">A MIRSA interiorisme &#038; mobiliari som distribu\u00efdors oficials Molteni &#038; C. Per a m\u00e9s informaci\u00f3, visiti el nostre Showroom o contacti amb nosaltres.<\/p>\n<p>[\/vc_column_text][vc_row_inner][vc_column_inner]<style type=\"text\/css\">#bklyn_btn_69d2699fe5cc7 .bklyn-btn { color:#ffffff !important; background-color:black !important; }<\/style><div id=\"bklyn_btn_69d2699fe5cc7\" class=\"bklyn-btn-holder  bklyn-btn-center bklyn-btn-tablet-center bklyn-btn-mobile-center\"><a title=\"Contacto\"   href=\"\/contacto\" target=\"_self\" class=\"bklyn-btn  bklyn-btn-icon-left bklyn-btn-normal\" ><i class=\"fa fa-envelope\"><\/i><span class=\"ut-btn-text\">M\u00e9s informaci\u00f3<\/span><\/a><\/div>[\/vc_column_inner][\/vc_row_inner][\/vc_column][\/vc_row]<\/p>\n<\/div>","protected":false},"excerpt":{"rendered":"<p>[vc_row][vc_column][vc_column_text] Louisa de la prestigiosa firma italiana Molteni &#038; C \u00e9s un conjunt de taules de centre d\u2019estil contemporani patentades pel reconegut dissenyador belga Vincent Van Duysen. La col\u00b7lecci\u00f3 est\u00e0 formada per un conjunt de peces rodones i ovalades, en les que la pres\u00e8ncia de fusta i el ciment transmet una sensaci\u00f3 \u00fanica al tacte [&hellip;]<\/p>\n","protected":false},"author":1,"featured_media":0,"parent":0,"menu_order":0,"comment_status":"closed","ping_status":"closed","template":"","meta":{"footnotes":""},"class_list":["post-49082","page","type-page","status-publish","hentry"],"aioseo_notices":[],"_links":{"self":[{"href":"https:\/\/www.mirsa.es\/ca\/wp-json\/wp\/v2\/pages\/49082","targetHints":{"allow":["GET"]}}],"collection":[{"href":"https:\/\/www.mirsa.es\/ca\/wp-json\/wp\/v2\/pages"}],"about":[{"href":"https:\/\/www.mirsa.es\/ca\/wp-json\/wp\/v2\/types\/page"}],"author":[{"embeddable":true,"href":"https:\/\/www.mirsa.es\/ca\/wp-json\/wp\/v2\/users\/1"}],"replies":[{"embeddable":true,"href":"https:\/\/www.mirsa.es\/ca\/wp-json\/wp\/v2\/comments?post=49082"}],"version-history":[{"count":0,"href":"https:\/\/www.mirsa.es\/ca\/wp-json\/wp\/v2\/pages\/49082\/revisions"}],"wp:attachment":[{"href":"https:\/\/www.mirsa.es\/ca\/wp-json\/wp\/v2\/media?parent=49082"}],"curies":[{"name":"wp","href":"https:\/\/api.w.org\/{rel}","templated":true}]}}