{"id":49077,"date":"2018-06-14T19:23:14","date_gmt":"2018-06-14T17:23:14","guid":{"rendered":"http:\/\/www.mirsa.es.mialias.net\/louis-poulsen-lamparas\/"},"modified":"2024-05-18T08:48:36","modified_gmt":"2024-05-18T08:48:36","slug":"louis-poulsen-lamparas","status":"publish","type":"page","link":"https:\/\/www.mirsa.es\/ca\/louis-poulsen-lamparas\/","title":{"rendered":"Louis Poulsen L\u00e0mpades"},"content":{"rendered":"<div class=\"wpb-content-wrapper\"><p>[vc_row css=&#8221;.vc_custom_1583596731269{margin-left: -50px !important;}&#8221;][vc_column][vc_column_text]<a style=\"color:black;\" href=\"javascript:history.go(-1)\" onmouseover=\"self.status=document.referrer;return true\">Enrere<\/a>[\/vc_column_text][\/vc_column][\/vc_row][vc_row][vc_column][vc_column_text]<\/p>\n<h5><img decoding=\"async\" class=\"wp-image-1077 size-large aligncenter\" title=\"Louis Poulsen L\u00e0mpades\" src=\"\/wp-content\/uploads\/2020\/06\/louis_poulsen_iluminacion.jpg\" alt=\"Louis Poulsen L\u00e0mpades\" width=\"100%\" height=\"400\" \/><\/h5>\n<p style=\"font-size: 16px; text-align: left;\"><strong>Fundada al 1874, Louis Poulsen \u00e9s una prestigiosa firma danesa dedicada a la fabricaci\u00f3 i distribuci\u00f3 de l\u00e0mpades d\u2019alta gamma.<\/strong><\/p>\n<p style=\"font-size: 16px; text-align: left;\">L\u2019eleg\u00e0ncia i exclusivitat de totes les seves col\u00b7leccions s\u00f3n fruit de la perfecta combinaci\u00f3 entre tradici\u00f3 i innovaci\u00f3. Cada detall en els productes de la marca t\u00e9 un \u00fanic objectiu: transmetre una llum \u00fanica i agradable pels sentits.<\/p>\n<p style=\"font-size: 16px; text-align: left;\">Alguns dels dissenyadors m\u00e9s prestigiosos en el m\u00f3n de l\u2019interiorisme han treballat per a la marca: Oki Sato, Arne Jacobsen, Verner Panton, Alfred Homann\u2026 S\u00f3n nom\u00e9s alguns exemples.<\/p>\n<p style=\"font-size: 16px; text-align: left;\">A MIRSA interiorisme &#038; mobiliari disposem d\u2019un extens cat\u00e0leg de l\u00e0mpades Louis Poulsen. Per a m\u00e9s informaci\u00f3n, visiti el nostre Showroom o contacti amb nosaltres.<\/p>\n<p>[\/vc_column_text][\/vc_column][\/vc_row][vc_section][vc_row full_width=&#8221;stretch_row_content_no_spaces&#8221;][vc_column][vc_column_text]<iframe id=\"embedded-ads-iframe-website\" width=\"100%\" height=\"600\" data-originsrc=\"https:\/\/mirsa.daloom.com\/es\/productos\/iluminacion-de-interiores\/brand_louis-poulsen\"><\/iframe><br \/>\n<script defer src=\"https:\/\/mirsa.daloom.com\/js\/parent-embedded-script.min.js\"><\/script>[\/vc_column_text][\/vc_column][\/vc_row][\/vc_section]<\/p>\n<\/div>","protected":false},"excerpt":{"rendered":"<p>[vc_row css=&#8221;.vc_custom_1583596731269{margin-left: -50px !important;}&#8221;][vc_column][vc_column_text]Enrere[\/vc_column_text][\/vc_column][\/vc_row][vc_row][vc_column][vc_column_text] Fundada al 1874, Louis Poulsen \u00e9s una prestigiosa firma danesa dedicada a la fabricaci\u00f3 i distribuci\u00f3 de l\u00e0mpades d\u2019alta gamma. L\u2019eleg\u00e0ncia i exclusivitat de totes les seves col\u00b7leccions s\u00f3n fruit de la perfecta combinaci\u00f3 entre tradici\u00f3 i innovaci\u00f3. Cada detall en els productes de la marca t\u00e9 un \u00fanic objectiu: transmetre [&hellip;]<\/p>\n","protected":false},"author":1,"featured_media":0,"parent":0,"menu_order":0,"comment_status":"closed","ping_status":"closed","template":"","meta":{"footnotes":""},"class_list":["post-49077","page","type-page","status-publish","hentry"],"aioseo_notices":[],"_links":{"self":[{"href":"https:\/\/www.mirsa.es\/ca\/wp-json\/wp\/v2\/pages\/49077","targetHints":{"allow":["GET"]}}],"collection":[{"href":"https:\/\/www.mirsa.es\/ca\/wp-json\/wp\/v2\/pages"}],"about":[{"href":"https:\/\/www.mirsa.es\/ca\/wp-json\/wp\/v2\/types\/page"}],"author":[{"embeddable":true,"href":"https:\/\/www.mirsa.es\/ca\/wp-json\/wp\/v2\/users\/1"}],"replies":[{"embeddable":true,"href":"https:\/\/www.mirsa.es\/ca\/wp-json\/wp\/v2\/comments?post=49077"}],"version-history":[{"count":0,"href":"https:\/\/www.mirsa.es\/ca\/wp-json\/wp\/v2\/pages\/49077\/revisions"}],"wp:attachment":[{"href":"https:\/\/www.mirsa.es\/ca\/wp-json\/wp\/v2\/media?parent=49077"}],"curies":[{"name":"wp","href":"https:\/\/api.w.org\/{rel}","templated":true}]}}