{"id":49072,"date":"2018-12-13T11:41:00","date_gmt":"2018-12-13T10:41:00","guid":{"rendered":"http:\/\/www.mirsa.es.mialias.net\/longhi-spa-muebles\/"},"modified":"2024-05-18T08:32:06","modified_gmt":"2024-05-18T08:32:06","slug":"longhi-spa-muebles","status":"publish","type":"page","link":"https:\/\/www.mirsa.es\/ca\/longhi-spa-muebles\/","title":{"rendered":"Longhi Spa Mobles"},"content":{"rendered":"<div class=\"wpb-content-wrapper\"><p>[vc_row css=&#8221;.vc_custom_1583596731269{margin-left: -50px !important;}&#8221;][vc_column][vc_column_text]<a style=\"color:black;\" href=\"javascript:history.go(-1)\" onmouseover=\"self.status=document.referrer;return true\">Enrere<\/a>[\/vc_column_text][\/vc_column][\/vc_row][vc_row][vc_column][vc_column_text]<\/p>\n<h5><img decoding=\"async\" class=\"wp-image-1077 size-large aligncenter\" title=\"Longhi Spa Muebles\" src=\"\/wp-content\/uploads\/2020\/06\/longhi_spa_muebles.jpg\" alt=\"Longhi Spa Muebles\" width=\"100%\" height=\"400\" \/><\/h5>\n<p style=\"font-size: 16px; text-align: left;\"><strong>Longhi \u00e9s una prestigiosa firma italiana especialitzada en la fabricaci\u00f3 i en la distribuci\u00f3 de mobiliari d\u2019alta gamma.<\/strong><\/p>\n<p style=\"font-size: 16px; text-align: left;\">Encara que es tracta d\u2019 una marca amb una llarga tradici\u00f3 al m\u00f3n de l\u2019interiorisme, les col\u00b7leccions de Longhi es caracteritzen per la seva est\u00e8tica marcadament contempor\u00e0nia, que aporten valor i garanteixen la m\u00e0xima eleg\u00e0ncia i exclusivitat. Longhi disposa d\u2019una extensa gamma de productes, que inclou accessoris de decoraci\u00f3, portes lliscants, sof\u00e0s i tot tipus de mobiliari interior.<\/p>\n<p style=\"font-size: 16px; text-align: left;\">Els cat\u00e0legs de la firma s\u2019actualitzen peri\u00f2dicament, ajustant-se a les \u00faltimes tend\u00e8ncies i garantint sempre la m\u00e0xima qualitat.<\/p>\n<p style=\"font-size: 16px; text-align: left;\">A MIRSA interiorisme &#038; mobiliari som distribu\u00efdors oficials Longhi. Per a m\u00e9s informaci\u00f3, visiti el nostre Showroom o contacti amb nosaltres.<\/p>\n<p>[\/vc_column_text][\/vc_column][\/vc_row][vc_section][vc_row full_width=&#8221;stretch_row_content_no_spaces&#8221; css=&#8221;.vc_custom_1714640401793{margin-top: -20px !important;}&#8221;][vc_column][vc_column_text]<iframe id=\"embedded-ads-iframe-website\" width=\"100%\" height=\"600\" data-originsrc=\"https:\/\/mirsa.daloom.com\/es\/productos\/mobiliario\/brand_longhi\"><\/iframe><br \/>\n<script defer src=\"https:\/\/mirsa.daloom.com\/js\/parent-embedded-script.min.js\"><\/script>[\/vc_column_text][\/vc_column][\/vc_row][\/vc_section]<\/p>\n<\/div>","protected":false},"excerpt":{"rendered":"<p>[vc_row css=&#8221;.vc_custom_1583596731269{margin-left: -50px !important;}&#8221;][vc_column][vc_column_text]Enrere[\/vc_column_text][\/vc_column][\/vc_row][vc_row][vc_column][vc_column_text] Longhi \u00e9s una prestigiosa firma italiana especialitzada en la fabricaci\u00f3 i en la distribuci\u00f3 de mobiliari d\u2019alta gamma. Encara que es tracta d\u2019 una marca amb una llarga tradici\u00f3 al m\u00f3n de l\u2019interiorisme, les col\u00b7leccions de Longhi es caracteritzen per la seva est\u00e8tica marcadament contempor\u00e0nia, que aporten valor i garanteixen la [&hellip;]<\/p>\n","protected":false},"author":1,"featured_media":0,"parent":0,"menu_order":0,"comment_status":"closed","ping_status":"closed","template":"","meta":{"footnotes":""},"class_list":["post-49072","page","type-page","status-publish","hentry"],"aioseo_notices":[],"_links":{"self":[{"href":"https:\/\/www.mirsa.es\/ca\/wp-json\/wp\/v2\/pages\/49072","targetHints":{"allow":["GET"]}}],"collection":[{"href":"https:\/\/www.mirsa.es\/ca\/wp-json\/wp\/v2\/pages"}],"about":[{"href":"https:\/\/www.mirsa.es\/ca\/wp-json\/wp\/v2\/types\/page"}],"author":[{"embeddable":true,"href":"https:\/\/www.mirsa.es\/ca\/wp-json\/wp\/v2\/users\/1"}],"replies":[{"embeddable":true,"href":"https:\/\/www.mirsa.es\/ca\/wp-json\/wp\/v2\/comments?post=49072"}],"version-history":[{"count":0,"href":"https:\/\/www.mirsa.es\/ca\/wp-json\/wp\/v2\/pages\/49072\/revisions"}],"wp:attachment":[{"href":"https:\/\/www.mirsa.es\/ca\/wp-json\/wp\/v2\/media?parent=49072"}],"curies":[{"name":"wp","href":"https:\/\/api.w.org\/{rel}","templated":true}]}}