{"id":49063,"date":"2016-12-20T19:48:19","date_gmt":"2016-12-20T18:48:19","guid":{"rendered":"http:\/\/www.mirsa.es.mialias.net\/linvisibile-puertas\/"},"modified":"2024-05-22T08:03:52","modified_gmt":"2024-05-22T08:03:52","slug":"linvisibile-puertas","status":"publish","type":"page","link":"https:\/\/www.mirsa.es\/ca\/linvisibile-puertas\/","title":{"rendered":"Linvisibile portes"},"content":{"rendered":"<div class=\"wpb-content-wrapper\"><p>[vc_row css=&#8221;.vc_custom_1583596731269{margin-left: -50px !important;}&#8221;][vc_column][vc_column_text]<a style=\"color:black;\" href=\"javascript:history.go(-1)\" onmouseover=\"self.status=document.referrer;return true\">Atr\u00e1s<\/a>[\/vc_column_text][\/vc_column][\/vc_row][vc_row][vc_column][vc_column_text]<br \/>\n<img decoding=\"async\" class=\"wp-image-1077 size-large aligncenter\" title=\"Linvisibile portes\" src=\"\/wp-content\/uploads\/2020\/06\/puertas_linvisible_portada.jpg\" alt=\"Linvisibile portes\" width=\"100%\" height=\"400\" \/><\/p>\n<h2 style=\"font-size: 16px; text-align: left;\"><strong>Linvisibile \u00e9s una reconeguda marca italiana dedicada a la fabricaci\u00f3 i distribuci\u00f3 de tot tipus de portes de disseny per a la llar.<\/strong><\/h2>\n<p style=\"font-size: 16px; text-align: left;\">Els productes de la firma destaquen per la seva capacitat per a mimetitzar-se amb l\u2019entorn, adaptant-se a qualsevol tipus d\u2019espai i oferint infinites combinacions i dissenys.<\/p>\n<p style=\"font-size: 16px; text-align: left;\">Una altra de les caracter\u00edstiques de les portes Linvisibile \u00e9s la gran qualitat dels materials utilitzats en el proc\u00e9s de fabricaci\u00f3.<\/p>\n<p style=\"font-size: 16px; text-align: left;\">Gr\u00e0cies a la forta inversi\u00f3 de la marca en investigaci\u00f3 i desenvolupament, que garanteixen una qualitat \u00f2ptima del producte, Linvisibile s\u2019ha convertit en tota una refer\u00e8ncia mundial en la fabricaci\u00f3 de portes per a la llar..<\/p>\n<p style=\"font-size: 16px; text-align: left;\">A MIRSA interiorisme &#038; mobiliari som distribu\u00efdors oficials de portes Linvisibile. Si desitja assessorament personalitzat, sol\u00b7liciti cita pr\u00e8via amb un dels nostres interioristes.<\/p>\n<p>[\/vc_column_text][\/vc_column][\/vc_row]<\/p>\n<\/div>","protected":false},"excerpt":{"rendered":"<p>[vc_row css=&#8221;.vc_custom_1583596731269{margin-left: -50px !important;}&#8221;][vc_column][vc_column_text]Atr\u00e1s[\/vc_column_text][\/vc_column][\/vc_row][vc_row][vc_column][vc_column_text] Linvisibile \u00e9s una reconeguda marca italiana dedicada a la fabricaci\u00f3 i distribuci\u00f3 de tot tipus de portes de disseny per a la llar. Els productes de la firma destaquen per la seva capacitat per a mimetitzar-se amb l\u2019entorn, adaptant-se a qualsevol tipus d\u2019espai i oferint infinites combinacions i dissenys. Una altra [&hellip;]<\/p>\n","protected":false},"author":1,"featured_media":0,"parent":0,"menu_order":0,"comment_status":"closed","ping_status":"closed","template":"","meta":{"footnotes":""},"class_list":["post-49063","page","type-page","status-publish","hentry"],"aioseo_notices":[],"_links":{"self":[{"href":"https:\/\/www.mirsa.es\/ca\/wp-json\/wp\/v2\/pages\/49063","targetHints":{"allow":["GET"]}}],"collection":[{"href":"https:\/\/www.mirsa.es\/ca\/wp-json\/wp\/v2\/pages"}],"about":[{"href":"https:\/\/www.mirsa.es\/ca\/wp-json\/wp\/v2\/types\/page"}],"author":[{"embeddable":true,"href":"https:\/\/www.mirsa.es\/ca\/wp-json\/wp\/v2\/users\/1"}],"replies":[{"embeddable":true,"href":"https:\/\/www.mirsa.es\/ca\/wp-json\/wp\/v2\/comments?post=49063"}],"version-history":[{"count":0,"href":"https:\/\/www.mirsa.es\/ca\/wp-json\/wp\/v2\/pages\/49063\/revisions"}],"wp:attachment":[{"href":"https:\/\/www.mirsa.es\/ca\/wp-json\/wp\/v2\/media?parent=49063"}],"curies":[{"name":"wp","href":"https:\/\/api.w.org\/{rel}","templated":true}]}}