{"id":48982,"date":"2018-06-14T10:59:49","date_gmt":"2018-06-14T08:59:49","guid":{"rendered":"http:\/\/www.mirsa.es.mialias.net\/leds-c4-iluminacion\/"},"modified":"2024-05-17T15:55:39","modified_gmt":"2024-05-17T15:55:39","slug":"leds-c4-iluminacion","status":"publish","type":"page","link":"https:\/\/www.mirsa.es\/ca\/leds-c4-iluminacion\/","title":{"rendered":"Leds C4 Il\u00b7luminaci\u00f3"},"content":{"rendered":"<div class=\"wpb-content-wrapper\"><p>[vc_row css=&#8221;.vc_custom_1583596731269{margin-left: -50px !important;}&#8221;][vc_column][vc_column_text]<a style=\"color:black;\" href=\"javascript:history.go(-1)\" onmouseover=\"self.status=document.referrer;return true\">Enrere<\/a>[\/vc_column_text][\/vc_column][\/vc_row][vc_row][vc_column][vc_column_text]<br \/>\n<img decoding=\"async\" class=\"wp-image-1077 size-large aligncenter\" title=\"Leds C4 Il\u00b7luminaci\u00f3\" src=\"\/wp-content\/uploads\/2020\/06\/leds_c4_iluminacion.jpg\" alt=\"Leds C4 Il\u00b7luminaci\u00f3\" width=\"100%\" height=\"400\" \/><\/p>\n<h2 style=\"font-size: 16px; text-align: left;\"><strong>Leds C4 \u00e9s una reconeguda firma dedicada a la fabricaci\u00f3 de productes d\u2019il\u00b7luminaci\u00f3 i ventiladors de disseny.<\/strong><\/h2>\n<p style=\"font-size: 16px; text-align: left;\">Amb m\u00e9s de 40 anys d\u2019experi\u00e8ncia, la marca s\u2019ha convertit en tota una refer\u00e8ncia del disseny i de l\u2019interiorisme.<\/p>\n<p style=\"font-size: 16px; text-align: left;\">Les col\u00b7leccions de Leds C4 es caracteritzen per la seva funcionalitat i efic\u00e0cia. Actualment, la firma exporta a m\u00e9s de 140 pa\u00efsos, oferint un extens cat\u00e0leg de productes. Solucions de ventilaci\u00f3 i il\u00b7luminaci\u00f3 que s\u2019adapten amb facilitat a qualsevol tipus d\u2019ambient.<\/p>\n<p style=\"font-size: 16px; text-align: left;\">A MIRSA interiorisme &#038; mobiliari som distribu\u00efdors oficials Leds C4. Disposem d\u2019una \u00e0mplia gamma de ventiladors i altres productes d\u2019il\u00b7luminaci\u00f3. Per a m\u00e9s informaci\u00f3, visiti el nostre Showroom o contacti amb nosaltres.<\/p>\n<p>[\/vc_column_text][\/vc_column][\/vc_row][vc_section][vc_row full_width=&#8221;stretch_row_content_no_spaces&#8221;][vc_column][vc_column_text]<iframe id=\"embedded-ads-iframe-website\" width=\"100%\" height=\"600\" data-originsrc=\"https:\/\/mirsa.daloom.com\/es\/productos\/iluminacion-de-interiores\/brand_ledsc4\"><\/iframe><br \/>\n<script defer src=\"https:\/\/mirsa.daloom.com\/js\/parent-embedded-script.min.js\"><\/script>[\/vc_column_text][\/vc_column][\/vc_row][\/vc_section]<\/p>\n<\/div>","protected":false},"excerpt":{"rendered":"<p>[vc_row css=&#8221;.vc_custom_1583596731269{margin-left: -50px !important;}&#8221;][vc_column][vc_column_text]Enrere[\/vc_column_text][\/vc_column][\/vc_row][vc_row][vc_column][vc_column_text] Leds C4 \u00e9s una reconeguda firma dedicada a la fabricaci\u00f3 de productes d\u2019il\u00b7luminaci\u00f3 i ventiladors de disseny. Amb m\u00e9s de 40 anys d\u2019experi\u00e8ncia, la marca s\u2019ha convertit en tota una refer\u00e8ncia del disseny i de l\u2019interiorisme. Les col\u00b7leccions de Leds C4 es caracteritzen per la seva funcionalitat i efic\u00e0cia. Actualment, la [&hellip;]<\/p>\n","protected":false},"author":1,"featured_media":0,"parent":0,"menu_order":0,"comment_status":"closed","ping_status":"closed","template":"","meta":{"footnotes":""},"class_list":["post-48982","page","type-page","status-publish","hentry"],"aioseo_notices":[],"_links":{"self":[{"href":"https:\/\/www.mirsa.es\/ca\/wp-json\/wp\/v2\/pages\/48982","targetHints":{"allow":["GET"]}}],"collection":[{"href":"https:\/\/www.mirsa.es\/ca\/wp-json\/wp\/v2\/pages"}],"about":[{"href":"https:\/\/www.mirsa.es\/ca\/wp-json\/wp\/v2\/types\/page"}],"author":[{"embeddable":true,"href":"https:\/\/www.mirsa.es\/ca\/wp-json\/wp\/v2\/users\/1"}],"replies":[{"embeddable":true,"href":"https:\/\/www.mirsa.es\/ca\/wp-json\/wp\/v2\/comments?post=48982"}],"version-history":[{"count":0,"href":"https:\/\/www.mirsa.es\/ca\/wp-json\/wp\/v2\/pages\/48982\/revisions"}],"wp:attachment":[{"href":"https:\/\/www.mirsa.es\/ca\/wp-json\/wp\/v2\/media?parent=48982"}],"curies":[{"name":"wp","href":"https:\/\/api.w.org\/{rel}","templated":true}]}}