{"id":48978,"date":"2017-12-13T18:52:47","date_gmt":"2017-12-13T17:52:47","guid":{"rendered":"http:\/\/www.mirsa.es.mialias.net\/leaf-dedon\/"},"modified":"2021-01-12T12:13:38","modified_gmt":"2021-01-12T12:13:38","slug":"leaf-dedon","status":"publish","type":"page","link":"https:\/\/www.mirsa.es\/ca\/leaf-dedon\/","title":{"rendered":"Leaf Dedon"},"content":{"rendered":"<div class=\"wpb-content-wrapper\"><p>[vc_row][vc_column][vc_column_text]<\/p>\n<h5><img decoding=\"async\" class=\"wp-image-1077 size-large aligncenter\" title=\"Leaf Dedon\" src=\"\/wp-content\/uploads\/2020\/08\/leaf_dedon.jpg\" alt=\"Leaf Dedon\" width=\"100%\" height=\"400\" \/><\/h5>\n<p style=\"font-size: 16px; text-align: left;\"><strong>LEAF de Dedon \u00e9s una exclusiva tumbona dissenyada pel prestigi\u00f3s Frank Ligthart, que destaca per la seva espectacular estructura de l\u00ednies corbes, imitant la forma de la fulla.<\/strong><\/p>\n<p style=\"font-size: 16px; text-align: left;\">Es tracta d\u2019una de les col\u00b7leccions m\u00e9s ic\u00f2niques de la firma, que amb el pas dels anys s\u2019ha convertit en tota una refer\u00e8ncia per a dissenyadors i arquitectes d\u2019arreu del m\u00f3n.<\/p>\n<p style=\"font-size: 16px; text-align: left;\">La col\u00b7lecci\u00f3 LEAF est\u00e0 disponible en dos mides i disposa d\u2019una tovallola especial en forma de fulla.<\/p>\n<p style=\"font-size: 16px; text-align: left;\">A MIRSA interiorisme &#038; mobiliari som distribu\u00efdors oficials DEDON. Per a m\u00e9s informaci\u00f3, visiti el nostre Showroom o contacti amb nosaltres.\n<\/p>\n<p>[\/vc_column_text][vc_row_inner][vc_column_inner]<style type=\"text\/css\">#bklyn_btn_69d1b6accbd43 .bklyn-btn { color:#ffffff !important; background-color:black !important; }<\/style><div id=\"bklyn_btn_69d1b6accbd43\" class=\"bklyn-btn-holder  bklyn-btn-center bklyn-btn-tablet-center bklyn-btn-mobile-center\"><a title=\"Contacto\"   href=\"\/contacto\" target=\"_self\" class=\"bklyn-btn  bklyn-btn-icon-left bklyn-btn-normal\" ><i class=\"fa fa-envelope\"><\/i><span class=\"ut-btn-text\">M\u00e9s informaci\u00f3<\/span><\/a><\/div>[\/vc_column_inner][\/vc_row_inner][\/vc_column][\/vc_row]<\/p>\n<\/div>","protected":false},"excerpt":{"rendered":"<p>[vc_row][vc_column][vc_column_text] LEAF de Dedon \u00e9s una exclusiva tumbona dissenyada pel prestigi\u00f3s Frank Ligthart, que destaca per la seva espectacular estructura de l\u00ednies corbes, imitant la forma de la fulla. Es tracta d\u2019una de les col\u00b7leccions m\u00e9s ic\u00f2niques de la firma, que amb el pas dels anys s\u2019ha convertit en tota una refer\u00e8ncia per a dissenyadors [&hellip;]<\/p>\n","protected":false},"author":1,"featured_media":0,"parent":0,"menu_order":0,"comment_status":"closed","ping_status":"closed","template":"","meta":{"footnotes":""},"class_list":["post-48978","page","type-page","status-publish","hentry"],"aioseo_notices":[],"_links":{"self":[{"href":"https:\/\/www.mirsa.es\/ca\/wp-json\/wp\/v2\/pages\/48978","targetHints":{"allow":["GET"]}}],"collection":[{"href":"https:\/\/www.mirsa.es\/ca\/wp-json\/wp\/v2\/pages"}],"about":[{"href":"https:\/\/www.mirsa.es\/ca\/wp-json\/wp\/v2\/types\/page"}],"author":[{"embeddable":true,"href":"https:\/\/www.mirsa.es\/ca\/wp-json\/wp\/v2\/users\/1"}],"replies":[{"embeddable":true,"href":"https:\/\/www.mirsa.es\/ca\/wp-json\/wp\/v2\/comments?post=48978"}],"version-history":[{"count":0,"href":"https:\/\/www.mirsa.es\/ca\/wp-json\/wp\/v2\/pages\/48978\/revisions"}],"wp:attachment":[{"href":"https:\/\/www.mirsa.es\/ca\/wp-json\/wp\/v2\/media?parent=48978"}],"curies":[{"name":"wp","href":"https:\/\/api.w.org\/{rel}","templated":true}]}}