{"id":48957,"date":"2018-08-04T11:19:18","date_gmt":"2018-08-04T09:19:18","guid":{"rendered":"http:\/\/www.mirsa.es.mialias.net\/lavabo-inbilico-lago\/"},"modified":"2021-01-12T11:24:00","modified_gmt":"2021-01-12T11:24:00","slug":"lavabo-inbilico-lago","status":"publish","type":"page","link":"https:\/\/www.mirsa.es\/ca\/lavabo-inbilico-lago\/","title":{"rendered":"Lavabo Inbilico LAGO"},"content":{"rendered":"<div class=\"wpb-content-wrapper\"><p>[vc_row][vc_column][vc_column_text]<\/p>\n<h5><img decoding=\"async\" class=\"wp-image-1077 size-large aligncenter\" title=\"Lavabo Inbilico LAGO\" src=\"\/wp-content\/uploads\/2020\/08\/lavabo_inbilico_lago.jpg\" alt=\"Lavabo Inbilico LAGO\" width=\"100%\" height=\"400\"\/><\/h5>\n<p style=\"font-size: 16px; text-align: left;\"><strong>Inbilico de la firma italiana LAGO \u00e9s un lavabo innovador i provocatiu que mitjan\u00e7ant la seva posici\u00f3 inclinada, revoluciona per complet el concepte de lavabo i desafia la gravetat.<\/strong><\/p>\n<p style=\"font-size: 16px; text-align: left;\">Mitjan\u00e7ant un cilindre giratori pot regular-se la inclinaci\u00f3 de l\u2019estructura que queda en una posici\u00f3 fixa, com si el temps s\u2019hagu\u00e8s parat en un prec\u00eds instant..<\/p>\n<p style=\"font-size: 16px; text-align: left;\">Gr\u00e0cies al seu innovador sistema de subjecci\u00f3, la inclinaci\u00f3 pot modificar-se adaptant-se a les exig\u00e8ncies del moment.<\/p>\n<p style=\"font-size: 16px; text-align: left;\">A MIRSA interiorisme &#038; mobiliari som distribu\u00efdors oficials LAGO. Per a m\u00e9s informaci\u00f3, visiti el nostre Showroom o contacti amb nosaltres.<\/p>\n<p>[\/vc_column_text][vc_row_inner][vc_column_inner]<style type=\"text\/css\">#bklyn_btn_69d24eb2e0c9f .bklyn-btn { color:#ffffff !important; background-color:black !important; }<\/style><div id=\"bklyn_btn_69d24eb2e0c9f\" class=\"bklyn-btn-holder  bklyn-btn-center bklyn-btn-tablet-center bklyn-btn-mobile-center\"><a title=\"Contacto\"   href=\"\/contacto\" target=\"_self\" class=\"bklyn-btn  bklyn-btn-icon-left bklyn-btn-normal\" ><i class=\"fa fa-envelope\"><\/i><span class=\"ut-btn-text\">M\u00e9s informaci\u00f3<\/span><\/a><\/div>[\/vc_column_inner][\/vc_row_inner][\/vc_column][\/vc_row]<\/p>\n<\/div>","protected":false},"excerpt":{"rendered":"<p>[vc_row][vc_column][vc_column_text] Inbilico de la firma italiana LAGO \u00e9s un lavabo innovador i provocatiu que mitjan\u00e7ant la seva posici\u00f3 inclinada, revoluciona per complet el concepte de lavabo i desafia la gravetat. Mitjan\u00e7ant un cilindre giratori pot regular-se la inclinaci\u00f3 de l\u2019estructura que queda en una posici\u00f3 fixa, com si el temps s\u2019hagu\u00e8s parat en un prec\u00eds [&hellip;]<\/p>\n","protected":false},"author":1,"featured_media":0,"parent":0,"menu_order":0,"comment_status":"closed","ping_status":"closed","template":"","meta":{"footnotes":""},"class_list":["post-48957","page","type-page","status-publish","hentry"],"aioseo_notices":[],"_links":{"self":[{"href":"https:\/\/www.mirsa.es\/ca\/wp-json\/wp\/v2\/pages\/48957","targetHints":{"allow":["GET"]}}],"collection":[{"href":"https:\/\/www.mirsa.es\/ca\/wp-json\/wp\/v2\/pages"}],"about":[{"href":"https:\/\/www.mirsa.es\/ca\/wp-json\/wp\/v2\/types\/page"}],"author":[{"embeddable":true,"href":"https:\/\/www.mirsa.es\/ca\/wp-json\/wp\/v2\/users\/1"}],"replies":[{"embeddable":true,"href":"https:\/\/www.mirsa.es\/ca\/wp-json\/wp\/v2\/comments?post=48957"}],"version-history":[{"count":0,"href":"https:\/\/www.mirsa.es\/ca\/wp-json\/wp\/v2\/pages\/48957\/revisions"}],"wp:attachment":[{"href":"https:\/\/www.mirsa.es\/ca\/wp-json\/wp\/v2\/media?parent=48957"}],"curies":[{"name":"wp","href":"https:\/\/api.w.org\/{rel}","templated":true}]}}