{"id":48931,"date":"2018-06-14T10:25:32","date_gmt":"2018-06-14T08:25:32","guid":{"rendered":"http:\/\/www.mirsa.es.mialias.net\/laufen-muebles-bano\/"},"modified":"2024-05-17T15:42:13","modified_gmt":"2024-05-17T15:42:13","slug":"laufen-muebles-bano","status":"publish","type":"page","link":"https:\/\/www.mirsa.es\/ca\/laufen-muebles-bano\/","title":{"rendered":"Laufen Mobles de bany"},"content":{"rendered":"<div class=\"wpb-content-wrapper\"><p>[vc_row css=&#8221;.vc_custom_1583596731269{margin-left: -50px !important;}&#8221;][vc_column][vc_column_text]<a style=\"color:black;\" href=\"javascript:history.go(-1)\" onmouseover=\"self.status=document.referrer;return true\">Enrere<\/a>[\/vc_column_text][\/vc_column][\/vc_row][vc_row][vc_column][vc_column_text]<br \/>\n<img decoding=\"async\" class=\"wp-image-1077 size-large aligncenter\" title=\"Laufen Muebles de Ba\u00f1o\" src=\"\/wp-content\/uploads\/2020\/06\/laufen_muebles_ba\u00f1o.jpg\" alt=\"Laufen Muebles de Ba\u00f1o\" width=\"100%\" height=\"400\" \/><\/p>\n<h2 style=\"font-size: 16px; text-align: left;\"><strong>Laufen es una reconocida firma suiza especializada en la fabricaci\u00f3n y distribuci\u00f3n de mobiliario de ba\u00f1o de alta gama.<br \/>\n<\/strong><\/h2>\n<p style=\"font-size: 16px; text-align: left;\">La personalidad de la prestigiosa marca es fruto de una simbiosis perfecta entre dise\u00f1o, calidad y funcionalidad. Una firma de prestigio internacional que es toda una referencia en el mundo del dise\u00f1o y el interiorismo.<\/p>\n<p style=\"font-size: 16px; text-align: left;\">Los productos Laufen se caracterizan por la fusi\u00f3n entre el dise\u00f1o emocional italiano del sur, junto con la precisi\u00f3n y la claridad del dise\u00f1o tradicional del norte. El respeto por el medio ambiente y el compromiso de la firma por fomentar una producci\u00f3n sostenible y ecol\u00f3gica, han hecho de Laufen un modelo a seguir.<\/p>\n<p style=\"font-size: 16px; text-align: left;\">En MIRSA interiorismo &amp; mobiliario somos distribuidores oficiales Laufen. Para m\u00e1s informaci\u00f3n, visite nuestro Showroom o contacte con nosotros.<\/p>\n<p>[\/vc_column_text][\/vc_column][\/vc_row][vc_section][vc_row full_width=&#8221;stretch_row_content_no_spaces&#8221;][vc_column][vc_column_text]<iframe id=\"embedded-ads-iframe-website\" width=\"100%\" height=\"600\" data-originsrc=\"https:\/\/mirsa.daloom.com\/es\/productos\/bano\/brand_laufen\"><\/iframe><br \/>\n<script defer src=\"https:\/\/mirsa.daloom.com\/js\/parent-embedded-script.min.js\"><\/script>[\/vc_column_text][\/vc_column][\/vc_row][\/vc_section]<\/p>\n<\/div>","protected":false},"excerpt":{"rendered":"<p>[vc_row css=&#8221;.vc_custom_1583596731269{margin-left: -50px !important;}&#8221;][vc_column][vc_column_text]Enrere[\/vc_column_text][\/vc_column][\/vc_row][vc_row][vc_column][vc_column_text] Laufen es una reconocida firma suiza especializada en la fabricaci\u00f3n y distribuci\u00f3n de mobiliario de ba\u00f1o de alta gama. La personalidad de la prestigiosa marca es fruto de una simbiosis perfecta entre dise\u00f1o, calidad y funcionalidad. Una firma de prestigio internacional que es toda una referencia en el mundo del dise\u00f1o [&hellip;]<\/p>\n","protected":false},"author":1,"featured_media":0,"parent":0,"menu_order":0,"comment_status":"closed","ping_status":"closed","template":"","meta":{"footnotes":""},"class_list":["post-48931","page","type-page","status-publish","hentry"],"aioseo_notices":[],"_links":{"self":[{"href":"https:\/\/www.mirsa.es\/ca\/wp-json\/wp\/v2\/pages\/48931","targetHints":{"allow":["GET"]}}],"collection":[{"href":"https:\/\/www.mirsa.es\/ca\/wp-json\/wp\/v2\/pages"}],"about":[{"href":"https:\/\/www.mirsa.es\/ca\/wp-json\/wp\/v2\/types\/page"}],"author":[{"embeddable":true,"href":"https:\/\/www.mirsa.es\/ca\/wp-json\/wp\/v2\/users\/1"}],"replies":[{"embeddable":true,"href":"https:\/\/www.mirsa.es\/ca\/wp-json\/wp\/v2\/comments?post=48931"}],"version-history":[{"count":0,"href":"https:\/\/www.mirsa.es\/ca\/wp-json\/wp\/v2\/pages\/48931\/revisions"}],"wp:attachment":[{"href":"https:\/\/www.mirsa.es\/ca\/wp-json\/wp\/v2\/media?parent=48931"}],"curies":[{"name":"wp","href":"https:\/\/api.w.org\/{rel}","templated":true}]}}