{"id":48922,"date":"2018-03-13T12:16:48","date_gmt":"2018-03-13T11:16:48","guid":{"rendered":"http:\/\/www.mirsa.es.mialias.net\/lapalma-muebles\/"},"modified":"2024-05-17T15:31:44","modified_gmt":"2024-05-17T15:31:44","slug":"lapalma-muebles","status":"publish","type":"page","link":"https:\/\/www.mirsa.es\/ca\/lapalma-muebles\/","title":{"rendered":"LaPalma Mobles"},"content":{"rendered":"<div class=\"wpb-content-wrapper\"><p>[vc_row css=&#8221;.vc_custom_1583596731269{margin-left: -50px !important;}&#8221;][vc_column][vc_column_text]<a style=\"color:black;\" href=\"javascript:history.go(-1)\" onmouseover=\"self.status=document.referrer;return true\">Atr\u00e1s<\/a>[\/vc_column_text][\/vc_column][\/vc_row][vc_row][vc_column][vc_column_text]<\/p>\n<h5><img decoding=\"async\" class=\"wp-image-1077 size-large aligncenter\" title=\"LaPalma Mobles\" src=\"\/wp-content\/uploads\/2020\/06\/lapalma_muebles.jpg\" alt=\"LaPalma Mobles\" width=\"100%\" height=\"400\" \/><\/h5>\n<p style=\"font-size: 16px; text-align: left;\"><strong>LaPalma es una prestigiosa firma de mobiliario de dise\u00f1o especializada en contract, fundada en los a\u00f1os 80 por los hermanos Marcato.<\/strong><\/p>\n<p style=\"font-size: 16px; text-align: left;\">Els seus processos de producci\u00f3 destaquen per ser ecol\u00f2gics i respectuosos amb el medi ambient, utilitzant sempre materials naturals i reciclables per a tots els seus projectes.<\/p>\n<p style=\"font-size: 16px; text-align: left;\">Dissenyadors de prestigi internacional com Francesco Rota han participat en el disseny d\u2019algunes de les seves col\u00b7leccions m\u00e9s famoses, que han estat utilitzades per a integrar-se en tot tipus d\u2019espais p\u00fablics com museus, hotels i aeroports.<\/p>\n<p style=\"font-size: 16px; text-align: left;\">A MIRSA interiorisme &#038; mobiliari som distribu\u00efdors oficials Lapalma. Per a m\u00e9s informaci\u00f3, visiti el nostre Showroom o contacti amb nosaltres.<\/p>\n<p>[\/vc_column_text][\/vc_column][\/vc_row][vc_section][vc_row full_width=&#8221;stretch_row_content_no_spaces&#8221;][vc_column][vc_column_text]<iframe id=\"embedded-ads-iframe-website\" width=\"100%\" height=\"600\" data-originsrc=\"https:\/\/mirsa.daloom.com\/es\/productos\/mobiliario\/brand_lapalma\"><\/iframe><br \/>\n<script defer src=\"https:\/\/mirsa.daloom.com\/js\/parent-embedded-script.min.js\"><\/script>[\/vc_column_text][\/vc_column][\/vc_row][\/vc_section]<\/p>\n<\/div>","protected":false},"excerpt":{"rendered":"<p>[vc_row css=&#8221;.vc_custom_1583596731269{margin-left: -50px !important;}&#8221;][vc_column][vc_column_text]Atr\u00e1s[\/vc_column_text][\/vc_column][\/vc_row][vc_row][vc_column][vc_column_text] LaPalma es una prestigiosa firma de mobiliario de dise\u00f1o especializada en contract, fundada en los a\u00f1os 80 por los hermanos Marcato. Els seus processos de producci\u00f3 destaquen per ser ecol\u00f2gics i respectuosos amb el medi ambient, utilitzant sempre materials naturals i reciclables per a tots els seus projectes. Dissenyadors de prestigi [&hellip;]<\/p>\n","protected":false},"author":1,"featured_media":0,"parent":0,"menu_order":0,"comment_status":"closed","ping_status":"closed","template":"","meta":{"footnotes":""},"class_list":["post-48922","page","type-page","status-publish","hentry"],"aioseo_notices":[],"_links":{"self":[{"href":"https:\/\/www.mirsa.es\/ca\/wp-json\/wp\/v2\/pages\/48922","targetHints":{"allow":["GET"]}}],"collection":[{"href":"https:\/\/www.mirsa.es\/ca\/wp-json\/wp\/v2\/pages"}],"about":[{"href":"https:\/\/www.mirsa.es\/ca\/wp-json\/wp\/v2\/types\/page"}],"author":[{"embeddable":true,"href":"https:\/\/www.mirsa.es\/ca\/wp-json\/wp\/v2\/users\/1"}],"replies":[{"embeddable":true,"href":"https:\/\/www.mirsa.es\/ca\/wp-json\/wp\/v2\/comments?post=48922"}],"version-history":[{"count":0,"href":"https:\/\/www.mirsa.es\/ca\/wp-json\/wp\/v2\/pages\/48922\/revisions"}],"wp:attachment":[{"href":"https:\/\/www.mirsa.es\/ca\/wp-json\/wp\/v2\/media?parent=48922"}],"curies":[{"name":"wp","href":"https:\/\/api.w.org\/{rel}","templated":true}]}}