{"id":48919,"date":"2018-01-05T11:44:58","date_gmt":"2018-01-05T10:44:58","guid":{"rendered":"http:\/\/www.mirsa.es.mialias.net\/lapa-ligne-roset\/"},"modified":"2021-01-09T18:09:51","modified_gmt":"2021-01-09T18:09:51","slug":"lapa-ligne-roset","status":"publish","type":"page","link":"https:\/\/www.mirsa.es\/ca\/lapa-ligne-roset\/","title":{"rendered":"Lapa Ligne Roset"},"content":{"rendered":"<div class=\"wpb-content-wrapper\"><p>[vc_row][vc_column][vc_column_text]<\/p>\n<h5><img decoding=\"async\" class=\"wp-image-1077 size-large aligncenter\" title=\"Lapa Ligne Roset\" src=\"\/wp-content\/uploads\/2020\/07\/lapa_ligne_roset_00.jpg\" alt=\"Lapa Ligne Roset\" width=\"100%\" height=\"400\" \/><\/h5>\n<p style=\"font-size: 16px; text-align: left;\"><strong>La llibreria Lapa de la firma francesa Ligne Roset destaca pel seu disseny escult\u00f2ric i elegant, oferint una bellesa est\u00e8tica incomparable.<\/strong><\/p>\n<p style=\"font-size: 16px; text-align: left;\">El prestigi\u00f3s dissenyador Fran\u00e7ois Bauchet ens presenta una llibreria plena de matisos i de volums aparentment dispersos que es combinen per a trobar un equilibri prec\u00eds en les seves l\u00ednies.<\/p>\n<p style=\"font-size: 16px; text-align: left;\">La imatge escult\u00f2rica i refinada de Lapa es veu refor\u00e7ada per l\u2019espectacular acabat setinat de roure que ofereix la col\u00b7lecci\u00f3.<\/p>\n<p style=\"font-size: 16px; text-align: left;\">A MIRSA interiorisme &#038; mobiliari disposem d\u2019una \u00e0mplia gamma de productes Ligne Roset. Per a m\u00e9s informaci\u00f3, visiti la nostra exposici\u00f3 o contacti amb nosaltres..<\/p>\n<p>[\/vc_column_text][vc_row_inner][vc_column_inner]<style type=\"text\/css\">#bklyn_btn_69d23d4648aba .bklyn-btn { color:#ffffff !important; background-color:black !important; }<\/style><div id=\"bklyn_btn_69d23d4648aba\" class=\"bklyn-btn-holder  bklyn-btn-center bklyn-btn-tablet-center bklyn-btn-mobile-center\"><a title=\"Contacto\"   href=\"\/contacto\" target=\"_self\" class=\"bklyn-btn  bklyn-btn-icon-left bklyn-btn-normal\" ><i class=\"fa fa-envelope\"><\/i><span class=\"ut-btn-text\">M\u00e9s informaci\u00f3<\/span><\/a><\/div>[\/vc_column_inner][\/vc_row_inner][\/vc_column][\/vc_row]<\/p>\n<\/div>","protected":false},"excerpt":{"rendered":"<p>[vc_row][vc_column][vc_column_text] La llibreria Lapa de la firma francesa Ligne Roset destaca pel seu disseny escult\u00f2ric i elegant, oferint una bellesa est\u00e8tica incomparable. El prestigi\u00f3s dissenyador Fran\u00e7ois Bauchet ens presenta una llibreria plena de matisos i de volums aparentment dispersos que es combinen per a trobar un equilibri prec\u00eds en les seves l\u00ednies. La imatge escult\u00f2rica [&hellip;]<\/p>\n","protected":false},"author":1,"featured_media":0,"parent":0,"menu_order":0,"comment_status":"closed","ping_status":"closed","template":"","meta":{"footnotes":""},"class_list":["post-48919","page","type-page","status-publish","hentry"],"aioseo_notices":[],"_links":{"self":[{"href":"https:\/\/www.mirsa.es\/ca\/wp-json\/wp\/v2\/pages\/48919","targetHints":{"allow":["GET"]}}],"collection":[{"href":"https:\/\/www.mirsa.es\/ca\/wp-json\/wp\/v2\/pages"}],"about":[{"href":"https:\/\/www.mirsa.es\/ca\/wp-json\/wp\/v2\/types\/page"}],"author":[{"embeddable":true,"href":"https:\/\/www.mirsa.es\/ca\/wp-json\/wp\/v2\/users\/1"}],"replies":[{"embeddable":true,"href":"https:\/\/www.mirsa.es\/ca\/wp-json\/wp\/v2\/comments?post=48919"}],"version-history":[{"count":0,"href":"https:\/\/www.mirsa.es\/ca\/wp-json\/wp\/v2\/pages\/48919\/revisions"}],"wp:attachment":[{"href":"https:\/\/www.mirsa.es\/ca\/wp-json\/wp\/v2\/media?parent=48919"}],"curies":[{"name":"wp","href":"https:\/\/api.w.org\/{rel}","templated":true}]}}