{"id":48866,"date":"2017-09-20T19:49:40","date_gmt":"2017-09-20T17:49:40","guid":{"rendered":"http:\/\/www.mirsa.es.mialias.net\/lampara-tatou-flos\/"},"modified":"2021-01-09T10:57:43","modified_gmt":"2021-01-09T10:57:43","slug":"lampara-tatou-flos","status":"publish","type":"page","link":"https:\/\/www.mirsa.es\/ca\/lampara-tatou-flos\/","title":{"rendered":"L\u00e0mpada Tatou Flos"},"content":{"rendered":"<div class=\"wpb-content-wrapper\"><p>[vc_row][vc_column][vc_column_text]<\/p>\n<h5><img decoding=\"async\" class=\"wp-image-1077 size-large aligncenter\" title=\"L\u00e0mpada Tatou Flos\" src=\"\/wp-content\/uploads\/2021\/01\/lampara_flos_artemide.jpg\" alt=\"L\u00e0mpada Tatou Flos\" width=\"100%\" height=\"400\" \/><\/h5>\n<p style=\"font-size: 16px; text-align: left;\"><strong>La l\u00e0mpada Tatou de Flos \u00e9s un dels models m\u00e9s famosos de la reconeguda marca d\u2019il\u00b7luminaci\u00f3, gr\u00e0cies a la seva eleg\u00e0ncia i versatilitat.<br \/>\n<\/strong><\/p>\n<p style=\"font-size: 16px; text-align: left;\">Dissenyada per la prestigiosa Patricia Urquiola, Tatou neix de la idea de combinar la tipologia cl\u00e0ssica amb noves propostes d\u2019il\u00b7luminaci\u00f3, amb l\u2019objectiu de crear ambients c\u00e0lids i confortables.<\/p>\n<p style=\"font-size: 16px; text-align: left;\">La dissenyadora s\u2019inspira en un mam\u00edfer cuirassat, l\u2019armadillo, per construir l\u2019espectacular c\u00fapula de la l\u00e0mpada.<\/p>\n<p style=\"font-size: 16px; text-align: left;\">Encara que en un principi la l\u00e0mpada nom\u00e9s es va presentar en format de suspensi\u00f3, la bona acollida entre el p\u00fablic va fer que posteriorment veiessin la llum altres tipologies, com la l\u00e0mpada de peu i la de taula.<\/p>\n<p style=\"font-size: 16px; text-align: left;\">A MIRSA interiorisme &#038; mobiliari disposem d\u2019un extens cat\u00e0leg de l\u00e0mpades Flos. Per a m\u00e9s informaci\u00f3, consulti el nostre cat\u00e0leg o contacti amb nosaltres.<\/p>\n<p>[\/vc_column_text][vc_row_inner][vc_column_inner]<style type=\"text\/css\">#bklyn_btn_69d37186f2616 .bklyn-btn { color:#ffffff !important; background-color:black !important; }<\/style><div id=\"bklyn_btn_69d37186f2616\" class=\"bklyn-btn-holder  bklyn-btn-center bklyn-btn-tablet-center bklyn-btn-mobile-center\"><a title=\"Contacto\"   href=\"\/contacto\" target=\"_self\" class=\"bklyn-btn  bklyn-btn-icon-left bklyn-btn-normal\" ><i class=\"fa fa-envelope\"><\/i><span class=\"ut-btn-text\">M\u00e9s informaci\u00f3<\/span><\/a><\/div>[\/vc_column_inner][\/vc_row_inner][\/vc_column][\/vc_row]<\/p>\n<\/div>","protected":false},"excerpt":{"rendered":"<p>[vc_row][vc_column][vc_column_text] La l\u00e0mpada Tatou de Flos \u00e9s un dels models m\u00e9s famosos de la reconeguda marca d\u2019il\u00b7luminaci\u00f3, gr\u00e0cies a la seva eleg\u00e0ncia i versatilitat. Dissenyada per la prestigiosa Patricia Urquiola, Tatou neix de la idea de combinar la tipologia cl\u00e0ssica amb noves propostes d\u2019il\u00b7luminaci\u00f3, amb l\u2019objectiu de crear ambients c\u00e0lids i confortables. La dissenyadora s\u2019inspira [&hellip;]<\/p>\n","protected":false},"author":1,"featured_media":0,"parent":0,"menu_order":0,"comment_status":"closed","ping_status":"closed","template":"","meta":{"footnotes":""},"class_list":["post-48866","page","type-page","status-publish","hentry"],"aioseo_notices":[],"_links":{"self":[{"href":"https:\/\/www.mirsa.es\/ca\/wp-json\/wp\/v2\/pages\/48866","targetHints":{"allow":["GET"]}}],"collection":[{"href":"https:\/\/www.mirsa.es\/ca\/wp-json\/wp\/v2\/pages"}],"about":[{"href":"https:\/\/www.mirsa.es\/ca\/wp-json\/wp\/v2\/types\/page"}],"author":[{"embeddable":true,"href":"https:\/\/www.mirsa.es\/ca\/wp-json\/wp\/v2\/users\/1"}],"replies":[{"embeddable":true,"href":"https:\/\/www.mirsa.es\/ca\/wp-json\/wp\/v2\/comments?post=48866"}],"version-history":[{"count":0,"href":"https:\/\/www.mirsa.es\/ca\/wp-json\/wp\/v2\/pages\/48866\/revisions"}],"wp:attachment":[{"href":"https:\/\/www.mirsa.es\/ca\/wp-json\/wp\/v2\/media?parent=48866"}],"curies":[{"name":"wp","href":"https:\/\/api.w.org\/{rel}","templated":true}]}}