{"id":48832,"date":"2016-07-19T20:13:33","date_gmt":"2016-07-19T18:13:33","guid":{"rendered":"http:\/\/www.mirsa.es.mialias.net\/lago-italia-muebles\/"},"modified":"2024-05-17T15:18:41","modified_gmt":"2024-05-17T15:18:41","slug":"lago-italia-muebles","status":"publish","type":"page","link":"https:\/\/www.mirsa.es\/ca\/lago-italia-muebles\/","title":{"rendered":"Lago Italia mobles"},"content":{"rendered":"<div class=\"wpb-content-wrapper\"><p>[vc_row css=&#8221;.vc_custom_1583596731269{margin-left: -50px !important;}&#8221;][vc_column][vc_column_text]<a style=\"color:black;\" href=\"javascript:history.go(-1)\" onmouseover=\"self.status=document.referrer;return true\">Atr\u00e1s<\/a>[\/vc_column_text][\/vc_column][\/vc_row][vc_row][vc_column][vc_column_text]<br \/>\n<img decoding=\"async\" class=\"wp-image-1077 size-large aligncenter\" title=\"Lago Italia mobles\" src=\"\/wp-content\/uploads\/2022\/03\/muebles_lago_italia.jpg\" alt=\"Lago Italia mobles\" width=\"100%\" height=\"400\" \/><\/p>\n<h2 style=\"font-size: 16px; text-align: left;\"><strong>LAGO \u00e9s una prestigiosa firma italiana de mobiliari contemporani dedicada a la fabricaci\u00f3 i distribuci\u00f3 de mobiliari contemporani.<\/strong><\/h2>\n<p style=\"font-size: 16px; text-align: left;\">Fundada en 1976, LAGO es caracteritza per les seves col\u00b7leccions modulars d\u2019alta gamma, dissenyades per adaptar-se amb facilitat a qualsevol espai de la llar. El dinamisme en el disseny i la flexibilitat de les seves composicions permeten m\u00faltiples opcions de configuraci\u00f3 i personalitzaci\u00f3.<\/p>\n<p style=\"font-size: 16px; text-align: left;\">Les col\u00b7leccions LAGO destaquen pel seu car\u00e0cter fresc i atrevit, que en ocasions desafien la pr\u00f2pia gravetat com es el cas dels productes AIR, que semblen estar en suspensi\u00f3.<\/p>\n<p style=\"font-size: 16px; text-align: left;\">La firma ha fet del Made in Italy un dels seus esl\u00f2gans m\u00e9s identificatius, aconseguint l\u2019equilibri perfecte entre est\u00e8tica, funcionalitat i qualitat propi del disseny itali\u00e0.<\/p>\n<p style=\"font-size: 16px; text-align: left;\">El departament de I+D de LAGO est\u00e0 format per un ampli equip de dissenyadors, enginyers i artesans que treballen amb l\u2019objectiu d\u2019oferir solucions funcionals i innovadores per a la llar.<\/p>\n<p style=\"font-size: 16px; text-align: left;\">A MIRSA interiorisme &#038; mobiliari som distribu\u00efdors oficials LAGO. Per a m\u00e9s informaci\u00f3, visiti el nostre Showoroom o contacti amb nosaltres<\/p>\n<p>[\/vc_column_text][\/vc_column][\/vc_row][vc_section][vc_row full_width=&#8221;stretch_row_content_no_spaces&#8221;][vc_column][vc_column_text]<iframe id=\"embedded-ads-iframe-website\" width=\"100%\" height=\"600\" data-originsrc=\"https:\/\/mirsa.daloom.com\/es\/productos\/mobiliario\/brand_lago\"><\/iframe><br \/>\n<script defer src=\"https:\/\/mirsa.daloom.com\/js\/parent-embedded-script.min.js\"><\/script>[\/vc_column_text][\/vc_column][\/vc_row][\/vc_section]<\/p>\n<\/div>","protected":false},"excerpt":{"rendered":"<p>[vc_row css=&#8221;.vc_custom_1583596731269{margin-left: -50px !important;}&#8221;][vc_column][vc_column_text]Atr\u00e1s[\/vc_column_text][\/vc_column][\/vc_row][vc_row][vc_column][vc_column_text] LAGO \u00e9s una prestigiosa firma italiana de mobiliari contemporani dedicada a la fabricaci\u00f3 i distribuci\u00f3 de mobiliari contemporani. Fundada en 1976, LAGO es caracteritza per les seves col\u00b7leccions modulars d\u2019alta gamma, dissenyades per adaptar-se amb facilitat a qualsevol espai de la llar. El dinamisme en el disseny i la flexibilitat de [&hellip;]<\/p>\n","protected":false},"author":1,"featured_media":0,"parent":0,"menu_order":0,"comment_status":"closed","ping_status":"closed","template":"","meta":{"footnotes":""},"class_list":["post-48832","page","type-page","status-publish","hentry"],"aioseo_notices":[],"_links":{"self":[{"href":"https:\/\/www.mirsa.es\/ca\/wp-json\/wp\/v2\/pages\/48832","targetHints":{"allow":["GET"]}}],"collection":[{"href":"https:\/\/www.mirsa.es\/ca\/wp-json\/wp\/v2\/pages"}],"about":[{"href":"https:\/\/www.mirsa.es\/ca\/wp-json\/wp\/v2\/types\/page"}],"author":[{"embeddable":true,"href":"https:\/\/www.mirsa.es\/ca\/wp-json\/wp\/v2\/users\/1"}],"replies":[{"embeddable":true,"href":"https:\/\/www.mirsa.es\/ca\/wp-json\/wp\/v2\/comments?post=48832"}],"version-history":[{"count":0,"href":"https:\/\/www.mirsa.es\/ca\/wp-json\/wp\/v2\/pages\/48832\/revisions"}],"wp:attachment":[{"href":"https:\/\/www.mirsa.es\/ca\/wp-json\/wp\/v2\/media?parent=48832"}],"curies":[{"name":"wp","href":"https:\/\/api.w.org\/{rel}","templated":true}]}}