{"id":48827,"date":"2020-08-04T15:46:04","date_gmt":"2020-08-04T15:46:04","guid":{"rendered":"http:\/\/www.mirsa.es.mialias.net\/labyrinth-cattelan-italia\/"},"modified":"2021-01-08T16:36:37","modified_gmt":"2021-01-08T16:36:37","slug":"labyrinth-cattelan-italia","status":"publish","type":"page","link":"https:\/\/www.mirsa.es\/ca\/labyrinth-cattelan-italia\/","title":{"rendered":"Labyrinth Cattelan Italia"},"content":{"rendered":"<div class=\"wpb-content-wrapper\"><p>[vc_row][vc_column][vc_column_text]<\/p>\n<h5><img decoding=\"async\" class=\"wp-image-1077 size-large aligncenter\" title=\"Labyrinth Cattelan Italia\" src=\"\/wp-content\/uploads\/2020\/08\/labyrinth_cattelan_italia.jpg\" alt=\"Labyrinth Cattelan Italia\" width=\"100%\" height=\"400\"\/><\/h5>\n<p style=\"font-size: 16px; text-align: left;\"><strong>Labyrinth de la reconeguda firma Cattelan Italia, \u00e9s un elegant i exclusiu aparador d\u2019est\u00e8tica contempor\u00e0nia patentat pel prestigi\u00f3s Andrea Lucatello.<\/strong><\/p>\n<p style=\"font-size: 16px; text-align: left;\">Es tracta d\u2019un espectacular aparador en fusta amb portes en poliuret\u00e0 r\u00edgid, disponible en lacat blanc o graphite mate. Les potes es presenten en acer inoxidable, mentre que l\u2019estant interior est\u00e0 disponible en vidre transparent.<\/p>\n<p style=\"font-size: 16px; text-align: left;\">La pe\u00e7a destaca per la seva versatilitat i polival\u00e8ncia, que li permet adaptar-se amb facilitat a qualsevol mena d\u2019espai.<\/p>\n<p style=\"font-size: 16px; text-align: left;\">A MIRSA interiorisme &#038; mobiliari som distribu\u00efdors oficials Cattelan Italia. Per a m\u00e9s informaci\u00f3, visiti el nostre Showroom o contacti amb nosaltres.<\/p>\n<p>[\/vc_column_text][vc_row_inner][vc_column_inner]<style type=\"text\/css\">#bklyn_btn_69d24e7b60e6e .bklyn-btn { color:#ffffff !important; background-color:black !important; }<\/style><div id=\"bklyn_btn_69d24e7b60e6e\" class=\"bklyn-btn-holder  bklyn-btn-center bklyn-btn-tablet-center bklyn-btn-mobile-center\"><a title=\"Contacto\"   href=\"\/contacto\" target=\"_self\" class=\"bklyn-btn  bklyn-btn-icon-left bklyn-btn-normal\" ><i class=\"fa fa-envelope\"><\/i><span class=\"ut-btn-text\">M\u00e9s informaci\u00f3<\/span><\/a><\/div>[\/vc_column_inner][\/vc_row_inner][\/vc_column][\/vc_row]<\/p>\n<\/div>","protected":false},"excerpt":{"rendered":"<p>[vc_row][vc_column][vc_column_text] Labyrinth de la reconeguda firma Cattelan Italia, \u00e9s un elegant i exclusiu aparador d\u2019est\u00e8tica contempor\u00e0nia patentat pel prestigi\u00f3s Andrea Lucatello. Es tracta d\u2019un espectacular aparador en fusta amb portes en poliuret\u00e0 r\u00edgid, disponible en lacat blanc o graphite mate. Les potes es presenten en acer inoxidable, mentre que l\u2019estant interior est\u00e0 disponible en vidre [&hellip;]<\/p>\n","protected":false},"author":1,"featured_media":0,"parent":0,"menu_order":0,"comment_status":"closed","ping_status":"closed","template":"","meta":{"footnotes":""},"class_list":["post-48827","page","type-page","status-publish","hentry"],"aioseo_notices":[],"_links":{"self":[{"href":"https:\/\/www.mirsa.es\/ca\/wp-json\/wp\/v2\/pages\/48827","targetHints":{"allow":["GET"]}}],"collection":[{"href":"https:\/\/www.mirsa.es\/ca\/wp-json\/wp\/v2\/pages"}],"about":[{"href":"https:\/\/www.mirsa.es\/ca\/wp-json\/wp\/v2\/types\/page"}],"author":[{"embeddable":true,"href":"https:\/\/www.mirsa.es\/ca\/wp-json\/wp\/v2\/users\/1"}],"replies":[{"embeddable":true,"href":"https:\/\/www.mirsa.es\/ca\/wp-json\/wp\/v2\/comments?post=48827"}],"version-history":[{"count":0,"href":"https:\/\/www.mirsa.es\/ca\/wp-json\/wp\/v2\/pages\/48827\/revisions"}],"wp:attachment":[{"href":"https:\/\/www.mirsa.es\/ca\/wp-json\/wp\/v2\/media?parent=48827"}],"curies":[{"name":"wp","href":"https:\/\/api.w.org\/{rel}","templated":true}]}}