{"id":48803,"date":"2018-06-13T11:49:48","date_gmt":"2018-06-13T09:49:48","guid":{"rendered":"http:\/\/www.mirsa.es.mialias.net\/kriskadecor-cadenas-decoracion\/"},"modified":"2024-05-17T14:46:25","modified_gmt":"2024-05-17T14:46:25","slug":"kriskadecor-cadenas-decoracion","status":"publish","type":"page","link":"https:\/\/www.mirsa.es\/ca\/kriskadecor-cadenas-decoracion\/","title":{"rendered":"Kriskadecor Cadenes Decoraci\u00f3"},"content":{"rendered":"<div class=\"wpb-content-wrapper\"><p>[vc_row css=&#8221;.vc_custom_1583596731269{margin-left: -50px !important;}&#8221;][vc_column][vc_column_text]<a style=\"color:black;\" href=\"javascript:history.go(-1)\" onmouseover=\"self.status=document.referrer;return true\">Enrere<\/a>[\/vc_column_text][\/vc_column][\/vc_row][vc_row][vc_column][vc_column_text]<br \/>\n<img decoding=\"async\" class=\"wp-image-1077 size-large aligncenter\" title=\"Kriskadecor Cadenes Decoraci\u00f3\" src=\"\/wp-content\/uploads\/2020\/06\/kriskadecor_cadenas_decoracion.jpg\" alt=\"Kriskadecor Cadenes Decoraci\u00f3\" width=\"100%\" height=\"400\" \/><\/p>\n<h2 style=\"font-size: 16px; text-align: left;\"><strong>Kriskadecor \u00e9s una reconeguda firma especialitzada en la producci\u00f3 de cadenes d&#8217;alumini decoratives fundada l&#8217;any 1926.<\/strong><\/h2>\n<p style=\"font-size: 16px; text-align: left;\">La marca desenvolupa projectes a mida basats en colors, formes i volums gr\u00e0cies als seus baules d&#8217;alumini anoditzat, un material lleuger i vers\u00e0til.<\/p>\n<p style=\"font-size: 16px; text-align: left;\">Kriskadecor ofereix una \u00e0mplia varietat de solucions per a arquitectes i interioristes: separaci\u00f3 d&#8217;espais, portes o sostres, aix\u00ed com decoraci\u00f3 de parets o espais especials.<\/p>\n<p style=\"font-size: 16px; text-align: left;\">A MIRSA interiorisme &#038; mobiliari som distribu\u00efdors oficials de Kriskadecor. Per a m\u00e9s informaci\u00f3, visiti el nostre showroom o contacti amb nosaltres.<\/p>\n<p>[\/vc_column_text][\/vc_column][\/vc_row][vc_section][vc_row full_width=&#8221;stretch_row_content_no_spaces&#8221;][vc_column][vc_column_text]<iframe id=\"embedded-ads-iframe-website\" width=\"100%\" height=\"600\" data-originsrc=\"https:\/\/mirsa.daloom.com\/es\/productos\/cortinas-de-hilo\/brand_kriskadecor\"><\/iframe><br \/>\n<script defer src=\"https:\/\/mirsa.daloom.com\/js\/parent-embedded-script.min.js\"><\/script>[\/vc_column_text][\/vc_column][\/vc_row][\/vc_section]<\/p>\n<\/div>","protected":false},"excerpt":{"rendered":"<p>[vc_row css=&#8221;.vc_custom_1583596731269{margin-left: -50px !important;}&#8221;][vc_column][vc_column_text]Enrere[\/vc_column_text][\/vc_column][\/vc_row][vc_row][vc_column][vc_column_text] Kriskadecor \u00e9s una reconeguda firma especialitzada en la producci\u00f3 de cadenes d&#8217;alumini decoratives fundada l&#8217;any 1926. La marca desenvolupa projectes a mida basats en colors, formes i volums gr\u00e0cies als seus baules d&#8217;alumini anoditzat, un material lleuger i vers\u00e0til. Kriskadecor ofereix una \u00e0mplia varietat de solucions per a arquitectes i interioristes: [&hellip;]<\/p>\n","protected":false},"author":1,"featured_media":0,"parent":0,"menu_order":0,"comment_status":"closed","ping_status":"closed","template":"","meta":{"footnotes":""},"class_list":["post-48803","page","type-page","status-publish","hentry"],"aioseo_notices":[],"_links":{"self":[{"href":"https:\/\/www.mirsa.es\/ca\/wp-json\/wp\/v2\/pages\/48803","targetHints":{"allow":["GET"]}}],"collection":[{"href":"https:\/\/www.mirsa.es\/ca\/wp-json\/wp\/v2\/pages"}],"about":[{"href":"https:\/\/www.mirsa.es\/ca\/wp-json\/wp\/v2\/types\/page"}],"author":[{"embeddable":true,"href":"https:\/\/www.mirsa.es\/ca\/wp-json\/wp\/v2\/users\/1"}],"replies":[{"embeddable":true,"href":"https:\/\/www.mirsa.es\/ca\/wp-json\/wp\/v2\/comments?post=48803"}],"version-history":[{"count":0,"href":"https:\/\/www.mirsa.es\/ca\/wp-json\/wp\/v2\/pages\/48803\/revisions"}],"wp:attachment":[{"href":"https:\/\/www.mirsa.es\/ca\/wp-json\/wp\/v2\/media?parent=48803"}],"curies":[{"name":"wp","href":"https:\/\/api.w.org\/{rel}","templated":true}]}}