{"id":48769,"date":"2017-04-29T19:04:32","date_gmt":"2017-04-29T17:04:32","guid":{"rendered":"http:\/\/www.mirsa.es.mialias.net\/kettal-muebles-de-jardin\/"},"modified":"2024-05-17T14:20:49","modified_gmt":"2024-05-17T14:20:49","slug":"kettal-muebles-de-jardin","status":"publish","type":"page","link":"https:\/\/www.mirsa.es\/ca\/kettal-muebles-de-jardin\/","title":{"rendered":"Kettal mobles de jard\u00ed"},"content":{"rendered":"<div class=\"wpb-content-wrapper\"><p>[vc_row css=&#8221;.vc_custom_1583596731269{margin-left: -50px !important;}&#8221;][vc_column][vc_column_text]<a style=\"color:black;\" href=\"javascript:history.go(-1)\" onmouseover=\"self.status=document.referrer;return true\">Atr\u00e1s<\/a>[\/vc_column_text][\/vc_column][\/vc_row][vc_row][vc_column][vc_column_text]<br \/>\n<img decoding=\"async\" class=\"wp-image-1077 size-large aligncenter\" title=\"Kettal mobles de jard\u00ed\" src=\"\/wp-content\/uploads\/2020\/06\/kettal_muebles_jardin_portada.jpg\" alt=\"Kettal mobles de jard\u00ed\" width=\"100%\" height=\"400\" \/><\/p>\n<h2 style=\"font-size: 16px; text-align: left;\"><strong>Kettal \u00e9s una reconeguda firma de mobiliari d\u2019exterior que es caracteritza per la creaci\u00f3 de mobles exclusius i funcionals per a jardins i terrasses.<\/strong><\/h2>\n<p style=\"font-size: 16px; text-align: left;\">La hist\u00f2rica marca, fundada al 1966, compta amb col\u00b7leccions firmades per alguns dels dissenyadors amb m\u00e9s prestigi internacional: Patricia Urquiola, Rodolfo Dordoni, Jasper Morrison, Doshi levien\u2026<\/p>\n<p style=\"font-size: 16px; text-align: left;\">Els projectes firmats per la marca fusionen a la perfecci\u00f3 creativitat, estil i qualitat; garantint sempre una est\u00e8tica elegant i la m\u00e0xima comoditat.<\/p>\n<p style=\"font-size: 16px; text-align: left;\">A MIRSA interiorisme &#038; mobiliari som distribu\u00efdors oficials Kettal. Per a m\u00e9s informaci\u00f3, contacti amb nosaltres. Per a m\u00e9s informaci\u00f3, visiti el nostre Showroom o contacti amb nosaltres.<\/p>\n<p>[\/vc_column_text][\/vc_column][\/vc_row][vc_section][vc_row full_width=&#8221;stretch_row_content_no_spaces&#8221;][vc_column][vc_column_text]<iframe id=\"embedded-ads-iframe-website\" width=\"100%\" height=\"600\" data-originsrc=\"https:\/\/mirsa.daloom.com\/es\/productos\/mobiliario\/brand_kettal\"><\/iframe><br \/>\n<script defer src=\"https:\/\/mirsa.daloom.com\/js\/parent-embedded-script.min.js\"><\/script>[\/vc_column_text][\/vc_column][\/vc_row][\/vc_section]<\/p>\n<\/div>","protected":false},"excerpt":{"rendered":"<p>[vc_row css=&#8221;.vc_custom_1583596731269{margin-left: -50px !important;}&#8221;][vc_column][vc_column_text]Atr\u00e1s[\/vc_column_text][\/vc_column][\/vc_row][vc_row][vc_column][vc_column_text] Kettal \u00e9s una reconeguda firma de mobiliari d\u2019exterior que es caracteritza per la creaci\u00f3 de mobles exclusius i funcionals per a jardins i terrasses. La hist\u00f2rica marca, fundada al 1966, compta amb col\u00b7leccions firmades per alguns dels dissenyadors amb m\u00e9s prestigi internacional: Patricia Urquiola, Rodolfo Dordoni, Jasper Morrison, Doshi levien\u2026 Els [&hellip;]<\/p>\n","protected":false},"author":1,"featured_media":0,"parent":0,"menu_order":0,"comment_status":"closed","ping_status":"closed","template":"","meta":{"footnotes":""},"class_list":["post-48769","page","type-page","status-publish","hentry"],"aioseo_notices":[],"_links":{"self":[{"href":"https:\/\/www.mirsa.es\/ca\/wp-json\/wp\/v2\/pages\/48769","targetHints":{"allow":["GET"]}}],"collection":[{"href":"https:\/\/www.mirsa.es\/ca\/wp-json\/wp\/v2\/pages"}],"about":[{"href":"https:\/\/www.mirsa.es\/ca\/wp-json\/wp\/v2\/types\/page"}],"author":[{"embeddable":true,"href":"https:\/\/www.mirsa.es\/ca\/wp-json\/wp\/v2\/users\/1"}],"replies":[{"embeddable":true,"href":"https:\/\/www.mirsa.es\/ca\/wp-json\/wp\/v2\/comments?post=48769"}],"version-history":[{"count":0,"href":"https:\/\/www.mirsa.es\/ca\/wp-json\/wp\/v2\/pages\/48769\/revisions"}],"wp:attachment":[{"href":"https:\/\/www.mirsa.es\/ca\/wp-json\/wp\/v2\/media?parent=48769"}],"curies":[{"name":"wp","href":"https:\/\/api.w.org\/{rel}","templated":true}]}}