{"id":48765,"date":"2018-07-18T20:11:43","date_gmt":"2018-07-18T18:11:43","guid":{"rendered":"http:\/\/www.mirsa.es.mialias.net\/kermes-ligne-roset\/"},"modified":"2021-01-07T10:18:04","modified_gmt":"2021-01-07T10:18:04","slug":"kermes-ligne-roset","status":"publish","type":"page","link":"https:\/\/www.mirsa.es\/ca\/kermes-ligne-roset\/","title":{"rendered":"Kermes Ligne Roset"},"content":{"rendered":"<div class=\"wpb-content-wrapper\"><p>[vc_row][vc_column][vc_column_text]<\/p>\n<h5><img decoding=\"async\" class=\"wp-image-1077 size-large aligncenter\" title=\"Kermes Ligne Roset\" src=\"\/wp-content\/uploads\/2020\/07\/buffet_kermes_ligne_roset.jpg\" alt=\"Kermes Ligne Roset\" width=\"100%\" height=\"400\" \/><\/h5>\n<p style=\"font-size: 16px; text-align: left;\"><strong>Kermes de Ligne Roset \u00e9s un espectacular buffet de disseny que es concep com una reedici\u00f3 adaptada als Nous temps i inspirada en les m\u00edtiques col\u00b7leccions dels anys 50 i 70.<\/strong><\/p>\n<p style=\"font-size: 16px; text-align: left;\">Dissenyat pel prestigi\u00f3s Evangelos Vasileiou, es tracta d\u2019una pe\u00e7a elegant i de gran qualitat, que s\u2019adapta amb facilitat a qualsevol tipus d\u2019espai gr\u00e0cies a la seva gran personalitat.<\/p>\n<p style=\"font-size: 16px; text-align: left;\">Les potes estan constru\u00efdes amb fusta de freixe mass\u00eds, en color negre saturat, mentre que els estants fixes aporten seguretat i resist\u00e8ncia a l\u2019estructura.<\/p>\n<p style=\"font-size: 16px; text-align: left;\">A MIRSA interiorisme &#038; mobiliari som distribu\u00efdors oficials Ligne Roset. Per a m\u00e9s informaci\u00f3, visiti el nostre Showroom o contacti amb nosaltres.\n<\/p>\n<p>[\/vc_column_text][vc_row_inner][vc_column_inner]<style type=\"text\/css\">#bklyn_btn_69d262f42b73a .bklyn-btn { color:#ffffff !important; background-color:black !important; }<\/style><div id=\"bklyn_btn_69d262f42b73a\" class=\"bklyn-btn-holder  bklyn-btn-center bklyn-btn-tablet-center bklyn-btn-mobile-center\"><a title=\"Contacto\"   href=\"\/contacto\" target=\"_self\" class=\"bklyn-btn  bklyn-btn-icon-left bklyn-btn-normal\" ><i class=\"fa fa-envelope\"><\/i><span class=\"ut-btn-text\">M\u00e9s informaci\u00f3<\/span><\/a><\/div>[\/vc_column_inner][\/vc_row_inner][\/vc_column][\/vc_row]<\/p>\n<\/div>","protected":false},"excerpt":{"rendered":"<p>[vc_row][vc_column][vc_column_text] Kermes de Ligne Roset \u00e9s un espectacular buffet de disseny que es concep com una reedici\u00f3 adaptada als Nous temps i inspirada en les m\u00edtiques col\u00b7leccions dels anys 50 i 70. Dissenyat pel prestigi\u00f3s Evangelos Vasileiou, es tracta d\u2019una pe\u00e7a elegant i de gran qualitat, que s\u2019adapta amb facilitat a qualsevol tipus d\u2019espai gr\u00e0cies [&hellip;]<\/p>\n","protected":false},"author":1,"featured_media":0,"parent":0,"menu_order":0,"comment_status":"closed","ping_status":"closed","template":"","meta":{"footnotes":""},"class_list":["post-48765","page","type-page","status-publish","hentry"],"aioseo_notices":[],"_links":{"self":[{"href":"https:\/\/www.mirsa.es\/ca\/wp-json\/wp\/v2\/pages\/48765","targetHints":{"allow":["GET"]}}],"collection":[{"href":"https:\/\/www.mirsa.es\/ca\/wp-json\/wp\/v2\/pages"}],"about":[{"href":"https:\/\/www.mirsa.es\/ca\/wp-json\/wp\/v2\/types\/page"}],"author":[{"embeddable":true,"href":"https:\/\/www.mirsa.es\/ca\/wp-json\/wp\/v2\/users\/1"}],"replies":[{"embeddable":true,"href":"https:\/\/www.mirsa.es\/ca\/wp-json\/wp\/v2\/comments?post=48765"}],"version-history":[{"count":0,"href":"https:\/\/www.mirsa.es\/ca\/wp-json\/wp\/v2\/pages\/48765\/revisions"}],"wp:attachment":[{"href":"https:\/\/www.mirsa.es\/ca\/wp-json\/wp\/v2\/media?parent=48765"}],"curies":[{"name":"wp","href":"https:\/\/api.w.org\/{rel}","templated":true}]}}