{"id":48722,"date":"2016-07-21T19:48:10","date_gmt":"2016-07-21T17:48:10","guid":{"rendered":"http:\/\/www.mirsa.es.mialias.net\/kartell-diseno-italiano\/"},"modified":"2024-05-17T14:06:17","modified_gmt":"2024-05-17T14:06:17","slug":"kartell-diseno-italiano","status":"publish","type":"page","link":"https:\/\/www.mirsa.es\/ca\/kartell-diseno-italiano\/","title":{"rendered":"Kartell disseny itali\u00e0"},"content":{"rendered":"<div class=\"wpb-content-wrapper\"><p>[vc_row css=&#8221;.vc_custom_1583596731269{margin-left: -50px !important;}&#8221;][vc_column][vc_column_text]<a style=\"color:black;\" href=\"javascript:history.go(-1)\" onmouseover=\"self.status=document.referrer;return true\">Enrere<\/a>[\/vc_column_text][\/vc_column][\/vc_row][vc_row][vc_column][vc_column_text]<\/p>\n<h5><img decoding=\"async\" class=\"wp-image-1077 size-large aligncenter\" title=\"Kartell disseny itali\u00e0\" src=\"\/wp-content\/uploads\/2021\/01\/kartell_portada.jpg\" alt=\"Kartell disseny itali\u00e0\" width=\"100%\" height=\"400\" \/><\/h5>\n<p style=\"font-size: 16px; text-align: left;\"><strong>Creada per Giulio Castelli a principis de 1950, Kartell \u00e9s una firma italiana dedicada a la fabricaci\u00f3 de mobiliari de disseny per a la llar i complements de decoraci\u00f3.<\/strong><\/p>\n<p style=\"font-size: 16px; text-align: left;\">Diverses peces de Kartell s&#8217;exposen al MoMA de Nova York, prova indiscutible del seu enorme valor. Cl\u00e0ssics com la cadira Louis Ghost o el sof\u00e0 Bubble Club s&#8217;han convertit en icones del disseny modern.<\/p>\n<p style=\"font-size: 16px; text-align: left;\">A MIRSA interiorisme &#038; mobiliari som distribu\u00efdors oficials de productes Kartell. Per a m\u00e9s informaci\u00f3, visiti el nostre Showroom o contacti amb nosaltres.<\/p>\n<p>[\/vc_column_text][\/vc_column][\/vc_row][vc_section][vc_row full_width=&#8221;stretch_row_content_no_spaces&#8221;][vc_column][vc_column_text]<iframe id=\"embedded-ads-iframe-website\" width=\"100%\" height=\"600\" data-originsrc=\"https:\/\/mirsa.daloom.com\/es\/productos\/mobiliario\/brand_kartell\"><\/iframe><br \/>\n<script defer src=\"https:\/\/mirsa.daloom.com\/js\/parent-embedded-script.min.js\"><\/script>[\/vc_column_text][\/vc_column][\/vc_row][\/vc_section]<\/p>\n<\/div>","protected":false},"excerpt":{"rendered":"<p>[vc_row css=&#8221;.vc_custom_1583596731269{margin-left: -50px !important;}&#8221;][vc_column][vc_column_text]Enrere[\/vc_column_text][\/vc_column][\/vc_row][vc_row][vc_column][vc_column_text] Creada per Giulio Castelli a principis de 1950, Kartell \u00e9s una firma italiana dedicada a la fabricaci\u00f3 de mobiliari de disseny per a la llar i complements de decoraci\u00f3. Diverses peces de Kartell s&#8217;exposen al MoMA de Nova York, prova indiscutible del seu enorme valor. Cl\u00e0ssics com la cadira Louis Ghost [&hellip;]<\/p>\n","protected":false},"author":1,"featured_media":0,"parent":0,"menu_order":0,"comment_status":"closed","ping_status":"closed","template":"","meta":{"footnotes":""},"class_list":["post-48722","page","type-page","status-publish","hentry"],"aioseo_notices":[],"_links":{"self":[{"href":"https:\/\/www.mirsa.es\/ca\/wp-json\/wp\/v2\/pages\/48722","targetHints":{"allow":["GET"]}}],"collection":[{"href":"https:\/\/www.mirsa.es\/ca\/wp-json\/wp\/v2\/pages"}],"about":[{"href":"https:\/\/www.mirsa.es\/ca\/wp-json\/wp\/v2\/types\/page"}],"author":[{"embeddable":true,"href":"https:\/\/www.mirsa.es\/ca\/wp-json\/wp\/v2\/users\/1"}],"replies":[{"embeddable":true,"href":"https:\/\/www.mirsa.es\/ca\/wp-json\/wp\/v2\/comments?post=48722"}],"version-history":[{"count":0,"href":"https:\/\/www.mirsa.es\/ca\/wp-json\/wp\/v2\/pages\/48722\/revisions"}],"wp:attachment":[{"href":"https:\/\/www.mirsa.es\/ca\/wp-json\/wp\/v2\/media?parent=48722"}],"curies":[{"name":"wp","href":"https:\/\/api.w.org\/{rel}","templated":true}]}}