{"id":48695,"date":"2018-06-13T10:26:54","date_gmt":"2018-06-13T08:26:54","guid":{"rendered":"http:\/\/www.mirsa.es.mialias.net\/kalmar-lighting\/"},"modified":"2024-05-17T13:52:07","modified_gmt":"2024-05-17T13:52:07","slug":"kalmar-lighting","status":"publish","type":"page","link":"https:\/\/www.mirsa.es\/ca\/kalmar-lighting\/","title":{"rendered":"Kalmar Lighting"},"content":{"rendered":"<div class=\"wpb-content-wrapper\"><p>[vc_row css=&#8221;.vc_custom_1583596731269{margin-left: -50px !important;}&#8221;][vc_column][vc_column_text]<a href=\"javascript:history.go(-1)\" onmouseover=\"self.status=document.referrer;return true\" style=\"color: black;\">Enrere<\/a>[\/vc_column_text][\/vc_column][\/vc_row][vc_row][vc_column][vc_column_text]<br \/>\n<img decoding=\"async\" class=\"wp-image-1077 size-large aligncenter\" title=\"Kalmar Lighting\" src=\"\/wp-content\/uploads\/2020\/06\/kalmar_lighting.jpg\" alt=\"Kalmar Lighting\" width=\"100%\" height=\"400\" \/><\/p>\n<h2 style=\"font-size: 16px; text-align: left;\"><strong>Kalmar \u00e9s una reconeguda firma especialitzada en la fabricaci\u00f3 i distribuci\u00f3 de productes d\u2019il\u00b7luminaci\u00f3 d\u2019alta gamma.<\/strong><\/h2>\n<p style=\"font-size: 16px; text-align: left;\">L\u2019empresa s\u2019inspira en la tradici\u00f3 artesanal d\u2019\u00c0ustria, que en col\u00b7laboraci\u00f3 amb alguns dels dissenyadors m\u00e9s prestigiosos del moment, garanteix un producte exclusiu i de gran qualitat.<\/p>\n<p style=\"font-size: 16px; text-align: left;\">Les col\u00b7leccions de Kalmar es caracteritzen per la seva eleg\u00e0ncia geom\u00e8trica i per les seves delicades proporcions, que infonen un rigor\u00f3s minimalisme que transmet calidesa i humanitat.<\/p>\n<p style=\"font-size: 16px; text-align: left;\">Les l\u00e0mpades de taula i de peu, penjants i aplics s\u2019adapten amb facilitat a qualsevol tipus d\u2019ambient, d\u2019una manera discreta i elegant. A MIRSA interiorisme &#038; mobiliari disposem d\u2019una extensa gamma de productes Kalmar. Per a m\u00e9s informaci\u00f3, visiti el nostre Showroom o contacti amb nosaltres.<\/p>\n<p>[\/vc_column_text][\/vc_column][\/vc_row]<\/p>\n<\/div>","protected":false},"excerpt":{"rendered":"<p>[vc_row css=&#8221;.vc_custom_1583596731269{margin-left: -50px !important;}&#8221;][vc_column][vc_column_text]Enrere[\/vc_column_text][\/vc_column][\/vc_row][vc_row][vc_column][vc_column_text] Kalmar \u00e9s una reconeguda firma especialitzada en la fabricaci\u00f3 i distribuci\u00f3 de productes d\u2019il\u00b7luminaci\u00f3 d\u2019alta gamma. L\u2019empresa s\u2019inspira en la tradici\u00f3 artesanal d\u2019\u00c0ustria, que en col\u00b7laboraci\u00f3 amb alguns dels dissenyadors m\u00e9s prestigiosos del moment, garanteix un producte exclusiu i de gran qualitat. Les col\u00b7leccions de Kalmar es caracteritzen per la seva [&hellip;]<\/p>\n","protected":false},"author":1,"featured_media":0,"parent":0,"menu_order":0,"comment_status":"closed","ping_status":"closed","template":"","meta":{"footnotes":""},"class_list":["post-48695","page","type-page","status-publish","hentry"],"aioseo_notices":[],"_links":{"self":[{"href":"https:\/\/www.mirsa.es\/ca\/wp-json\/wp\/v2\/pages\/48695","targetHints":{"allow":["GET"]}}],"collection":[{"href":"https:\/\/www.mirsa.es\/ca\/wp-json\/wp\/v2\/pages"}],"about":[{"href":"https:\/\/www.mirsa.es\/ca\/wp-json\/wp\/v2\/types\/page"}],"author":[{"embeddable":true,"href":"https:\/\/www.mirsa.es\/ca\/wp-json\/wp\/v2\/users\/1"}],"replies":[{"embeddable":true,"href":"https:\/\/www.mirsa.es\/ca\/wp-json\/wp\/v2\/comments?post=48695"}],"version-history":[{"count":0,"href":"https:\/\/www.mirsa.es\/ca\/wp-json\/wp\/v2\/pages\/48695\/revisions"}],"wp:attachment":[{"href":"https:\/\/www.mirsa.es\/ca\/wp-json\/wp\/v2\/media?parent=48695"}],"curies":[{"name":"wp","href":"https:\/\/api.w.org\/{rel}","templated":true}]}}