{"id":48681,"date":"2018-06-12T19:38:21","date_gmt":"2018-06-12T17:38:21","guid":{"rendered":"http:\/\/www.mirsa.es.mialias.net\/jotajotape-muebles-juveniles\/"},"modified":"2024-05-17T13:48:42","modified_gmt":"2024-05-17T13:48:42","slug":"jotajotape-muebles-juveniles","status":"publish","type":"page","link":"https:\/\/www.mirsa.es\/ca\/jotajotape-muebles-juveniles\/","title":{"rendered":"Jotajotape Mobles Juvenils"},"content":{"rendered":"<div class=\"wpb-content-wrapper\"><p>[vc_row css=&#8221;.vc_custom_1583596731269{margin-left: -50px !important;}&#8221;][vc_column][vc_column_text]<a href=\"javascript:history.go(-1)\" onmouseover=\"self.status=document.referrer;return true\" style=\"color: black;\">Enrere<\/a>[\/vc_column_text][\/vc_column][\/vc_row][vc_row][vc_column][vc_column_text]<\/p>\n<h5><img decoding=\"async\" class=\"wp-image-1077 size-large aligncenter\" title=\"Jotajotape Mobles Juvenils\" src=\"\/wp-content\/uploads\/2020\/06\/jotajotape_juveniles.jpg\" alt=\"Jotajotape Mobles Juvenils\" width=\"100%\" height=\"400\" \/><\/h5>\n<p style=\"font-size: 16px; text-align: left;\"><strong>Jotajotape \u00e9s una reconeguda firma de mobiliari amb m\u00e9s de 30 anys d\u2019experi\u00e8ncia especialitzada en dormitoris juvenils.<\/strong><\/p>\n<p style=\"font-size: 16px; text-align: left;\">Des de la seva fundaci\u00f3, la marca s\u2019ha caracteritzat per la seva aposta ferma en innovaci\u00f3 i disseny. Els mobles de Jotajotape s\u00f3n una garantia de qualitat, ja que es fabriquen mitjan\u00e7ant els processos de producci\u00f3 m\u00e9s avan\u00e7ats.<\/p>\n<p style=\"font-size: 16px; text-align: left;\">La firma es caracteritza per la versatilitat de totes les seves col\u00b7leccions, que permeten m\u00faltiples opcions de configuraci\u00f3 i s\u2019adapten amb facilitat a qualsevol tipus d\u2019espai. A MIRSA interiorisme &#038; mobiliari som distribu\u00efdors oficials Jotajotape. Per a m\u00e9s informaci\u00f3, visiti el nostre Showroom o contacti amb nosaltres.<\/p>\n<p>[\/vc_column_text][\/vc_column][\/vc_row]<\/p>\n<\/div>","protected":false},"excerpt":{"rendered":"<p>[vc_row css=&#8221;.vc_custom_1583596731269{margin-left: -50px !important;}&#8221;][vc_column][vc_column_text]Enrere[\/vc_column_text][\/vc_column][\/vc_row][vc_row][vc_column][vc_column_text] Jotajotape \u00e9s una reconeguda firma de mobiliari amb m\u00e9s de 30 anys d\u2019experi\u00e8ncia especialitzada en dormitoris juvenils. Des de la seva fundaci\u00f3, la marca s\u2019ha caracteritzat per la seva aposta ferma en innovaci\u00f3 i disseny. Els mobles de Jotajotape s\u00f3n una garantia de qualitat, ja que es fabriquen mitjan\u00e7ant els processos [&hellip;]<\/p>\n","protected":false},"author":1,"featured_media":0,"parent":0,"menu_order":0,"comment_status":"closed","ping_status":"closed","template":"","meta":{"footnotes":""},"class_list":["post-48681","page","type-page","status-publish","hentry"],"aioseo_notices":[],"_links":{"self":[{"href":"https:\/\/www.mirsa.es\/ca\/wp-json\/wp\/v2\/pages\/48681","targetHints":{"allow":["GET"]}}],"collection":[{"href":"https:\/\/www.mirsa.es\/ca\/wp-json\/wp\/v2\/pages"}],"about":[{"href":"https:\/\/www.mirsa.es\/ca\/wp-json\/wp\/v2\/types\/page"}],"author":[{"embeddable":true,"href":"https:\/\/www.mirsa.es\/ca\/wp-json\/wp\/v2\/users\/1"}],"replies":[{"embeddable":true,"href":"https:\/\/www.mirsa.es\/ca\/wp-json\/wp\/v2\/comments?post=48681"}],"version-history":[{"count":0,"href":"https:\/\/www.mirsa.es\/ca\/wp-json\/wp\/v2\/pages\/48681\/revisions"}],"wp:attachment":[{"href":"https:\/\/www.mirsa.es\/ca\/wp-json\/wp\/v2\/media?parent=48681"}],"curies":[{"name":"wp","href":"https:\/\/api.w.org\/{rel}","templated":true}]}}