{"id":48651,"date":"2018-11-06T18:40:15","date_gmt":"2018-11-06T17:40:15","guid":{"rendered":"http:\/\/www.mirsa.es.mialias.net\/jasper-morrison-colecciones\/"},"modified":"2026-02-24T08:31:13","modified_gmt":"2026-02-24T08:31:13","slug":"jasper-morrison-colecciones","status":"publish","type":"page","link":"https:\/\/www.mirsa.es\/ca\/jasper-morrison-colecciones\/","title":{"rendered":"Jasper Morrison Col\u00b7leccions"},"content":{"rendered":"<div class=\"wpb-content-wrapper\"><p>[vc_section][vc_row full_width=&#8221;stretch_row_content&#8221;][vc_column][vc_column_text]<a style=\"color:black;\" href=\"javascript:history.go(-1)\" onmouseover=\"self.status=document.referrer;return true\">Enrere<\/a>[\/vc_column_text][\/vc_column][\/vc_row][vc_row full_width=&#8221;stretch_row_content&#8221; css=&#8221;.vc_custom_1589961005492{margin-top: -15px !important;}&#8221;][vc_column width=&#8221;1\/3&#8243;]<div  class=\"wpb_content_element   clearfix\"><style type=\"text\/css\">#ut_am_6a09225494f68 { opacity: 1; }#ut_am_wrap_6a09225494f69 { text-align: left; }@media (min-width: 768px) and (max-width: 1024px) { #ut_am_wrap_6a09225494f69 { text-align: left !important; } }@media (max-width: 767px) { #ut_am_wrap_6a09225494f69 { text-align: center !important; } }<\/style><div id=\"ut_am_wrap_6a09225494f69\" class=\"ut-image-gallery-image \"><div id=\"ut_reveal_6a09225494f6a\"  data-appear-top-offset=\"auto\" class=\"ut-animated-image-item ut-image-gallery-item ut-animation-done \"><a class=\"ut-deactivated-link\" href=\"#\"><div class=\"ut-animated-image-zoom\">\r\n        <div class=\"ut-element-glitch-wrap\">\r\n\r\n            \r\n        <style type=\"text\/css\">\r\n\r\n                        \r\n        @media (min-width: 1025px) {\r\n\r\n        #ut-element-glitch-6a09225494f8d785229764-30255 .ut-glitch-single-element {\r\n                                            \r\n                }\r\n        }\r\n\r\n        @media (min-width: 768px) and (max-width: 1024px) {\r\n\r\n        #ut-element-glitch-6a09225494f8d785229764-30255 .ut-glitch-single-element {\r\n                                                \r\n                    }\r\n        }\r\n\r\n        @media (max-width: 767px) {\r\n\r\n        #ut-element-glitch-6a09225494f8d785229764-30255 .ut-glitch-single-element {\r\n                                                \r\n                    }\r\n        }\r\n\r\n        \r\n        <\/style>\r\n\r\n        \r\n            <div id=\"ut-element-glitch-6a09225494f8d785229764-30255\" class=\" ut-element-glitch ut-glitch-none ut-element-glitch-permanent\">\r\n                <div class=\"ut-glitch-single-element ut-lozad skip-lazy\" data-background-image=\"https:\/\/www.mirsa.es\/wp-content\/uploads\/2020\/05\/jasper_morrison.jpg\"><\/div>\r\n                <div class=\"ut-glitch-single-element ut-lozad skip-lazy\" data-background-image=\"https:\/\/www.mirsa.es\/wp-content\/uploads\/2020\/05\/jasper_morrison.jpg\"><\/div>\r\n                <div class=\"ut-glitch-single-element ut-lozad skip-lazy\" data-background-image=\"https:\/\/www.mirsa.es\/wp-content\/uploads\/2020\/05\/jasper_morrison.jpg\"><\/div>\r\n                <div class=\"ut-glitch-single-element ut-lozad skip-lazy\" data-background-image=\"https:\/\/www.mirsa.es\/wp-content\/uploads\/2020\/05\/jasper_morrison.jpg\"><\/div>\r\n                <div class=\"ut-glitch-single-element ut-lozad skip-lazy\" data-background-image=\"https:\/\/www.mirsa.es\/wp-content\/uploads\/2020\/05\/jasper_morrison.jpg\"><\/div>\r\n            <\/div>\r\n\r\n        <\/div>\r\n\r\n        <img loading=\"lazy\" decoding=\"async\" class=\"ut-lazy skip-lazy ut-animated-image \"  id=\"ut_am_6a09225494f68\" src=\"data:image\/svg+xml;charset=utf-8,%3Csvg xmlns%3D'http%3A%2F%2Fwww.w3.org%2F2000%2Fsvg' viewBox%3D'0 0 600 600'%2F%3E\" data-src=\"https:\/\/www.mirsa.es\/wp-content\/uploads\/2020\/05\/jasper_morrison.jpg\" width=\"600\" height=\"600\" alt=\"\"\/><\/div><\/a><\/div><\/div><\/div>[\/vc_column][vc_column width=&#8221;2\/3&#8243;][vc_column_text]Jasper Morrison, nascut l&#8217;any 1959, \u00e9s un prestigi\u00f3s arquitecte i dissenyador angl\u00e8s, reconegut mundialment gr\u00e0cies als seus projectes contemporanis i innovadors.<\/p>\n<p>Al 1982 es gradua com a dissenyador en la reconeguda Kingston Polytechnic Design School de Londres, completant els seus estudis al 1985 en el Royal Collage of Art.<\/p>\n<p>Tan sols un any despr\u00e9s, al 1986, funda el seu propi estudi d&#8217;interiorisme a Londres, on comen\u00e7a a destacar amb els seus primers projectes.<\/p>\n<p>Jasper Morrison va guanyant prestigi gr\u00e0cies als seus treballs per a firmes tan reconegudes com Vitra, Flos, Cappellini o Magis fins a convertir-se en un referent internacional al m\u00f3n del disseny.<\/p>\n<p>Actualment dirigeix la companyia Morrison Ltd, integrada per un despatx central amb seu a Londres i dues filials amb oficines a Par\u00eds i Tokio respectivament.<\/p>\n<p>Morrison es caracteritza pel seu estil innovador i multidisciplinar que li permet oferir tot tipus de solucions relacionades amb el disseny d&#8217;interiors: mobles, il\u00b7luminaci\u00f3, objectes de decoraci\u00f3&#8230;<\/p>\n<p>A MIRSA interiorisme &amp; mobiliari disposem d&#8217;una selecci\u00f3 de les millors col\u00b7leccions de Jasper Morrison. Per a m\u00e9s informaci\u00f3 visiti el nostre Showroom o contacti amb nosaltres.<\/p>\n<p>[\/vc_column_text][\/vc_column][\/vc_row][vc_row full_width=&#8221;stretch_row_content_no_spaces&#8221; css=&#8221;.vc_custom_1589960397272{margin-top: -20px !important;}&#8221;][vc_column][vc_separator color=&#8221;custom&#8221; accent_color=&#8221;#c7c2ba&#8221;][\/vc_column][\/vc_row][vc_row full_width=&#8221;stretch_row_content&#8221; css=&#8221;.vc_custom_1589964968246{margin-top: -20px !important;}&#8221;][vc_column][vc_column_text]<iframe id=\"embedded-ads-iframe-website\" width=\"100%\" height=\"600\" data-originsrc=\"https:\/\/mirsa.daloom.com\/es\/productos\/disenadore_jasper-morrison\"><\/iframe><br \/>\n<script defer src=\"https:\/\/mirsa.daloom.com\/js\/parent-embedded-script.min.js\"><\/script>[\/vc_column_text][\/vc_column][\/vc_row][\/vc_section]<\/p>\n<\/div>","protected":false},"excerpt":{"rendered":"<p>[vc_section][vc_row full_width=&#8221;stretch_row_content&#8221;][vc_column][vc_column_text]Enrere[\/vc_column_text][\/vc_column][\/vc_row][vc_row full_width=&#8221;stretch_row_content&#8221; css=&#8221;.vc_custom_1589961005492{margin-top: -15px !important;}&#8221;][vc_column width=&#8221;1\/3&#8243;][\/vc_column][vc_column width=&#8221;2\/3&#8243;][vc_column_text]Jasper Morrison, nascut l&#8217;any 1959, \u00e9s un prestigi\u00f3s arquitecte i dissenyador angl\u00e8s, reconegut mundialment gr\u00e0cies als seus projectes contemporanis i innovadors. Al 1982 es gradua com a dissenyador en la reconeguda Kingston Polytechnic Design School de Londres, completant els seus estudis al 1985 en el Royal Collage of [&hellip;]<\/p>\n","protected":false},"author":1,"featured_media":0,"parent":0,"menu_order":0,"comment_status":"closed","ping_status":"closed","template":"","meta":{"footnotes":""},"class_list":["post-48651","page","type-page","status-publish","hentry"],"aioseo_notices":[],"_links":{"self":[{"href":"https:\/\/www.mirsa.es\/ca\/wp-json\/wp\/v2\/pages\/48651","targetHints":{"allow":["GET"]}}],"collection":[{"href":"https:\/\/www.mirsa.es\/ca\/wp-json\/wp\/v2\/pages"}],"about":[{"href":"https:\/\/www.mirsa.es\/ca\/wp-json\/wp\/v2\/types\/page"}],"author":[{"embeddable":true,"href":"https:\/\/www.mirsa.es\/ca\/wp-json\/wp\/v2\/users\/1"}],"replies":[{"embeddable":true,"href":"https:\/\/www.mirsa.es\/ca\/wp-json\/wp\/v2\/comments?post=48651"}],"version-history":[{"count":0,"href":"https:\/\/www.mirsa.es\/ca\/wp-json\/wp\/v2\/pages\/48651\/revisions"}],"wp:attachment":[{"href":"https:\/\/www.mirsa.es\/ca\/wp-json\/wp\/v2\/media?parent=48651"}],"curies":[{"name":"wp","href":"https:\/\/api.w.org\/{rel}","templated":true}]}}