{"id":48626,"date":"2018-06-09T18:40:10","date_gmt":"2018-06-09T16:40:10","guid":{"rendered":"http:\/\/www.mirsa.es.mialias.net\/italamp-iluminacion\/"},"modified":"2024-05-21T17:06:43","modified_gmt":"2024-05-21T17:06:43","slug":"italamp-iluminacion","status":"publish","type":"page","link":"https:\/\/www.mirsa.es\/ca\/italamp-iluminacion\/","title":{"rendered":"Italamp Il\u00b7luminaci\u00f3"},"content":{"rendered":"<div class=\"wpb-content-wrapper\"><p>[vc_row css=&#8221;.vc_custom_1583596731269{margin-left: -50px !important;}&#8221;][vc_column][vc_column_text]<a style=\"color:black;\" href=\"javascript:history.go(-1)\" onmouseover=\"self.status=document.referrer;return true\">Enrere<\/a>[\/vc_column_text][\/vc_column][\/vc_row][vc_row][vc_column][vc_column_text]<br \/>\n<img decoding=\"async\" class=\"wp-image-1077 size-large aligncenter\" title=\"Italamp Iluminaci\u00f3n\" src=\"\/wp-content\/uploads\/2020\/06\/italamp_iluminacion.jpg\" alt=\"Italamp Iluminaci\u00f3n\" width=\"100%\" height=\"400\" \/><\/p>\n<h2 style=\"font-size: 16px; text-align: left;\"><strong>Italamp \u00e9s una reconeguda firma dedicada a la fabricaci\u00f3 i distribuci\u00f3 de productes d\u2019il\u00b7luminaci\u00f3 d\u2019alta gamma.<\/strong><\/h2>\n<p style=\"font-size: 16px; text-align: left;\">La filosofia de l\u2019empresa neix de la interpretaci\u00f3 subjectiva del context actual i de la consci\u00e8ncia que projectar-se al futur no significa oblidar el passat. L\u2019est\u00e8tica cl\u00e0ssica i la tradici\u00f3 formen part de l\u2019ADN de la firma, que combina amb gran encert, innovaci\u00f3 i artesania.<\/p>\n<p style=\"font-size: 16px; text-align: left;\">La selecci\u00f3 precisa de materials aix\u00ed com l\u2019especial atenci\u00f3 als detalls fan dels productes d\u2019Italamp, l\u00e0mpades exclusives i irrepetibles que, a m\u00e9s a m\u00e9s, garanteixen una llarga vida \u00fatil.<\/p>\n<p>[\/vc_column_text][vc_column][\/vc_column][\/vc_row][vc_section][vc_row full_width=&#8221;stretch_row_content_no_spaces&#8221;][vc_column][vc_column_text css=&#8221;&#8221;]<iframe id=\"embedded-ads-iframe-website\" width=\"100%\" height=\"600\" data-originsrc=\"https:\/\/mirsa.daloom.com\/productos\/iluminacion-de-interiores\/brand_italamp\"><\/iframe><script defer src=\"https:\/\/mirsa.daloom.com\/js\/parent-embedded-script.min.js\"><\/script>[\/vc_column_text][\/vc_column][\/vc_row][\/vc_section]<\/p>\n<\/div>","protected":false},"excerpt":{"rendered":"<p>[vc_row css=&#8221;.vc_custom_1583596731269{margin-left: -50px !important;}&#8221;][vc_column][vc_column_text]Enrere[\/vc_column_text][\/vc_column][\/vc_row][vc_row][vc_column][vc_column_text] Italamp \u00e9s una reconeguda firma dedicada a la fabricaci\u00f3 i distribuci\u00f3 de productes d\u2019il\u00b7luminaci\u00f3 d\u2019alta gamma. La filosofia de l\u2019empresa neix de la interpretaci\u00f3 subjectiva del context actual i de la consci\u00e8ncia que projectar-se al futur no significa oblidar el passat. L\u2019est\u00e8tica cl\u00e0ssica i la tradici\u00f3 formen part de l\u2019ADN de [&hellip;]<\/p>\n","protected":false},"author":1,"featured_media":0,"parent":0,"menu_order":0,"comment_status":"closed","ping_status":"closed","template":"","meta":{"footnotes":""},"class_list":["post-48626","page","type-page","status-publish","hentry"],"aioseo_notices":[],"_links":{"self":[{"href":"https:\/\/www.mirsa.es\/ca\/wp-json\/wp\/v2\/pages\/48626","targetHints":{"allow":["GET"]}}],"collection":[{"href":"https:\/\/www.mirsa.es\/ca\/wp-json\/wp\/v2\/pages"}],"about":[{"href":"https:\/\/www.mirsa.es\/ca\/wp-json\/wp\/v2\/types\/page"}],"author":[{"embeddable":true,"href":"https:\/\/www.mirsa.es\/ca\/wp-json\/wp\/v2\/users\/1"}],"replies":[{"embeddable":true,"href":"https:\/\/www.mirsa.es\/ca\/wp-json\/wp\/v2\/comments?post=48626"}],"version-history":[{"count":0,"href":"https:\/\/www.mirsa.es\/ca\/wp-json\/wp\/v2\/pages\/48626\/revisions"}],"wp:attachment":[{"href":"https:\/\/www.mirsa.es\/ca\/wp-json\/wp\/v2\/media?parent=48626"}],"curies":[{"name":"wp","href":"https:\/\/api.w.org\/{rel}","templated":true}]}}