{"id":48602,"date":"2019-06-08T09:32:37","date_gmt":"2019-06-08T07:32:37","guid":{"rendered":"http:\/\/www.mirsa.es.mialias.net\/ipe-cavalli-muebles\/"},"modified":"2021-03-18T15:57:01","modified_gmt":"2021-03-18T15:57:01","slug":"ipe-cavalli-muebles","status":"publish","type":"page","link":"https:\/\/www.mirsa.es\/ca\/ipe-cavalli-muebles\/","title":{"rendered":"Ipe Cavalli Mobles"},"content":{"rendered":"<div class=\"wpb-content-wrapper\"><p>[vc_row css=&#8221;.vc_custom_1583596731269{margin-left: -50px !important;}&#8221;][vc_column][vc_column_text]<a href=\"javascript:history.go(-1)\" onmouseover=\"self.status=document.referrer;return true\" style=\"color: black;\">Enrere<\/a>[\/vc_column_text][\/vc_column][\/vc_row][vc_row][vc_column][vc_column_text]<br \/>\n<img decoding=\"async\" class=\"wp-image-1077 size-large aligncenter\" title=\"Ipe Cavalli Muebles\" src=\"\/wp-content\/uploads\/2020\/06\/ipe_cavalli_muebles.jpg\" alt=\"Ipe Cavalli Muebles\" width=\"100%\" height=\"400\"\/><\/p>\n<h2 style=\"font-size: 16px; text-align: left;\"><strong>Ipe Cavalli \u00e9s una prestigiosa firma italiana de mobiliari contemporani d\u2019alta gamma que actualment forma part del grup empresarial Vissionaire.<\/strong><\/h2>\n<p style=\"font-size: 16px; text-align: left;\">Els or\u00edgens de la firma es remunten al 1959, quan els germans Carlo, Pompeo i Vittorio Cavalli fan fundar l\u2019empresa IPE. En pocs anys, IPE es va convertir en una de les empreses de mobiliari de refer\u00e8ncia a It\u00e0lia, gr\u00e0cies als seus innovadors processos de producci\u00f3, mai vistos a l\u2019\u00e8poca.<\/p>\n<p style=\"font-size: 16px; text-align: left;\">Actualment la firma compta amb nombrosos premis i reconeixements a la seva traject\u00f2ria i a la innovaci\u00f3. Aix\u00ed mateix, algunes de les seves col\u00b7leccions com l\u2019espectacular consola Marty dissenyada per Marco Piva, han rebut importants guardons dins del m\u00f3n del disseny i l\u2019arquitectura.<\/p>\n<p style=\"font-size: 16px; text-align: left;\">Actualmente la firma cuenta con numerosos premios y reconocimientos a su trayectoria y a la innovaci\u00f3n. As\u00ed mismo, algunas de sus colecciones como la espectacular consola Marty dise\u00f1ada por Marco Piva, han recibido importantes galardones dentro del mundo del dise\u00f1o y la arquitectura.<\/p>\n<p style=\"font-size: 16px; text-align: left;\">A MIRSA interiorisme &#038; mobiliari som distribu\u00efdors oficials Ipe Cavalli. Per a m\u00e9s informaci\u00f3, visiti el nostre Showroom o contacti amb nosaltres.\n<\/p>\n<p>[\/vc_column_text][vc_row_inner][vc_column_inner]<style type=\"text\/css\">#bklyn_btn_6a093153ef8ad .bklyn-btn { color:#ffffff !important; background-color:black !important; }<\/style><div id=\"bklyn_btn_6a093153ef8ad\" class=\"bklyn-btn-holder  bklyn-btn-center bklyn-btn-tablet-center bklyn-btn-mobile-center\"><a title=\"Contacto\"   href=\"\/contacto\" target=\"_self\" class=\"bklyn-btn  bklyn-btn-icon-left bklyn-btn-normal\" ><i class=\"fa fa-envelope\"><\/i><span class=\"ut-btn-text\">M\u00e9s informaci\u00f3<\/span><\/a><\/div>[\/vc_column_inner][\/vc_row_inner][\/vc_column][\/vc_row]<\/p>\n<\/div>","protected":false},"excerpt":{"rendered":"<p>[vc_row css=&#8221;.vc_custom_1583596731269{margin-left: -50px !important;}&#8221;][vc_column][vc_column_text]Enrere[\/vc_column_text][\/vc_column][\/vc_row][vc_row][vc_column][vc_column_text] Ipe Cavalli \u00e9s una prestigiosa firma italiana de mobiliari contemporani d\u2019alta gamma que actualment forma part del grup empresarial Vissionaire. Els or\u00edgens de la firma es remunten al 1959, quan els germans Carlo, Pompeo i Vittorio Cavalli fan fundar l\u2019empresa IPE. En pocs anys, IPE es va convertir en una de [&hellip;]<\/p>\n","protected":false},"author":1,"featured_media":0,"parent":0,"menu_order":0,"comment_status":"closed","ping_status":"closed","template":"","meta":{"footnotes":""},"class_list":["post-48602","page","type-page","status-publish","hentry"],"aioseo_notices":[],"_links":{"self":[{"href":"https:\/\/www.mirsa.es\/ca\/wp-json\/wp\/v2\/pages\/48602","targetHints":{"allow":["GET"]}}],"collection":[{"href":"https:\/\/www.mirsa.es\/ca\/wp-json\/wp\/v2\/pages"}],"about":[{"href":"https:\/\/www.mirsa.es\/ca\/wp-json\/wp\/v2\/types\/page"}],"author":[{"embeddable":true,"href":"https:\/\/www.mirsa.es\/ca\/wp-json\/wp\/v2\/users\/1"}],"replies":[{"embeddable":true,"href":"https:\/\/www.mirsa.es\/ca\/wp-json\/wp\/v2\/comments?post=48602"}],"version-history":[{"count":0,"href":"https:\/\/www.mirsa.es\/ca\/wp-json\/wp\/v2\/pages\/48602\/revisions"}],"wp:attachment":[{"href":"https:\/\/www.mirsa.es\/ca\/wp-json\/wp\/v2\/media?parent=48602"}],"curies":[{"name":"wp","href":"https:\/\/api.w.org\/{rel}","templated":true}]}}