{"id":48579,"date":"2019-04-17T11:53:07","date_gmt":"2019-04-17T09:53:07","guid":{"rendered":"http:\/\/www.mirsa.es.mialias.net\/ink-line-riva-1920\/"},"modified":"2021-01-02T12:04:21","modified_gmt":"2021-01-02T12:04:21","slug":"ink-line-riva-1920","status":"publish","type":"page","link":"https:\/\/www.mirsa.es\/ca\/ink-line-riva-1920\/","title":{"rendered":"Inkline Riva 1920"},"content":{"rendered":"<div class=\"wpb-content-wrapper\"><p>[vc_row css=&#8221;.vc_custom_1583596731269{margin-left: -50px !important;}&#8221;][vc_column][vc_column_text]<a href=\"javascript:history.go(-1)\" onmouseover=\"self.status=document.referrer;return true\" style=\"color: black;\">Atr\u00e1s<\/a>[\/vc_column_text][\/vc_column][\/vc_row][vc_row][vc_column][vc_column_text]<\/p>\n<h5><img decoding=\"async\" class=\"wp-image-1077 size-large aligncenter\" title=\"Inkline Riva 1920\" src=\"\/wp-content\/uploads\/2020\/08\/inkline_riva_1920.jpg\" alt=\"Inkline Riva 1920\" width=\"100%\" height=\"400\" \/><\/h5>\n<p style=\"font-size: 16px; text-align: left;\"><strong>Inkline de la firma italiana Riva 1920 \u00e9s un elegant aparador de fusta massissa patentada pel prestigi\u00f3s dissenyador Karim Rashid.<\/strong><\/p>\n<p style=\"font-size: 16px; text-align: left;\">Es tracta d\u2019un exclusiu aparador de fusta massissa i contraxapat, que destaca pels seus laterals arrodonits i pel seu taulell s\u00f2lid i resistent,\n<\/p>\n<p style=\"font-size: 16px; text-align: left;\">El dissenyador deixa un espai central en l\u2019estructura de l\u2019aparador, que actua com a separador entre les dues files de calaixos, aportant eleg\u00e0ncia i lleugeresa a la col\u00b7lecci\u00f3.<\/p>\n<p style=\"font-size: 16px; text-align: left;\">A MIRSA interiorisme &#038; mobiliari disposem d\u2019una extensa col\u00b7lecci\u00f3 de productes Riva 1920. Per a m\u00e9s informaci\u00f3, visiti el nostre Showroom o contacti amb nosaltres.<\/p>\n<p>[\/vc_column_text][vc_row_inner][vc_column_inner]<style type=\"text\/css\">#bklyn_btn_69d1d24dd9ad9 .bklyn-btn { color:#ffffff !important; background-color:black !important; }<\/style><div id=\"bklyn_btn_69d1d24dd9ad9\" class=\"bklyn-btn-holder  bklyn-btn-center bklyn-btn-tablet-center bklyn-btn-mobile-center\"><a title=\"Contacto\"   href=\"\/contacto\" target=\"_self\" class=\"bklyn-btn  bklyn-btn-icon-left bklyn-btn-normal\" ><i class=\"fa fa-envelope\"><\/i><span class=\"ut-btn-text\">M\u00e9s informaci\u00f3<\/span><\/a><\/div>[\/vc_column_inner][\/vc_row_inner][\/vc_column][\/vc_row]<\/p>\n<\/div>","protected":false},"excerpt":{"rendered":"<p>[vc_row css=&#8221;.vc_custom_1583596731269{margin-left: -50px !important;}&#8221;][vc_column][vc_column_text]Atr\u00e1s[\/vc_column_text][\/vc_column][\/vc_row][vc_row][vc_column][vc_column_text] Inkline de la firma italiana Riva 1920 \u00e9s un elegant aparador de fusta massissa patentada pel prestigi\u00f3s dissenyador Karim Rashid. Es tracta d\u2019un exclusiu aparador de fusta massissa i contraxapat, que destaca pels seus laterals arrodonits i pel seu taulell s\u00f2lid i resistent, El dissenyador deixa un espai central en l\u2019estructura [&hellip;]<\/p>\n","protected":false},"author":1,"featured_media":0,"parent":0,"menu_order":0,"comment_status":"closed","ping_status":"closed","template":"","meta":{"footnotes":""},"class_list":["post-48579","page","type-page","status-publish","hentry"],"aioseo_notices":[],"_links":{"self":[{"href":"https:\/\/www.mirsa.es\/ca\/wp-json\/wp\/v2\/pages\/48579","targetHints":{"allow":["GET"]}}],"collection":[{"href":"https:\/\/www.mirsa.es\/ca\/wp-json\/wp\/v2\/pages"}],"about":[{"href":"https:\/\/www.mirsa.es\/ca\/wp-json\/wp\/v2\/types\/page"}],"author":[{"embeddable":true,"href":"https:\/\/www.mirsa.es\/ca\/wp-json\/wp\/v2\/users\/1"}],"replies":[{"embeddable":true,"href":"https:\/\/www.mirsa.es\/ca\/wp-json\/wp\/v2\/comments?post=48579"}],"version-history":[{"count":0,"href":"https:\/\/www.mirsa.es\/ca\/wp-json\/wp\/v2\/pages\/48579\/revisions"}],"wp:attachment":[{"href":"https:\/\/www.mirsa.es\/ca\/wp-json\/wp\/v2\/media?parent=48579"}],"curies":[{"name":"wp","href":"https:\/\/api.w.org\/{rel}","templated":true}]}}