{"id":48573,"date":"2018-06-09T12:33:01","date_gmt":"2018-06-09T10:33:01","guid":{"rendered":"http:\/\/www.mirsa.es.mialias.net\/ingo-maurer-iluminacion\/"},"modified":"2024-05-17T13:41:14","modified_gmt":"2024-05-17T13:41:14","slug":"ingo-maurer-iluminacion","status":"publish","type":"page","link":"https:\/\/www.mirsa.es\/ca\/ingo-maurer-iluminacion\/","title":{"rendered":"Ingo Maurer Il\u00b7luminaci\u00f3"},"content":{"rendered":"<div class=\"wpb-content-wrapper\"><p>[vc_row css=&#8221;.vc_custom_1583596731269{margin-left: -50px !important;}&#8221;][vc_column][vc_column_text]<a style=\"color:black;\" href=\"javascript:history.go(-1)\" onmouseover=\"self.status=document.referrer;return true\">Enrere<\/a>[\/vc_column_text][\/vc_column][\/vc_row][vc_row][vc_column][vc_column_text]<\/p>\n<h5><img decoding=\"async\" class=\"wp-image-1077 size-large aligncenter\" title=\"Ingo Maurer Il\u00b7luminaci\u00f3\" src=\"\/wp-content\/uploads\/2020\/06\/ingo_maurer_iluminacion.jpg\" alt=\"Ingo Maurer Iluminaci\u00f3n\" width=\"100%\" height=\"400\" \/><\/h5>\n<p style=\"font-size: 16px; text-align: left;\"><strong>Ingo Maurer \u00e9s una reconeguda marca dedicada a la comercialitzaci\u00f3 de productes d\u2019il\u00b7luminaci\u00f3 amb firma d\u2019autor.<\/strong><\/p>\n<p style=\"font-size: 16px; text-align: left;\">Actualment la firma \u00e9s una refer\u00e8ncia del disseny a nivel internacional, gr\u00e0cies a la seva experi\u00e8ncia i a la gran qualitat de les seves col\u00b7leccions. Els seus productes s\u00f3n admirats per interioristes i dissenyadors d\u2019arreu del m\u00f3n.<\/p>\n<p style=\"font-size: 16px; text-align: left;\">Els projectes de Ingo Maurer es caracteritzen per l\u2019est\u00e8tica dels seus productes, que proporcionen al mateix temps espais intrigants i agradables.<\/p>\n<p style=\"font-size: 16px; text-align: left;\">A MIRSA interiorisme &#038; mobiliari som distribu\u00efdors oficials Ingo Maurer. Per a m\u00e9s informaci\u00f3, visiti el nostre Showroom o contacti amb nosaltres.<\/p>\n<p>[\/vc_column_text][\/vc_column][\/vc_row]<\/p>\n<\/div>","protected":false},"excerpt":{"rendered":"<p>[vc_row css=&#8221;.vc_custom_1583596731269{margin-left: -50px !important;}&#8221;][vc_column][vc_column_text]Enrere[\/vc_column_text][\/vc_column][\/vc_row][vc_row][vc_column][vc_column_text] Ingo Maurer \u00e9s una reconeguda marca dedicada a la comercialitzaci\u00f3 de productes d\u2019il\u00b7luminaci\u00f3 amb firma d\u2019autor. Actualment la firma \u00e9s una refer\u00e8ncia del disseny a nivel internacional, gr\u00e0cies a la seva experi\u00e8ncia i a la gran qualitat de les seves col\u00b7leccions. Els seus productes s\u00f3n admirats per interioristes i dissenyadors d\u2019arreu [&hellip;]<\/p>\n","protected":false},"author":1,"featured_media":0,"parent":0,"menu_order":0,"comment_status":"closed","ping_status":"closed","template":"","meta":{"footnotes":""},"class_list":["post-48573","page","type-page","status-publish","hentry"],"aioseo_notices":[],"_links":{"self":[{"href":"https:\/\/www.mirsa.es\/ca\/wp-json\/wp\/v2\/pages\/48573","targetHints":{"allow":["GET"]}}],"collection":[{"href":"https:\/\/www.mirsa.es\/ca\/wp-json\/wp\/v2\/pages"}],"about":[{"href":"https:\/\/www.mirsa.es\/ca\/wp-json\/wp\/v2\/types\/page"}],"author":[{"embeddable":true,"href":"https:\/\/www.mirsa.es\/ca\/wp-json\/wp\/v2\/users\/1"}],"replies":[{"embeddable":true,"href":"https:\/\/www.mirsa.es\/ca\/wp-json\/wp\/v2\/comments?post=48573"}],"version-history":[{"count":0,"href":"https:\/\/www.mirsa.es\/ca\/wp-json\/wp\/v2\/pages\/48573\/revisions"}],"wp:attachment":[{"href":"https:\/\/www.mirsa.es\/ca\/wp-json\/wp\/v2\/media?parent=48573"}],"curies":[{"name":"wp","href":"https:\/\/api.w.org\/{rel}","templated":true}]}}