{"id":48492,"date":"2017-11-10T13:14:17","date_gmt":"2017-11-10T12:14:17","guid":{"rendered":"http:\/\/www.mirsa.es.mialias.net\/hypnos-maxalto\/"},"modified":"2020-12-31T08:46:31","modified_gmt":"2020-12-31T08:46:31","slug":"hypnos-maxalto","status":"publish","type":"page","link":"https:\/\/www.mirsa.es\/ca\/hypnos-maxalto\/","title":{"rendered":"Hypnos Maxalto"},"content":{"rendered":"<div class=\"wpb-content-wrapper\"><p>[vc_row][vc_column][vc_column_text]<\/p>\n<h5><img decoding=\"async\" class=\"wp-image-1077 size-large aligncenter\" title=\"Hypnos Maxalto\" src=\"\/wp-content\/uploads\/2020\/07\/hypnos_maxalto.jpg\" alt=\"Hypnos Maxalto\" width=\"100%\" height=\"400\"\/><\/h5>\n<p style=\"font-size: 16px; text-align: left;\"><strong>Hypnos de Maxalto \u00e9s el complement ideal per ambientar dormitoris o habitacions de mida redu\u00efda.<\/strong><\/p>\n<p style=\"font-size: 16px; text-align: left;\">Es tracta d\u2019un petit sistema d\u2019emmagatzematge dissenyat al 2002 per l\u2019itali\u00e0 Antonio Citterio, tota una refer\u00e8ncia en el m\u00f3n de l\u2019interiorisme. La col\u00b7lecci\u00f3 es presenta en diferents acabats, destacant la seva estructura, oberta, compacta i funcional.<\/p>\n<p style=\"font-size: 16px; text-align: left;\">A MIRSA interiorisme &#038; mobiliari som distribu\u00efdors oficials Maxalto. Per a m\u00e9s informaci\u00f3, visiti la nostra exposici\u00f3 o contacti amb nosaltres.\n<\/p>\n<p>[\/vc_column_text][vc_row_inner][vc_column_inner]<style type=\"text\/css\">#bklyn_btn_69d1d259142c5 .bklyn-btn { color:#ffffff !important; background-color:black !important; }<\/style><div id=\"bklyn_btn_69d1d259142c5\" class=\"bklyn-btn-holder  bklyn-btn-center bklyn-btn-tablet-center bklyn-btn-mobile-center\"><a title=\"Contacto\"   href=\"\/contacto\" target=\"_self\" class=\"bklyn-btn  bklyn-btn-icon-left bklyn-btn-normal\" ><i class=\"fa fa-envelope\"><\/i><span class=\"ut-btn-text\">M\u00e9s informaci\u00f3<\/span><\/a><\/div>[\/vc_column_inner][\/vc_row_inner][\/vc_column][\/vc_row]<\/p>\n<\/div>","protected":false},"excerpt":{"rendered":"<p>[vc_row][vc_column][vc_column_text] Hypnos de Maxalto \u00e9s el complement ideal per ambientar dormitoris o habitacions de mida redu\u00efda. Es tracta d\u2019un petit sistema d\u2019emmagatzematge dissenyat al 2002 per l\u2019itali\u00e0 Antonio Citterio, tota una refer\u00e8ncia en el m\u00f3n de l\u2019interiorisme. La col\u00b7lecci\u00f3 es presenta en diferents acabats, destacant la seva estructura, oberta, compacta i funcional. A MIRSA interiorisme [&hellip;]<\/p>\n","protected":false},"author":1,"featured_media":0,"parent":0,"menu_order":0,"comment_status":"closed","ping_status":"closed","template":"","meta":{"footnotes":""},"class_list":["post-48492","page","type-page","status-publish","hentry"],"aioseo_notices":[],"_links":{"self":[{"href":"https:\/\/www.mirsa.es\/ca\/wp-json\/wp\/v2\/pages\/48492","targetHints":{"allow":["GET"]}}],"collection":[{"href":"https:\/\/www.mirsa.es\/ca\/wp-json\/wp\/v2\/pages"}],"about":[{"href":"https:\/\/www.mirsa.es\/ca\/wp-json\/wp\/v2\/types\/page"}],"author":[{"embeddable":true,"href":"https:\/\/www.mirsa.es\/ca\/wp-json\/wp\/v2\/users\/1"}],"replies":[{"embeddable":true,"href":"https:\/\/www.mirsa.es\/ca\/wp-json\/wp\/v2\/comments?post=48492"}],"version-history":[{"count":0,"href":"https:\/\/www.mirsa.es\/ca\/wp-json\/wp\/v2\/pages\/48492\/revisions"}],"wp:attachment":[{"href":"https:\/\/www.mirsa.es\/ca\/wp-json\/wp\/v2\/media?parent=48492"}],"curies":[{"name":"wp","href":"https:\/\/api.w.org\/{rel}","templated":true}]}}