{"id":48440,"date":"2019-01-10T19:05:41","date_gmt":"2019-01-10T18:05:41","guid":{"rendered":"http:\/\/www.mirsa.es.mialias.net\/hella-jongerius-colecciones\/"},"modified":"2024-06-01T09:18:07","modified_gmt":"2024-06-01T09:18:07","slug":"hella-jongerius-colecciones","status":"publish","type":"page","link":"https:\/\/www.mirsa.es\/ca\/hella-jongerius-colecciones\/","title":{"rendered":"Hella Jongerius Col\u00b7leccions"},"content":{"rendered":"<div class=\"wpb-content-wrapper\"><p>[vc_section][vc_row full_width=&#8221;stretch_row_content&#8221;][vc_column][vc_column_text]<a style=\"color:black;\" href=\"javascript:history.go(-1)\" onmouseover=\"self.status=document.referrer;return true\">Atr\u00e1s<\/a>[\/vc_column_text][\/vc_column][\/vc_row][vc_row full_width=&#8221;stretch_row_content&#8221; css=&#8221;.vc_custom_1589961005492{margin-top: -15px !important;}&#8221;][vc_column width=&#8221;1\/3&#8243;]<div  class=\"wpb_content_element   clearfix\"><style type=\"text\/css\">#ut_am_6a092364d5241 { opacity: 1; }#ut_am_wrap_6a092364d5242 { text-align: left; }@media (min-width: 768px) and (max-width: 1024px) { #ut_am_wrap_6a092364d5242 { text-align: left !important; } }@media (max-width: 767px) { #ut_am_wrap_6a092364d5242 { text-align: center !important; } }<\/style><div id=\"ut_am_wrap_6a092364d5242\" class=\"ut-image-gallery-image \"><div id=\"ut_reveal_6a092364d5243\"  data-appear-top-offset=\"auto\" class=\"ut-animated-image-item ut-image-gallery-item ut-animation-done \"><a class=\"ut-deactivated-link\" href=\"#\"><div class=\"ut-animated-image-zoom\">\r\n        <div class=\"ut-element-glitch-wrap\">\r\n\r\n            \r\n        <style type=\"text\/css\">\r\n\r\n                        \r\n        @media (min-width: 1025px) {\r\n\r\n        #ut-element-glitch-6a092364d5266345188612-30253 .ut-glitch-single-element {\r\n                                            \r\n                }\r\n        }\r\n\r\n        @media (min-width: 768px) and (max-width: 1024px) {\r\n\r\n        #ut-element-glitch-6a092364d5266345188612-30253 .ut-glitch-single-element {\r\n                                                \r\n                    }\r\n        }\r\n\r\n        @media (max-width: 767px) {\r\n\r\n        #ut-element-glitch-6a092364d5266345188612-30253 .ut-glitch-single-element {\r\n                                                \r\n                    }\r\n        }\r\n\r\n        \r\n        <\/style>\r\n\r\n        \r\n            <div id=\"ut-element-glitch-6a092364d5266345188612-30253\" class=\" ut-element-glitch ut-glitch-none ut-element-glitch-permanent\">\r\n                <div class=\"ut-glitch-single-element ut-lozad skip-lazy\" data-background-image=\"https:\/\/www.mirsa.es\/wp-content\/uploads\/2020\/05\/hella_jongerius_dise\u00f1adora-600x433.jpg\"><\/div>\r\n                <div class=\"ut-glitch-single-element ut-lozad skip-lazy\" data-background-image=\"https:\/\/www.mirsa.es\/wp-content\/uploads\/2020\/05\/hella_jongerius_dise\u00f1adora-600x433.jpg\"><\/div>\r\n                <div class=\"ut-glitch-single-element ut-lozad skip-lazy\" data-background-image=\"https:\/\/www.mirsa.es\/wp-content\/uploads\/2020\/05\/hella_jongerius_dise\u00f1adora-600x433.jpg\"><\/div>\r\n                <div class=\"ut-glitch-single-element ut-lozad skip-lazy\" data-background-image=\"https:\/\/www.mirsa.es\/wp-content\/uploads\/2020\/05\/hella_jongerius_dise\u00f1adora-600x433.jpg\"><\/div>\r\n                <div class=\"ut-glitch-single-element ut-lozad skip-lazy\" data-background-image=\"https:\/\/www.mirsa.es\/wp-content\/uploads\/2020\/05\/hella_jongerius_dise\u00f1adora-600x433.jpg\"><\/div>\r\n            <\/div>\r\n\r\n        <\/div>\r\n\r\n        <img loading=\"lazy\" decoding=\"async\" class=\"ut-lazy skip-lazy ut-animated-image \"  id=\"ut_am_6a092364d5241\" src=\"data:image\/svg+xml;charset=utf-8,%3Csvg xmlns%3D'http%3A%2F%2Fwww.w3.org%2F2000%2Fsvg' viewBox%3D'0 0 600 433'%2F%3E\" data-src=\"https:\/\/www.mirsa.es\/wp-content\/uploads\/2020\/05\/hella_jongerius_dise\u00f1adora-600x433.jpg\" width=\"600\" height=\"433\" alt=\"\"\/><\/div><\/a><\/div><\/div><\/div>[\/vc_column][vc_column width=&#8221;2\/3&#8243;][vc_column_text]Hella Jongerius es una prestigiosa dissenyadora neerlandesa que destaca per la seva manera de combinar estils contemporanis amb t\u00e8cniques tradicionals, donant com a resultat un producte \u00fanic i sofisticat.<\/p>\n<p>Al 1993 va fundar el seu propi estudi de disseny anomenat Jongeriuslab, en el qual ha desenvolupat projectes independents i ha creat col\u00b7leccions per a grans multinacionals com Manharan, IKEA o KLM.<\/p>\n<p>Jongerius ha col\u00b7laborat tamb\u00e9 amb algunes de les millors marques de mobiliari com Kettal, Vitra o Artek. Per a Vitra ha creat dues de les seves col\u00b7leccions m\u00e9s ic\u00f2niques com el sof\u00e0 Polder i la cadira East River.<\/p>\n<p>Les seves creacions han estat exposades en algunes de les galeries d&#8217;art m\u00e9s prestigioses del m\u00f3n, com la Galerie Kreo de Par\u00eds, el Design Museum a Londres o la Moss Gallery de Nova York.<\/p>\n<p>A MIRSA interiorisme &amp; mobiliari disposem en exclusiva d&#8217;una selecci\u00f3 de les millors col\u00b7leccions de Hella Jongerius. Per a m\u00e9s informaci\u00f3, visiti el nostre Showroom o contacti amb nosaltres.<br \/>\n[\/vc_column_text][\/vc_column][\/vc_row][vc_row full_width=&#8221;stretch_row_content_no_spaces&#8221; css=&#8221;.vc_custom_1589960397272{margin-top: -20px !important;}&#8221;][vc_column][vc_separator color=&#8221;custom&#8221; accent_color=&#8221;#c7c2ba&#8221;][\/vc_column][\/vc_row][vc_row full_width=&#8221;stretch_row_content&#8221; css=&#8221;.vc_custom_1589964968246{margin-top: -20px !important;}&#8221;][vc_column][vc_column_text]<iframe id=\"embedded-ads-iframe-website\" width=\"100%\" height=\"600\" data-originsrc=\"https:\/\/mirsa.daloom.com\/es\/productos\/disenadore_hella-jongerius\"><\/iframe><br \/>\n<script defer src=\"https:\/\/mirsa.daloom.com\/js\/parent-embedded-script.min.js\"><\/script>[\/vc_column_text][\/vc_column][\/vc_row][\/vc_section]<\/p>\n<\/div>","protected":false},"excerpt":{"rendered":"<p>[vc_section][vc_row full_width=&#8221;stretch_row_content&#8221;][vc_column][vc_column_text]Atr\u00e1s[\/vc_column_text][\/vc_column][\/vc_row][vc_row full_width=&#8221;stretch_row_content&#8221; css=&#8221;.vc_custom_1589961005492{margin-top: -15px !important;}&#8221;][vc_column width=&#8221;1\/3&#8243;][\/vc_column][vc_column width=&#8221;2\/3&#8243;][vc_column_text]Hella Jongerius es una prestigiosa dissenyadora neerlandesa que destaca per la seva manera de combinar estils contemporanis amb t\u00e8cniques tradicionals, donant com a resultat un producte \u00fanic i sofisticat. Al 1993 va fundar el seu propi estudi de disseny anomenat Jongeriuslab, en el qual ha desenvolupat projectes independents [&hellip;]<\/p>\n","protected":false},"author":1,"featured_media":0,"parent":0,"menu_order":0,"comment_status":"closed","ping_status":"closed","template":"","meta":{"footnotes":""},"class_list":["post-48440","page","type-page","status-publish","hentry"],"aioseo_notices":[],"_links":{"self":[{"href":"https:\/\/www.mirsa.es\/ca\/wp-json\/wp\/v2\/pages\/48440","targetHints":{"allow":["GET"]}}],"collection":[{"href":"https:\/\/www.mirsa.es\/ca\/wp-json\/wp\/v2\/pages"}],"about":[{"href":"https:\/\/www.mirsa.es\/ca\/wp-json\/wp\/v2\/types\/page"}],"author":[{"embeddable":true,"href":"https:\/\/www.mirsa.es\/ca\/wp-json\/wp\/v2\/users\/1"}],"replies":[{"embeddable":true,"href":"https:\/\/www.mirsa.es\/ca\/wp-json\/wp\/v2\/comments?post=48440"}],"version-history":[{"count":0,"href":"https:\/\/www.mirsa.es\/ca\/wp-json\/wp\/v2\/pages\/48440\/revisions"}],"wp:attachment":[{"href":"https:\/\/www.mirsa.es\/ca\/wp-json\/wp\/v2\/media?parent=48440"}],"curies":[{"name":"wp","href":"https:\/\/api.w.org\/{rel}","templated":true}]}}