{"id":48435,"date":"2019-03-20T10:50:58","date_gmt":"2019-03-20T09:50:58","guid":{"rendered":"http:\/\/www.mirsa.es.mialias.net\/harry-large-bb-italia\/"},"modified":"2020-12-30T11:46:18","modified_gmt":"2020-12-30T11:46:18","slug":"harry-large-bb-italia","status":"publish","type":"page","link":"https:\/\/www.mirsa.es\/ca\/harry-large-bb-italia\/","title":{"rendered":"Harry Large B&#038;B Italia"},"content":{"rendered":"<div class=\"wpb-content-wrapper\"><p>[vc_row][vc_column][vc_column_text]<\/p>\n<h5><img decoding=\"async\" class=\"wp-image-1077 size-large aligncenter\" title=\"Harry Large B&#038;B Italia\" src=\"\/wp-content\/uploads\/2020\/07\/harry_large_bb_italia_preview.jpg\" alt=\"Harry Large B&#038;B Italia\" width=\"100%\" height=\"400\" \/><\/h5>\n<p style=\"font-size: 16px; text-align: left;\"><strong>Harry Large \u00e9s un espectacular puff de disseny contemporani dissenyat pel prestigi\u00f3s Antonio Citterio per a la firma B&#038;B Italia, que destaca per les seves grans dimensions.<\/strong><\/p>\n<p style=\"font-size: 16px; text-align: left;\">La pe\u00e7a \u00e9s un petit homenatge a Harry Bertola, un dels grans Mestres del segle XX. Es tracta d\u2019un elegant puff que tamb\u00e9 pot ser utilitzat com a superf\u00edcie de suport, oferint aix\u00ed m\u00faltiples solucions pel sal\u00f3.<\/p>\n<p style=\"font-size: 16px; text-align: left;\">Harry Large va ser presentat al 1995 i gr\u00e0cies a la seva atemporalitat, s\u2019ha convertit en una de les col\u00b7leccions m\u00e9s ic\u00f2niques de B&#038;B Italia. La pe\u00e7a representa un equilibri formal entre disseny i funcionalitat, destacant per la seva espectacular est\u00e8tica contempor\u00e0nia i garantint la m\u00e0xima comoditat.<\/p>\n<p style=\"font-size: 16px; text-align: left;\">A MIRSA interiorisme &#038; mobiliari som distribu\u00efdors oficials B&#038;B Italia. Per a m\u00e9s informaci\u00f3, visiti el nostre Showoom o contacti amb nosaltres.\n<\/p>\n<p>[\/vc_column_text][vc_row_inner][vc_column_inner]<style type=\"text\/css\">#bklyn_btn_69d1893325f1c .bklyn-btn { color:#ffffff !important; background-color:black !important; }<\/style><div id=\"bklyn_btn_69d1893325f1c\" class=\"bklyn-btn-holder  bklyn-btn-center bklyn-btn-tablet-center bklyn-btn-mobile-center\"><a title=\"Contacto\"   href=\"\/contacto\" target=\"_self\" class=\"bklyn-btn  bklyn-btn-icon-left bklyn-btn-normal\" ><i class=\"fa fa-envelope\"><\/i><span class=\"ut-btn-text\">M\u00e9s informaci\u00f3<\/span><\/a><\/div>[\/vc_column_inner][\/vc_row_inner][\/vc_column][\/vc_row]<\/p>\n<\/div>","protected":false},"excerpt":{"rendered":"<p>[vc_row][vc_column][vc_column_text] Harry Large \u00e9s un espectacular puff de disseny contemporani dissenyat pel prestigi\u00f3s Antonio Citterio per a la firma B&#038;B Italia, que destaca per les seves grans dimensions. La pe\u00e7a \u00e9s un petit homenatge a Harry Bertola, un dels grans Mestres del segle XX. Es tracta d\u2019un elegant puff que tamb\u00e9 pot ser utilitzat com [&hellip;]<\/p>\n","protected":false},"author":1,"featured_media":0,"parent":0,"menu_order":0,"comment_status":"closed","ping_status":"closed","template":"","meta":{"footnotes":""},"class_list":["post-48435","page","type-page","status-publish","hentry"],"aioseo_notices":[],"_links":{"self":[{"href":"https:\/\/www.mirsa.es\/ca\/wp-json\/wp\/v2\/pages\/48435","targetHints":{"allow":["GET"]}}],"collection":[{"href":"https:\/\/www.mirsa.es\/ca\/wp-json\/wp\/v2\/pages"}],"about":[{"href":"https:\/\/www.mirsa.es\/ca\/wp-json\/wp\/v2\/types\/page"}],"author":[{"embeddable":true,"href":"https:\/\/www.mirsa.es\/ca\/wp-json\/wp\/v2\/users\/1"}],"replies":[{"embeddable":true,"href":"https:\/\/www.mirsa.es\/ca\/wp-json\/wp\/v2\/comments?post=48435"}],"version-history":[{"count":0,"href":"https:\/\/www.mirsa.es\/ca\/wp-json\/wp\/v2\/pages\/48435\/revisions"}],"wp:attachment":[{"href":"https:\/\/www.mirsa.es\/ca\/wp-json\/wp\/v2\/media?parent=48435"}],"curies":[{"name":"wp","href":"https:\/\/api.w.org\/{rel}","templated":true}]}}