{"id":48426,"date":"2019-07-31T17:24:48","date_gmt":"2019-07-31T15:24:48","guid":{"rendered":"http:\/\/www.mirsa.es.mialias.net\/hang-desalto\/"},"modified":"2020-12-30T11:26:43","modified_gmt":"2020-12-30T11:26:43","slug":"hang-desalto","status":"publish","type":"page","link":"https:\/\/www.mirsa.es\/ca\/hang-desalto\/","title":{"rendered":"Hang Desalto"},"content":{"rendered":"<div class=\"wpb-content-wrapper\"><p>[vc_row][vc_column][vc_column_text]<\/p>\n<h5><img decoding=\"async\" class=\"wp-image-1077 size-large aligncenter\" title=\"Hang Desalto\" src=\"\/wp-content\/uploads\/2020\/08\/hang_desalto.jpg\" alt=\"Hang Desalto\" width=\"100%\" height=\"400\" \/><\/h5>\n<p style=\"font-size: 16px; text-align: left;\"><strong>Hang de la prestigiosa firma italiana Desalto \u00e9s un elegant i funcional sistema de prestatgeries dissenyat pel prestigi\u00f3s dissenyador Claudio Caramel.<\/strong><\/p>\n<p style=\"font-size: 16px; text-align: left;\">Es tracta d\u2019un sistema realitzat amb les tecnologies m\u00e9s avan\u00e7ades que pot ocupar tota una paret o combinar-se sense final de l\u00ednia.<\/p>\n<p style=\"font-size: 16px; text-align: left;\">Mitjan\u00e7ant un innovador mecanisme, els estants permeten crear angles exactes de 90\u00ba respecte a la paret.<\/p>\n<p style=\"font-size: 16px; text-align: left;\">La col\u00b7lecci\u00f3 destaca per la seva versatilitat i polival\u00e8ncia, ja que permet m\u00faltiples opcions de configuracions i s\u2019adapta amb facilitat a qualsevol mena d\u2019espai.<\/p>\n<p style=\"font-size: 16px; text-align: left;\">A MIRSA interiorisme &#038; mobiliari som distribu\u00efdors oficials Desalto. Per a m\u00e9s informaci\u00f3, visiti el nostre Showroom o contacti amb nosaltres.<\/p>\n<p>[\/vc_column_text][vc_row_inner][vc_column_inner]<style type=\"text\/css\">#bklyn_btn_69d1d210b097f .bklyn-btn { color:#ffffff !important; background-color:black !important; }<\/style><div id=\"bklyn_btn_69d1d210b097f\" class=\"bklyn-btn-holder  bklyn-btn-center bklyn-btn-tablet-center bklyn-btn-mobile-center\"><a title=\"Contacto\"   href=\"\/contacto\" target=\"_self\" class=\"bklyn-btn  bklyn-btn-icon-left bklyn-btn-normal\" ><i class=\"fa fa-envelope\"><\/i><span class=\"ut-btn-text\">M\u00e9s informaci\u00f3<\/span><\/a><\/div>[\/vc_column_inner][\/vc_row_inner][\/vc_column][\/vc_row]<\/p>\n<\/div>","protected":false},"excerpt":{"rendered":"<p>[vc_row][vc_column][vc_column_text] Hang de la prestigiosa firma italiana Desalto \u00e9s un elegant i funcional sistema de prestatgeries dissenyat pel prestigi\u00f3s dissenyador Claudio Caramel. Es tracta d\u2019un sistema realitzat amb les tecnologies m\u00e9s avan\u00e7ades que pot ocupar tota una paret o combinar-se sense final de l\u00ednia. Mitjan\u00e7ant un innovador mecanisme, els estants permeten crear angles exactes de [&hellip;]<\/p>\n","protected":false},"author":1,"featured_media":0,"parent":0,"menu_order":0,"comment_status":"closed","ping_status":"closed","template":"","meta":{"footnotes":""},"class_list":["post-48426","page","type-page","status-publish","hentry"],"aioseo_notices":[],"_links":{"self":[{"href":"https:\/\/www.mirsa.es\/ca\/wp-json\/wp\/v2\/pages\/48426","targetHints":{"allow":["GET"]}}],"collection":[{"href":"https:\/\/www.mirsa.es\/ca\/wp-json\/wp\/v2\/pages"}],"about":[{"href":"https:\/\/www.mirsa.es\/ca\/wp-json\/wp\/v2\/types\/page"}],"author":[{"embeddable":true,"href":"https:\/\/www.mirsa.es\/ca\/wp-json\/wp\/v2\/users\/1"}],"replies":[{"embeddable":true,"href":"https:\/\/www.mirsa.es\/ca\/wp-json\/wp\/v2\/comments?post=48426"}],"version-history":[{"count":0,"href":"https:\/\/www.mirsa.es\/ca\/wp-json\/wp\/v2\/pages\/48426\/revisions"}],"wp:attachment":[{"href":"https:\/\/www.mirsa.es\/ca\/wp-json\/wp\/v2\/media?parent=48426"}],"curies":[{"name":"wp","href":"https:\/\/api.w.org\/{rel}","templated":true}]}}