{"id":48408,"date":"2018-06-09T10:01:09","date_gmt":"2018-06-09T08:01:09","guid":{"rendered":"http:\/\/www.mirsa.es.mialias.net\/gubi-muebles\/"},"modified":"2024-05-21T16:20:35","modified_gmt":"2024-05-21T16:20:35","slug":"gubi-muebles","status":"publish","type":"page","link":"https:\/\/www.mirsa.es\/ca\/gubi-muebles\/","title":{"rendered":"Gubi Mobles"},"content":{"rendered":"<div class=\"wpb-content-wrapper\"><p>[vc_row css=&#8221;.vc_custom_1583596731269{margin-left: -50px !important;}&#8221;][vc_column][vc_column_text]<a style=\"color: black;\">Enrere<\/a>[\/vc_column_text][\/vc_column][\/vc_row][vc_row][vc_column][vc_column_text]<\/p>\n<h5><img decoding=\"async\" class=\"wp-image-1077 size-large aligncenter\" title=\"Gubi Muebles\" src=\"\/wp-content\/uploads\/2020\/06\/gubi_muebles.jpg\" alt=\"Gubi Muebles\" width=\"100%\" height=\"400\" \/><\/h5>\n<p style=\"font-size: 16px; text-align: left;\"><strong>Gubi \u00e9s una reconeguda firma danesa dedicada a la producci\u00f3 i distribuci\u00f3 de mobles de disseny d\u2019alta gamma.<\/strong><\/p>\n<p style=\"font-size: 16px; text-align: left;\">Gr\u00e0cies al seu estil elegant i equilibrat i a la gran qualitat de tots els seus productes, la marca s\u2019ha convertit en una refer\u00e8ncia internacional del disseny.<\/p>\n<p style=\"font-size: 16px; text-align: left;\">La innovaci\u00f3 i la passi\u00f3 pel treball ben fet han estat components clau per a l\u2019\u00e8xit de les seves col\u00b7leccions, algunes d\u2019elles firmades per prestigiosos dissenyadors com a Mathieu Mat\u00e9got o Poul Christlansen.<\/p>\n<p style=\"font-size: 16px; text-align: left;\">A MIRSA interiorisme &#038; mobiliari disposem d\u2019una extensa gamma de productes Gubi. Per a m\u00e9s informaci\u00f3, visiti la nostra exposici\u00f3 o contacti amb nosaltres.<\/p>\n<p>[\/vc_column_text][\/vc_column][\/vc_row]<\/p>\n<\/div>","protected":false},"excerpt":{"rendered":"<p>[vc_row css=&#8221;.vc_custom_1583596731269{margin-left: -50px !important;}&#8221;][vc_column][vc_column_text]Enrere[\/vc_column_text][\/vc_column][\/vc_row][vc_row][vc_column][vc_column_text] Gubi \u00e9s una reconeguda firma danesa dedicada a la producci\u00f3 i distribuci\u00f3 de mobles de disseny d\u2019alta gamma. Gr\u00e0cies al seu estil elegant i equilibrat i a la gran qualitat de tots els seus productes, la marca s\u2019ha convertit en una refer\u00e8ncia internacional del disseny. La innovaci\u00f3 i la passi\u00f3 pel [&hellip;]<\/p>\n","protected":false},"author":1,"featured_media":0,"parent":0,"menu_order":0,"comment_status":"closed","ping_status":"closed","template":"","meta":{"footnotes":""},"class_list":["post-48408","page","type-page","status-publish","hentry"],"aioseo_notices":[],"_links":{"self":[{"href":"https:\/\/www.mirsa.es\/ca\/wp-json\/wp\/v2\/pages\/48408","targetHints":{"allow":["GET"]}}],"collection":[{"href":"https:\/\/www.mirsa.es\/ca\/wp-json\/wp\/v2\/pages"}],"about":[{"href":"https:\/\/www.mirsa.es\/ca\/wp-json\/wp\/v2\/types\/page"}],"author":[{"embeddable":true,"href":"https:\/\/www.mirsa.es\/ca\/wp-json\/wp\/v2\/users\/1"}],"replies":[{"embeddable":true,"href":"https:\/\/www.mirsa.es\/ca\/wp-json\/wp\/v2\/comments?post=48408"}],"version-history":[{"count":0,"href":"https:\/\/www.mirsa.es\/ca\/wp-json\/wp\/v2\/pages\/48408\/revisions"}],"wp:attachment":[{"href":"https:\/\/www.mirsa.es\/ca\/wp-json\/wp\/v2\/media?parent=48408"}],"curies":[{"name":"wp","href":"https:\/\/api.w.org\/{rel}","templated":true}]}}