{"id":48362,"date":"2018-10-27T19:56:55","date_gmt":"2018-10-27T17:56:55","guid":{"rendered":"http:\/\/www.mirsa.es.mialias.net\/gordon-guillaumier-colecciones\/"},"modified":"2024-06-01T08:50:14","modified_gmt":"2024-06-01T08:50:14","slug":"gordon-guillaumier-colecciones","status":"publish","type":"page","link":"https:\/\/www.mirsa.es\/ca\/gordon-guillaumier-colecciones\/","title":{"rendered":"Gordon Guillaumier Col\u00b7leccions"},"content":{"rendered":"<div class=\"wpb-content-wrapper\"><p>[vc_section][vc_row full_width=&#8221;stretch_row_content&#8221;][vc_column][vc_column_text css=&#8221;&#8221;]<a style=\"color:black;\" href=\"javascript:history.go(-1)\" onmouseover=\"self.status=document.referrer;return true\">Enrere<\/a>[\/vc_column_text][\/vc_column][\/vc_row][vc_row full_width=&#8221;stretch_row_content&#8221; css=&#8221;.vc_custom_1589961005492{margin-top: -15px !important;}&#8221;][vc_column width=&#8221;1\/3&#8243;]<div  class=\"wpb_content_element   clearfix\"><style type=\"text\/css\">#ut_am_6a0923682e1a4 { opacity: 1; }#ut_am_wrap_6a0923682e1a5 { text-align: left; }@media (min-width: 768px) and (max-width: 1024px) { #ut_am_wrap_6a0923682e1a5 { text-align: left !important; } }@media (max-width: 767px) { #ut_am_wrap_6a0923682e1a5 { text-align: center !important; } }<\/style><div id=\"ut_am_wrap_6a0923682e1a5\" class=\"ut-image-gallery-image \"><div id=\"ut_reveal_6a0923682e1a6\"  data-appear-top-offset=\"auto\" class=\"ut-animated-image-item ut-image-gallery-item ut-animation-done \"><a class=\"ut-deactivated-link\" href=\"#\"><div class=\"ut-animated-image-zoom\">\r\n        <div class=\"ut-element-glitch-wrap\">\r\n\r\n            \r\n        <style type=\"text\/css\">\r\n\r\n                        \r\n        @media (min-width: 1025px) {\r\n\r\n        #ut-element-glitch-6a0923682e1c8267099345-30248 .ut-glitch-single-element {\r\n                                            \r\n                }\r\n        }\r\n\r\n        @media (min-width: 768px) and (max-width: 1024px) {\r\n\r\n        #ut-element-glitch-6a0923682e1c8267099345-30248 .ut-glitch-single-element {\r\n                                                \r\n                    }\r\n        }\r\n\r\n        @media (max-width: 767px) {\r\n\r\n        #ut-element-glitch-6a0923682e1c8267099345-30248 .ut-glitch-single-element {\r\n                                                \r\n                    }\r\n        }\r\n\r\n        \r\n        <\/style>\r\n\r\n        \r\n            <div id=\"ut-element-glitch-6a0923682e1c8267099345-30248\" class=\" ut-element-glitch ut-glitch-none ut-element-glitch-permanent\">\r\n                <div class=\"ut-glitch-single-element ut-lozad skip-lazy\" data-background-image=\"https:\/\/www.mirsa.es\/wp-content\/uploads\/2020\/05\/gordon_guillaumier.jpg\"><\/div>\r\n                <div class=\"ut-glitch-single-element ut-lozad skip-lazy\" data-background-image=\"https:\/\/www.mirsa.es\/wp-content\/uploads\/2020\/05\/gordon_guillaumier.jpg\"><\/div>\r\n                <div class=\"ut-glitch-single-element ut-lozad skip-lazy\" data-background-image=\"https:\/\/www.mirsa.es\/wp-content\/uploads\/2020\/05\/gordon_guillaumier.jpg\"><\/div>\r\n                <div class=\"ut-glitch-single-element ut-lozad skip-lazy\" data-background-image=\"https:\/\/www.mirsa.es\/wp-content\/uploads\/2020\/05\/gordon_guillaumier.jpg\"><\/div>\r\n                <div class=\"ut-glitch-single-element ut-lozad skip-lazy\" data-background-image=\"https:\/\/www.mirsa.es\/wp-content\/uploads\/2020\/05\/gordon_guillaumier.jpg\"><\/div>\r\n            <\/div>\r\n\r\n        <\/div>\r\n\r\n        <img loading=\"lazy\" decoding=\"async\" class=\"ut-lazy skip-lazy ut-animated-image \"  id=\"ut_am_6a0923682e1a4\" src=\"data:image\/svg+xml;charset=utf-8,%3Csvg xmlns%3D'http%3A%2F%2Fwww.w3.org%2F2000%2Fsvg' viewBox%3D'0 0 600 600'%2F%3E\" data-src=\"https:\/\/www.mirsa.es\/wp-content\/uploads\/2020\/05\/gordon_guillaumier.jpg\" width=\"600\" height=\"600\" alt=\"\"\/><\/div><\/a><\/div><\/div><\/div>[\/vc_column][vc_column width=&#8221;2\/3&#8243;][vc_column_text]<br \/>\nGordon Guillaumier \u00e9s un reconegut arquitecte i dissenyador Malt\u00e8s que actualment treballa com a director art\u00edstic de la firma italiana Desalto.<\/p>\n<p>Guillaumier es va graduar en disseny industrial al IED de Mil\u00e0 del 1991 i posteriorment es va llicenciar a la prestigiosa universitat Domus Academy de Mil\u00e0.<\/p>\n<p>Al 1993, comen\u00e7a a donar-se a con\u00e8ixer al m\u00f3n del disseny gr\u00e0cies a les seves col\u00b7laboracions amb Rodolfo Dordoni, presentant els seus primers projectes per a Foscarini i altres marques de prestigi.<\/p>\n<p>Al 2002 decideix fundar el seu propi estudi d&#8217;arquitectura a Mil\u00e0, treballant en projectes arquitect\u00f2nics de primer nivell com a consultor d&#8217;interiorisme.<\/p>\n<p>Al 2006 va exercir com a professor a la reconeguda facultat de disseny industrial a la Universitat Polit\u00e8cnica de Mil\u00e0.<\/p>\n<p>Guillaumier ha treballat per algunes de les millors firmes internacionals de disseny com Arketipo, Fontana Arte, Minotti, Thonet&#8230;<\/p>\n<p>A MIRSA interiorisme &#038; mobiliari disposem d&#8217;una selecci\u00f3 de les millors col\u00b7leccions de Gordon Guillaumier. Per a m\u00e9s informaci\u00f3, visiti el nostre Showroom o contacti amb nosaltres.<br \/>\n[\/vc_column_text][\/vc_column][\/vc_row][vc_row full_width=&#8221;stretch_row_content_no_spaces&#8221; css=&#8221;.vc_custom_1589960397272{margin-top: -20px !important;}&#8221;][vc_column][vc_separator color=&#8221;custom&#8221; accent_color=&#8221;#c7c2ba&#8221;][\/vc_column][\/vc_row][vc_row full_width=&#8221;stretch_row_content&#8221; css=&#8221;.vc_custom_1589964968246{margin-top: -20px !important;}&#8221;][vc_column][vc_column_text]<iframe id=\"embedded-ads-iframe-website\" width=\"100%\" height=\"600\" data-originsrc=\"https:\/\/mirsa.daloom.com\/es\/productos\/disenadore_gordon-guillaumier\"><\/iframe><br \/>\n<script defer src=\"https:\/\/mirsa.daloom.com\/js\/parent-embedded-script.min.js\"><\/script>[\/vc_column_text][\/vc_column][\/vc_row][\/vc_section]<\/p>\n<\/div>","protected":false},"excerpt":{"rendered":"<p>[vc_section][vc_row full_width=&#8221;stretch_row_content&#8221;][vc_column][vc_column_text css=&#8221;&#8221;]Enrere[\/vc_column_text][\/vc_column][\/vc_row][vc_row full_width=&#8221;stretch_row_content&#8221; css=&#8221;.vc_custom_1589961005492{margin-top: -15px !important;}&#8221;][vc_column width=&#8221;1\/3&#8243;][\/vc_column][vc_column width=&#8221;2\/3&#8243;][vc_column_text] Gordon Guillaumier \u00e9s un reconegut arquitecte i dissenyador Malt\u00e8s que actualment treballa com a director art\u00edstic de la firma italiana Desalto. Guillaumier es va graduar en disseny industrial al IED de Mil\u00e0 del 1991 i posteriorment es va llicenciar a la prestigiosa universitat Domus Academy de [&hellip;]<\/p>\n","protected":false},"author":1,"featured_media":0,"parent":0,"menu_order":0,"comment_status":"closed","ping_status":"closed","template":"","meta":{"footnotes":""},"class_list":["post-48362","page","type-page","status-publish","hentry"],"aioseo_notices":[],"_links":{"self":[{"href":"https:\/\/www.mirsa.es\/ca\/wp-json\/wp\/v2\/pages\/48362","targetHints":{"allow":["GET"]}}],"collection":[{"href":"https:\/\/www.mirsa.es\/ca\/wp-json\/wp\/v2\/pages"}],"about":[{"href":"https:\/\/www.mirsa.es\/ca\/wp-json\/wp\/v2\/types\/page"}],"author":[{"embeddable":true,"href":"https:\/\/www.mirsa.es\/ca\/wp-json\/wp\/v2\/users\/1"}],"replies":[{"embeddable":true,"href":"https:\/\/www.mirsa.es\/ca\/wp-json\/wp\/v2\/comments?post=48362"}],"version-history":[{"count":0,"href":"https:\/\/www.mirsa.es\/ca\/wp-json\/wp\/v2\/pages\/48362\/revisions"}],"wp:attachment":[{"href":"https:\/\/www.mirsa.es\/ca\/wp-json\/wp\/v2\/media?parent=48362"}],"curies":[{"name":"wp","href":"https:\/\/api.w.org\/{rel}","templated":true}]}}